{"id":1324,"date":"2022-12-12T12:00:28","date_gmt":"2022-12-12T11:00:28","guid":{"rendered":"https:\/\/bringers.app\/shop\/?page_id=1324"},"modified":"2026-03-25T14:25:43","modified_gmt":"2026-03-25T13:25:43","slug":"zahlung-und-versand","status":"publish","type":"page","link":"https:\/\/bringers.app\/shop\/zahlung-und-versand\/","title":{"rendered":"Zahlung &#038; Versand"},"content":{"rendered":"<p>[et_pb_section fb_built=&#8221;1&#8243; disabled_on=&#8221;on|off|off&#8221; admin_label=&#8221;Headermenu mit Logo&#8221; _builder_version=&#8221;4.17.4&#8243; _module_preset=&#8221;default&#8221; background_enable_image=&#8221;off&#8221; custom_padding=&#8221;10px||10px||false|false&#8221; global_module=&#8221;199&#8243; saved_tabs=&#8221;all&#8221; collapsed=&#8221;off&#8221; global_colors_info=&#8221;{}&#8221;][et_pb_row disabled_on=&#8221;on|on|off&#8221; _builder_version=&#8221;4.17.4&#8243; _module_preset=&#8221;default&#8221; global_colors_info=&#8221;{}&#8221;][et_pb_column type=&#8221;4_4&#8243; _builder_version=&#8221;4.17.4&#8243; _module_preset=&#8221;default&#8221; global_colors_info=&#8221;{}&#8221;][et_pb_image src=&#8221;https:\/\/bringers.app\/shop\/wp-content\/uploads\/2023\/08\/logo.svg&#8221; title_text=&#8221;logo&#8221; url=&#8221;@ET-DC@eyJkeW5hbWljIjp0cnVlLCJjb250ZW50IjoicG9zdF9saW5rX3VybF9wYWdlIiwic2V0dGluZ3MiOnsicG9zdF9pZCI6IjM2In19@&#8221; align=&#8221;center&#8221; align_tablet=&#8221;&#8221; align_phone=&#8221;&#8221; align_last_edited=&#8221;on|phone&#8221; disabled_on=&#8221;on|off|off&#8221; admin_label=&#8221;Bild&#8221; _builder_version=&#8221;4.24.2&#8243; _dynamic_attributes=&#8221;url&#8221; _module_preset=&#8221;default&#8221; global_colors_info=&#8221;{}&#8221;][\/et_pb_image][\/et_pb_column][\/et_pb_row][et_pb_row disabled_on=&#8221;on|on|off&#8221; admin_label=&#8221;Zeile&#8221; _builder_version=&#8221;4.17.4&#8243; _module_preset=&#8221;default&#8221; custom_margin=&#8221;-14px|auto||auto|false|&#8221; custom_padding=&#8221;35px|||||&#8221; link_option_url=&#8221;\/shop&#8221; global_colors_info=&#8221;{}&#8221;][et_pb_column type=&#8221;4_4&#8243; _builder_version=&#8221;4.17.4&#8243; _module_preset=&#8221;default&#8221; global_colors_info=&#8221;{}&#8221;][et_pb_menu menu_id=&#8221;31&#8243; menu_style=&#8221;centered&#8221; active_link_color=&#8221;#A17E4C&#8221; disabled_on=&#8221;on|off|off&#8221; admin_label=&#8221;Men\u00fc&#8221; _builder_version=&#8221;4.17.4&#8243; _module_preset=&#8221;default&#8221; menu_font=&#8221;Quattrocento Bold|700||on|||||&#8221; menu_text_color=&#8221;#A17E4C&#8221; menu_font_size=&#8221;22px&#8221; menu_letter_spacing=&#8221;2px&#8221; global_colors_info=&#8221;{}&#8221;][\/et_pb_menu][\/et_pb_column][\/et_pb_row][\/et_pb_section][et_pb_section fb_built=&#8221;1&#8243; _builder_version=&#8221;4.16&#8243; _module_preset=&#8221;default&#8221; custom_padding=&#8221;80px||80px||false|false&#8221; global_colors_info=&#8221;{}&#8221;][et_pb_row _builder_version=&#8221;4.16&#8243; _module_preset=&#8221;default&#8221; custom_padding=&#8221;0px||0px||false|false&#8221; global_colors_info=&#8221;{}&#8221;][et_pb_column type=&#8221;4_4&#8243; _builder_version=&#8221;4.16&#8243; _module_preset=&#8221;default&#8221; global_colors_info=&#8221;{}&#8221;][et_pb_text _builder_version=&#8221;4.24.2&#8243; _module_preset=&#8221;default&#8221; header_font=&#8221;Quattrocento Bold|||on|||||&#8221; header_text_color=&#8221;#211452&#8243; header_font_size=&#8221;40px&#8221; header_letter_spacing=&#8221;2px&#8221; custom_margin=&#8221;||20px||false|false&#8221; header_font_size_tablet=&#8221;34px&#8221; header_font_size_phone=&#8221;28px&#8221; header_font_size_last_edited=&#8221;on|phone&#8221; global_colors_info=&#8221;{}&#8221;]<\/p>\n<h1>Zahlung &amp; Versand<\/h1>\n<p>[\/et_pb_text][et_pb_text _builder_version=&#8221;4.24.2&#8243; _module_preset=&#8221;default&#8221; module_alignment=&#8221;center&#8221; hover_enabled=&#8221;0&#8243; global_colors_info=&#8221;{}&#8221; sticky_enabled=&#8221;0&#8243;]<\/p>\n<p>Alle angegebenen Preise sind Nettopreise und in EURO (\u20ac) angegeben und verstehen sich exklusive der gesetzlichen Mehrwertsteuer der jeweiligen L\u00e4nder. Zus\u00e4tzlich zu den angegebenen Preisen berechnen wir eine Versandkostenpauschale.<\/p>\n<h2>\u00a0<\/h2>\n<h2>Versandbedingungen<\/h2>\n<p>Der Verkauf \u00fcber unseren Shop richtet sich ausschlie\u00dflich an gewerbliche Kunden, Unternehmen, Selbstst\u00e4ndige sowie \u00f6ffentliche Einrichtungen innerhalb Deutschlands.<\/p>\n<p>Die Lieferung erfolgt ausschlie\u00dflich innerhalb Deutschlands.<\/p>\n<p>Die Versandkosten betragen pauschal 10,00 \u20ac pro Bestellung innerhalb Deutschlands.<\/p>\n<p>Die Versandkosten werden im Bestellvorgang gesondert ausgewiesen.<\/p>\n<h2>\u00a0<\/h2>\n<h2>Lieferzeit<\/h2>\n<p>Die Lieferzeit betr\u00e4gt in der Regel 5\u20136 Werktage nach Zahlungseingang, sofern beim jeweiligen Artikel keine abweichende Lieferzeit angegeben ist.<\/p>\n<p>Sollte es im Einzelfall zu Verz\u00f6gerungen kommen, informieren wir Sie per E-Mail.<\/p>\n<h2>\u00a0<\/h2>\n<h2>Zahlungsarten<\/h2>\n<p>Folgende Zahlungsm\u00f6glichkeiten stehen zur Verf\u00fcgung:<\/p>\n<ul>\n<li>PayPal<\/li>\n<li>Klarna \/ Sofort\u00fcberweisung<\/li>\n<\/ul>\n<p>Die Zahlung erfolgt direkt im Rahmen des Bestellvorgangs.<\/p>\n<p>&nbsp;<\/p>\n<p>[\/et_pb_text][\/et_pb_column][\/et_pb_row][\/et_pb_section][et_pb_section fb_built=&#8221;1&#8243; admin_label=&#8221;Footer&#8221; _builder_version=&#8221;4.19.2&#8243; _module_preset=&#8221;default&#8221; background_color=&#8221;#FFFFFF&#8221; custom_padding=&#8221;40px||40px||false|false&#8221; border_width_top=&#8221;2px&#8221; border_color_top=&#8221;#000000&#8243; border_width_bottom=&#8221;2px&#8221; border_color_bottom=&#8221;#000000&#8243; global_module=&#8221;171&#8243; saved_tabs=&#8221;all&#8221; collapsed=&#8221;off&#8221; global_colors_info=&#8221;{}&#8221;][et_pb_row use_custom_gutter=&#8221;on&#8221; make_equal=&#8221;on&#8221; _builder_version=&#8221;4.19.2&#8243; _module_preset=&#8221;default&#8221; custom_padding=&#8221;0px||0px||false|false&#8221; global_colors_info=&#8221;{}&#8221;][et_pb_column type=&#8221;4_4&#8243; _builder_version=&#8221;4.16&#8243; _module_preset=&#8221;default&#8221; global_colors_info=&#8221;{}&#8221;][et_pb_image src=&#8221;https:\/\/bringers.app\/shop\/wp-content\/uploads\/2022\/02\/Bringers-Logo-RGB.png&#8221; title_text=&#8221;Bringers-Logo-RGB&#8221; align=&#8221;center&#8221; align_tablet=&#8221;center&#8221; align_phone=&#8221;center&#8221; align_last_edited=&#8221;on|desktop&#8221; _builder_version=&#8221;4.19.2&#8243; _module_preset=&#8221;default&#8221; max_width=&#8221;9%&#8221; max_width_tablet=&#8221;22%&#8221; max_width_phone=&#8221;42%&#8221; max_width_last_edited=&#8221;on|phone&#8221; module_alignment_phone=&#8221;left&#8221; module_alignment_last_edited=&#8221;off|tablet&#8221; global_colors_info=&#8221;{}&#8221;][\/et_pb_image][et_pb_text admin_label=&#8221;Text&#8221; _builder_version=&#8221;4.24.2&#8243; _module_preset=&#8221;default&#8221; text_font=&#8221;Helvetica Neue||||||||&#8221; text_text_color=&#8221;#555555&#8243; text_font_size=&#8221;16px&#8221; text_letter_spacing=&#8221;0.4px&#8221; text_line_height=&#8221;1em&#8221; link_font=&#8221;Helvetica Neue||||||||&#8221; link_text_color=&#8221;#4A4849&#8243; link_font_size=&#8221;16px&#8221; link_letter_spacing=&#8221;0.4px&#8221; text_orientation=&#8221;center&#8221; background_layout=&#8221;dark&#8221; custom_padding=&#8221;20px||10px||false|false&#8221; global_colors_info=&#8221;{}&#8221;]<\/p>\n<p><a href=\"https:\/\/bringers.app\/shop\/\">BRINGERS<\/a> \u00a0 \u00a0| \u00a0 \u00a0<a href=\"https:\/\/bringers.app\/shop\/agb\/\" target=\"_blank\" rel=\"noopener\">AGB<\/a> \u00a0 \u00a0| \u00a0 <a href=\"\/shop\/zahlung-und-versand\/\">Zahlung &amp; Versand<\/a>\u00a0 \u00a0|\u00a0 \u00a0<a href=\"\/shop\/widerrufsrecht\/\">Widerrufsrecht<\/a> \u00a0 \u00a0| \u00a0 \u00a0<a href=\"\/shop\/impressum\/\">Impressum<\/a> \u00a0 \u00a0| \u00a0 \u00a0<a href=\"\/shop\/datenschutz\/\">Datenschutzerkl\u00e4rung<\/a> \u00a0 \u00a0| \u00a0 \u00a0<a href=\"\/shop\/some-datenschutz\/\">Social-Media-Datenschutz<\/a><\/p>\n<p>[\/et_pb_text][et_pb_divider color=&#8221;#ededed&#8221; divider_position=&#8221;center&#8221; _builder_version=&#8221;4.19.2&#8243; _module_preset=&#8221;default&#8221; max_width=&#8221;82%&#8221; module_alignment=&#8221;center&#8221; custom_padding=&#8221;0px||0px||false|false&#8221; global_colors_info=&#8221;{}&#8221;][\/et_pb_divider][et_pb_text _builder_version=&#8221;4.17.4&#8243; _module_preset=&#8221;default&#8221; text_font=&#8221;||||||||&#8221; text_text_color=&#8221;#8c8c8c&#8221; text_font_size=&#8221;13px&#8221; text_letter_spacing=&#8221;0.4px&#8221; text_orientation=&#8221;center&#8221; background_layout=&#8221;dark&#8221; global_colors_info=&#8221;{}&#8221;]<\/p>\n<p><span>*Alle Preise in Nettoangabe zzgl.<\/span><span>\u00a0Versandkosten und ggf. Nachnahmegeb\u00fchren, wenn nicht anders beschrieben.<\/span><\/p>\n<p>[\/et_pb_text][et_pb_text _builder_version=&#8221;4.17.4&#8243; _module_preset=&#8221;default&#8221; text_text_color=&#8221;#8c8c8c&#8221; text_font_size=&#8221;13px&#8221; text_letter_spacing=&#8221;0.4px&#8221; text_orientation=&#8221;center&#8221; background_layout=&#8221;dark&#8221; global_colors_info=&#8221;{}&#8221;]<\/p>\n<p><span>\u00a9 2022 | BRINGERS GmbH<\/span><\/p>\n<p>[\/et_pb_text][\/et_pb_column][\/et_pb_row][\/et_pb_section]<\/p>\n","protected":false},"excerpt":{"rendered":"<p>Zahlung &amp; VersandAlle angegebenen Preise sind Nettopreise und in EURO (\u20ac) angegeben und verstehen sich exklusive der gesetzlichen Mehrwertsteuer der jeweiligen L\u00e4nder. Zus\u00e4tzlich zu den angegebenen Preisen berechnen wir eine Versandkostenpauschale. \u00a0 Versandbedingungen Der Verkauf \u00fcber unseren Shop richtet sich ausschlie\u00dflich an gewerbliche Kunden, Unternehmen, Selbstst\u00e4ndige sowie \u00f6ffentliche Einrichtungen innerhalb Deutschlands. Die Lieferung erfolgt ausschlie\u00dflich [&hellip;]<\/p>\n","protected":false},"author":52,"featured_media":0,"parent":0,"menu_order":0,"comment_status":"closed","ping_status":"closed","template":"","meta":{"_et_pb_use_builder":"on","_et_pb_old_content":"","_et_gb_content_width":"","footnotes":""},"class_list":["post-1324","page","type-page","status-publish","hentry"],"yoast_head":"<!-- This site is optimized with the Yoast SEO plugin v22.1 - https:\/\/yoast.com\/wordpress\/plugins\/seo\/ -->\n<title>Zahlung &amp; Versand - BRINGERS Shop<\/title>\n<meta name=\"robots\" content=\"index, follow, max-snippet:-1, max-image-preview:large, max-video-preview:-1\" \/>\n<link rel=\"canonical\" href=\"https:\/\/bringers.app\/shop\/zahlung-und-versand\/\" \/>\n<meta property=\"og:locale\" content=\"de_DE\" \/>\n<meta property=\"og:type\" content=\"article\" \/>\n<meta property=\"og:title\" content=\"Zahlung &amp; Versand - BRINGERS Shop\" \/>\n<meta property=\"og:description\" content=\"Zahlung &amp; VersandAlle angegebenen Preise sind Nettopreise und in EURO (\u20ac) angegeben und verstehen sich exklusive der gesetzlichen Mehrwertsteuer der jeweiligen L\u00e4nder. Zus\u00e4tzlich zu den angegebenen Preisen berechnen wir eine Versandkostenpauschale. \u00a0 Versandbedingungen Der Verkauf \u00fcber unseren Shop richtet sich ausschlie\u00dflich an gewerbliche Kunden, Unternehmen, Selbstst\u00e4ndige sowie \u00f6ffentliche Einrichtungen innerhalb Deutschlands. Die Lieferung erfolgt ausschlie\u00dflich [&hellip;]\" \/>\n<meta property=\"og:url\" content=\"https:\/\/bringers.app\/shop\/zahlung-und-versand\/\" \/>\n<meta property=\"og:site_name\" content=\"BRINGERS Shop\" \/>\n<meta property=\"article:modified_time\" content=\"2026-03-25T13:25:43+00:00\" \/>\n<meta name=\"twitter:card\" content=\"summary_large_image\" \/>\n<meta name=\"twitter:label1\" content=\"Gesch\u00e4tzte Lesezeit\" \/>\n\t<meta name=\"twitter:data1\" content=\"2\u00a0Minuten\" \/>\n<script type=\"application\/ld+json\" class=\"yoast-schema-graph\">{\"@context\":\"https:\/\/schema.org\",\"@graph\":[{\"@type\":\"WebPage\",\"@id\":\"https:\/\/bringers.app\/shop\/zahlung-und-versand\/\",\"url\":\"https:\/\/bringers.app\/shop\/zahlung-und-versand\/\",\"name\":\"Zahlung & Versand - BRINGERS Shop\",\"isPartOf\":{\"@id\":\"https:\/\/bringers.app\/shop\/#website\"},\"datePublished\":\"2022-12-12T11:00:28+00:00\",\"dateModified\":\"2026-03-25T13:25:43+00:00\",\"breadcrumb\":{\"@id\":\"https:\/\/bringers.app\/shop\/zahlung-und-versand\/#breadcrumb\"},\"inLanguage\":\"de\",\"potentialAction\":[{\"@type\":\"ReadAction\",\"target\":[\"https:\/\/bringers.app\/shop\/zahlung-und-versand\/\"]}]},{\"@type\":\"BreadcrumbList\",\"@id\":\"https:\/\/bringers.app\/shop\/zahlung-und-versand\/#breadcrumb\",\"itemListElement\":[{\"@type\":\"ListItem\",\"position\":1,\"name\":\"Startseite\",\"item\":\"https:\/\/bringers.app\/shop\/\"},{\"@type\":\"ListItem\",\"position\":2,\"name\":\"Zahlung &#038; Versand\"}]},{\"@type\":\"WebSite\",\"@id\":\"https:\/\/bringers.app\/shop\/#website\",\"url\":\"https:\/\/bringers.app\/shop\/\",\"name\":\"BRINGERS Shop\",\"description\":\"Material f\u00fcr die Lieferung von Lebensmitteln und Ern\u00e4hrungsprodukten\",\"potentialAction\":[{\"@type\":\"SearchAction\",\"target\":{\"@type\":\"EntryPoint\",\"urlTemplate\":\"https:\/\/bringers.app\/shop\/?s={search_term_string}\"},\"query-input\":\"required name=search_term_string\"}],\"inLanguage\":\"de\"}]}<\/script>\n<!-- \/ Yoast SEO plugin. -->","yoast_head_json":{"title":"Zahlung & Versand - BRINGERS Shop","robots":{"index":"index","follow":"follow","max-snippet":"max-snippet:-1","max-image-preview":"max-image-preview:large","max-video-preview":"max-video-preview:-1"},"canonical":"https:\/\/bringers.app\/shop\/zahlung-und-versand\/","og_locale":"de_DE","og_type":"article","og_title":"Zahlung & Versand - BRINGERS Shop","og_description":"Zahlung &amp; VersandAlle angegebenen Preise sind Nettopreise und in EURO (\u20ac) angegeben und verstehen sich exklusive der gesetzlichen Mehrwertsteuer der jeweiligen L\u00e4nder. Zus\u00e4tzlich zu den angegebenen Preisen berechnen wir eine Versandkostenpauschale. \u00a0 Versandbedingungen Der Verkauf \u00fcber unseren Shop richtet sich ausschlie\u00dflich an gewerbliche Kunden, Unternehmen, Selbstst\u00e4ndige sowie \u00f6ffentliche Einrichtungen innerhalb Deutschlands. Die Lieferung erfolgt ausschlie\u00dflich [&hellip;]","og_url":"https:\/\/bringers.app\/shop\/zahlung-und-versand\/","og_site_name":"BRINGERS Shop","article_modified_time":"2026-03-25T13:25:43+00:00","twitter_card":"summary_large_image","twitter_misc":{"Gesch\u00e4tzte Lesezeit":"2\u00a0Minuten"},"schema":{"@context":"https:\/\/schema.org","@graph":[{"@type":"WebPage","@id":"https:\/\/bringers.app\/shop\/zahlung-und-versand\/","url":"https:\/\/bringers.app\/shop\/zahlung-und-versand\/","name":"Zahlung & Versand - BRINGERS Shop","isPartOf":{"@id":"https:\/\/bringers.app\/shop\/#website"},"datePublished":"2022-12-12T11:00:28+00:00","dateModified":"2026-03-25T13:25:43+00:00","breadcrumb":{"@id":"https:\/\/bringers.app\/shop\/zahlung-und-versand\/#breadcrumb"},"inLanguage":"de","potentialAction":[{"@type":"ReadAction","target":["https:\/\/bringers.app\/shop\/zahlung-und-versand\/"]}]},{"@type":"BreadcrumbList","@id":"https:\/\/bringers.app\/shop\/zahlung-und-versand\/#breadcrumb","itemListElement":[{"@type":"ListItem","position":1,"name":"Startseite","item":"https:\/\/bringers.app\/shop\/"},{"@type":"ListItem","position":2,"name":"Zahlung &#038; Versand"}]},{"@type":"WebSite","@id":"https:\/\/bringers.app\/shop\/#website","url":"https:\/\/bringers.app\/shop\/","name":"BRINGERS Shop","description":"Material f\u00fcr die Lieferung von Lebensmitteln und Ern\u00e4hrungsprodukten","potentialAction":[{"@type":"SearchAction","target":{"@type":"EntryPoint","urlTemplate":"https:\/\/bringers.app\/shop\/?s={search_term_string}"},"query-input":"required name=search_term_string"}],"inLanguage":"de"}]}},"_links":{"self":[{"href":"https:\/\/bringers.app\/shop\/wp-json\/wp\/v2\/pages\/1324","targetHints":{"allow":["GET"]}}],"collection":[{"href":"https:\/\/bringers.app\/shop\/wp-json\/wp\/v2\/pages"}],"about":[{"href":"https:\/\/bringers.app\/shop\/wp-json\/wp\/v2\/types\/page"}],"author":[{"embeddable":true,"href":"https:\/\/bringers.app\/shop\/wp-json\/wp\/v2\/users\/52"}],"replies":[{"embeddable":true,"href":"https:\/\/bringers.app\/shop\/wp-json\/wp\/v2\/comments?post=1324"}],"version-history":[{"count":23,"href":"https:\/\/bringers.app\/shop\/wp-json\/wp\/v2\/pages\/1324\/revisions"}],"predecessor-version":[{"id":888902,"href":"https:\/\/bringers.app\/shop\/wp-json\/wp\/v2\/pages\/1324\/revisions\/888902"}],"wp:attachment":[{"href":"https:\/\/bringers.app\/shop\/wp-json\/wp\/v2\/media?parent=1324"}],"curies":[{"name":"wp","href":"https:\/\/api.w.org\/{rel}","templated":true}]}}