{"id":405,"date":"2022-03-23T10:45:41","date_gmt":"2022-03-23T09:45:41","guid":{"rendered":"https:\/\/bringers.app\/shop\/?page_id=405"},"modified":"2026-03-25T14:33:18","modified_gmt":"2026-03-25T13:33:18","slug":"impressum-2","status":"publish","type":"page","link":"https:\/\/bringers.app\/shop\/impressum-2\/","title":{"rendered":"Impressum"},"content":{"rendered":"<p>[et_pb_section fb_built=&#8221;1&#8243; disabled_on=&#8221;on|off|off&#8221; admin_label=&#8221;Headermenu mit Logo&#8221; _builder_version=&#8221;4.17.4&#8243; _module_preset=&#8221;default&#8221; background_enable_image=&#8221;off&#8221; custom_padding=&#8221;10px||10px||false|false&#8221; global_module=&#8221;199&#8243; saved_tabs=&#8221;all&#8221; collapsed=&#8221;off&#8221; global_colors_info=&#8221;{}&#8221;][et_pb_row disabled_on=&#8221;on|on|off&#8221; _builder_version=&#8221;4.17.4&#8243; _module_preset=&#8221;default&#8221; global_colors_info=&#8221;{}&#8221;][et_pb_column type=&#8221;4_4&#8243; _builder_version=&#8221;4.17.4&#8243; _module_preset=&#8221;default&#8221; global_colors_info=&#8221;{}&#8221;][et_pb_image src=&#8221;https:\/\/bringers.app\/shop\/wp-content\/uploads\/2023\/08\/logo.svg&#8221; title_text=&#8221;logo&#8221; url=&#8221;@ET-DC@eyJkeW5hbWljIjp0cnVlLCJjb250ZW50IjoicG9zdF9saW5rX3VybF9wYWdlIiwic2V0dGluZ3MiOnsicG9zdF9pZCI6IjM2In19@&#8221; align=&#8221;center&#8221; align_tablet=&#8221;&#8221; align_phone=&#8221;&#8221; align_last_edited=&#8221;on|phone&#8221; disabled_on=&#8221;on|off|off&#8221; admin_label=&#8221;Bild&#8221; _builder_version=&#8221;4.24.2&#8243; _dynamic_attributes=&#8221;url&#8221; _module_preset=&#8221;default&#8221; global_colors_info=&#8221;{}&#8221;][\/et_pb_image][\/et_pb_column][\/et_pb_row][et_pb_row disabled_on=&#8221;on|on|off&#8221; admin_label=&#8221;Zeile&#8221; _builder_version=&#8221;4.17.4&#8243; _module_preset=&#8221;default&#8221; custom_margin=&#8221;-14px|auto||auto|false|&#8221; custom_padding=&#8221;35px|||||&#8221; link_option_url=&#8221;\/shop&#8221; global_colors_info=&#8221;{}&#8221;][et_pb_column type=&#8221;4_4&#8243; _builder_version=&#8221;4.17.4&#8243; _module_preset=&#8221;default&#8221; global_colors_info=&#8221;{}&#8221;][et_pb_menu menu_id=&#8221;31&#8243; menu_style=&#8221;centered&#8221; active_link_color=&#8221;#A17E4C&#8221; disabled_on=&#8221;on|off|off&#8221; admin_label=&#8221;Men\u00fc&#8221; _builder_version=&#8221;4.17.4&#8243; _module_preset=&#8221;default&#8221; menu_font=&#8221;Quattrocento Bold|700||on|||||&#8221; menu_text_color=&#8221;#A17E4C&#8221; menu_font_size=&#8221;22px&#8221; menu_letter_spacing=&#8221;2px&#8221; global_colors_info=&#8221;{}&#8221;][\/et_pb_menu][\/et_pb_column][\/et_pb_row][\/et_pb_section][et_pb_section fb_built=&#8221;1&#8243; _builder_version=&#8221;4.16&#8243; _module_preset=&#8221;default&#8221; custom_padding=&#8221;80px||80px||false|false&#8221; global_colors_info=&#8221;{}&#8221;][et_pb_row _builder_version=&#8221;4.16&#8243; _module_preset=&#8221;default&#8221; custom_padding=&#8221;0px||0px||false|false&#8221; global_colors_info=&#8221;{}&#8221;][et_pb_column type=&#8221;4_4&#8243; _builder_version=&#8221;4.16&#8243; _module_preset=&#8221;default&#8221; global_colors_info=&#8221;{}&#8221;][et_pb_text admin_label=&#8221;Text&#8221; _builder_version=&#8221;4.17.4&#8243; _module_preset=&#8221;default&#8221; header_font=&#8221;Quattrocento Bold|||on|||||&#8221; header_text_color=&#8221;#211452&#8243; header_font_size=&#8221;40px&#8221; header_letter_spacing=&#8221;2px&#8221; custom_margin=&#8221;||20px||false|false&#8221; global_colors_info=&#8221;{}&#8221;]<\/p>\n<h1>Impressum<\/h1>\n<p>[\/et_pb_text][et_pb_text _builder_version=&#8221;4.24.2&#8243; _module_preset=&#8221;default&#8221; module_alignment=&#8221;center&#8221; custom_padding=&#8221;||0px|||&#8221; hover_enabled=&#8221;0&#8243; global_colors_info=&#8221;{}&#8221; sticky_enabled=&#8221;0&#8243;]<\/p>\n<p><strong>Angaben gem\u00e4\u00df \u00a7 5 TMG<\/strong><\/p>\n<p>BRINGERS GmbH<br \/>Ingolst\u00e4dter Str. 23a<br \/>86529 Schrobenhausen<\/p>\n<p>Handelsregister: HRB10531<br \/>Registergericht: Amtsgericht Ingolstadt<\/p>\n<p><strong>USt.-Id.Nr:<\/strong><br \/>DE350830927<\/p>\n<p><strong>Vertreten durch:<\/strong><br \/>Michael Glas<\/p>\n<p><strong>Kontaktaufnahme<\/strong><\/p>\n<p>Telefon: +49 173 3717639<br \/>E-Mail: info@bringers-team.de<\/p>\n<p><strong>Rechtliche Hinweise<\/strong><\/p>\n<p>Die abgebildeten Marken und Logos sind eingetragene und rechtlich gesch\u00fctzte Marken der BRINGERS GmbH.<\/p>\n<p><strong>Verbraucherinformationen gem\u00e4\u00df Verordnung (EU) Nr.\u00a0524\/2013<\/strong><\/p>\n<p>Die Europ\u00e4ische Kommission stellt eine Plattform zur Online-Streitbeilegung (OS) bereit:\u00a0\u00a0<a href=\"https:\/\/ec.europa.eu\/consumers\/odr\/\">https:\/\/ec.europa.eu\/consumers\/odr\/<\/a>\u00a0.<br \/>Unsere E-Mail-Adresse finden Sie oben im Impressum.<\/p>\n<p><strong>Verbraucherstreitbeilegung\/Universalschlichtungsstelle<\/strong><\/p>\n<p>Wir sind nicht bereit oder verpflichtet, ein Streitbeilegungsverfahren vor einer Verbraucherschlichtungsstelle zu betreiben.<\/p>\n<p>[\/et_pb_text][et_pb_text _builder_version=&#8221;4.24.2&#8243; _module_preset=&#8221;default&#8221; module_alignment=&#8221;center&#8221; custom_padding=&#8221;||0px|||&#8221; hover_enabled=&#8221;0&#8243; global_colors_info=&#8221;{}&#8221; sticky_enabled=&#8221;0&#8243;][\/et_pb_text][\/et_pb_column][\/et_pb_row][\/et_pb_section][et_pb_section fb_built=&#8221;1&#8243; admin_label=&#8221;Footer&#8221; _builder_version=&#8221;4.19.2&#8243; _module_preset=&#8221;default&#8221; background_color=&#8221;#FFFFFF&#8221; custom_padding=&#8221;40px||40px||false|false&#8221; border_width_top=&#8221;2px&#8221; border_color_top=&#8221;#000000&#8243; border_width_bottom=&#8221;2px&#8221; border_color_bottom=&#8221;#000000&#8243; global_module=&#8221;171&#8243; saved_tabs=&#8221;all&#8221; collapsed=&#8221;off&#8221; global_colors_info=&#8221;{}&#8221;][et_pb_row use_custom_gutter=&#8221;on&#8221; make_equal=&#8221;on&#8221; _builder_version=&#8221;4.19.2&#8243; _module_preset=&#8221;default&#8221; custom_padding=&#8221;0px||0px||false|false&#8221; global_colors_info=&#8221;{}&#8221;][et_pb_column type=&#8221;4_4&#8243; _builder_version=&#8221;4.16&#8243; _module_preset=&#8221;default&#8221; global_colors_info=&#8221;{}&#8221;][et_pb_image src=&#8221;https:\/\/bringers.app\/shop\/wp-content\/uploads\/2022\/02\/Bringers-Logo-RGB.png&#8221; title_text=&#8221;Bringers-Logo-RGB&#8221; align=&#8221;center&#8221; align_tablet=&#8221;center&#8221; align_phone=&#8221;center&#8221; align_last_edited=&#8221;on|desktop&#8221; _builder_version=&#8221;4.19.2&#8243; _module_preset=&#8221;default&#8221; max_width=&#8221;9%&#8221; max_width_tablet=&#8221;22%&#8221; max_width_phone=&#8221;42%&#8221; max_width_last_edited=&#8221;on|phone&#8221; module_alignment_phone=&#8221;left&#8221; module_alignment_last_edited=&#8221;off|tablet&#8221; global_colors_info=&#8221;{}&#8221;][\/et_pb_image][et_pb_text admin_label=&#8221;Text&#8221; _builder_version=&#8221;4.24.2&#8243; _module_preset=&#8221;default&#8221; text_font=&#8221;Helvetica Neue||||||||&#8221; text_text_color=&#8221;#555555&#8243; text_font_size=&#8221;16px&#8221; text_letter_spacing=&#8221;0.4px&#8221; text_line_height=&#8221;1em&#8221; link_font=&#8221;Helvetica Neue||||||||&#8221; link_text_color=&#8221;#4A4849&#8243; link_font_size=&#8221;16px&#8221; link_letter_spacing=&#8221;0.4px&#8221; text_orientation=&#8221;center&#8221; background_layout=&#8221;dark&#8221; custom_padding=&#8221;20px||10px||false|false&#8221; global_colors_info=&#8221;{}&#8221;]<\/p>\n<p><a href=\"https:\/\/bringers.app\/shop\/\">BRINGERS<\/a> \u00a0 \u00a0| \u00a0 \u00a0<a href=\"https:\/\/bringers.app\/shop\/agb\/\" target=\"_blank\" rel=\"noopener\">AGB<\/a> \u00a0 \u00a0| \u00a0 <a href=\"\/shop\/zahlung-und-versand\/\">Zahlung &amp; Versand<\/a>\u00a0 \u00a0|\u00a0 \u00a0<a href=\"\/shop\/widerrufsrecht\/\">Widerrufsrecht<\/a> \u00a0 \u00a0| \u00a0 \u00a0<a href=\"\/shop\/impressum\/\">Impressum<\/a> \u00a0 \u00a0| \u00a0 \u00a0<a href=\"\/shop\/datenschutz\/\">Datenschutzerkl\u00e4rung<\/a> \u00a0 \u00a0| \u00a0 \u00a0<a href=\"\/shop\/some-datenschutz\/\">Social-Media-Datenschutz<\/a><\/p>\n<p>[\/et_pb_text][et_pb_divider color=&#8221;#ededed&#8221; divider_position=&#8221;center&#8221; _builder_version=&#8221;4.19.2&#8243; _module_preset=&#8221;default&#8221; max_width=&#8221;82%&#8221; module_alignment=&#8221;center&#8221; custom_padding=&#8221;0px||0px||false|false&#8221; global_colors_info=&#8221;{}&#8221;][\/et_pb_divider][et_pb_text _builder_version=&#8221;4.17.4&#8243; _module_preset=&#8221;default&#8221; text_font=&#8221;||||||||&#8221; text_text_color=&#8221;#8c8c8c&#8221; text_font_size=&#8221;13px&#8221; text_letter_spacing=&#8221;0.4px&#8221; text_orientation=&#8221;center&#8221; background_layout=&#8221;dark&#8221; global_colors_info=&#8221;{}&#8221;]<\/p>\n<p><span>*Alle Preise in Nettoangabe zzgl.<\/span><span>\u00a0Versandkosten und ggf. Nachnahmegeb\u00fchren, wenn nicht anders beschrieben.<\/span><\/p>\n<p>[\/et_pb_text][et_pb_text _builder_version=&#8221;4.17.4&#8243; _module_preset=&#8221;default&#8221; text_text_color=&#8221;#8c8c8c&#8221; text_font_size=&#8221;13px&#8221; text_letter_spacing=&#8221;0.4px&#8221; text_orientation=&#8221;center&#8221; background_layout=&#8221;dark&#8221; global_colors_info=&#8221;{}&#8221;]<\/p>\n<p><span>\u00a9 2022 | BRINGERS GmbH<\/span><\/p>\n<p>[\/et_pb_text][\/et_pb_column][\/et_pb_row][\/et_pb_section]<\/p>\n","protected":false},"excerpt":{"rendered":"<p>ImpressumAngaben gem\u00e4\u00df \u00a7 5 TMG BRINGERS GmbHIngolst\u00e4dter Str. 23a86529 Schrobenhausen Handelsregister: HRB10531Registergericht: Amtsgericht Ingolstadt USt.-Id.Nr:DE350830927 Vertreten durch:Michael Glas Kontaktaufnahme Telefon: +49 173 3717639E-Mail: info@bringers-team.de Rechtliche Hinweise Die abgebildeten Marken und Logos sind eingetragene und rechtlich gesch\u00fctzte Marken der BRINGERS GmbH. Verbraucherinformationen gem\u00e4\u00df Verordnung (EU) Nr.\u00a0524\/2013 Die Europ\u00e4ische Kommission stellt eine Plattform zur Online-Streitbeilegung (OS) bereit:\u00a0\u00a0https:\/\/ec.europa.eu\/consumers\/odr\/\u00a0.Unsere [&hellip;]<\/p>\n","protected":false},"author":1,"featured_media":0,"parent":0,"menu_order":0,"comment_status":"closed","ping_status":"closed","template":"","meta":{"_et_pb_use_builder":"on","_et_pb_old_content":"","_et_gb_content_width":"","footnotes":""},"class_list":["post-405","page","type-page","status-publish","hentry"],"yoast_head":"<!-- This site is optimized with the Yoast SEO plugin v22.1 - https:\/\/yoast.com\/wordpress\/plugins\/seo\/ -->\n<title>Impressum - BRINGERS Shop<\/title>\n<meta name=\"robots\" content=\"index, follow, max-snippet:-1, max-image-preview:large, max-video-preview:-1\" \/>\n<link rel=\"canonical\" href=\"https:\/\/bringers.app\/shop\/impressum-2\/\" \/>\n<meta property=\"og:locale\" content=\"de_DE\" \/>\n<meta property=\"og:type\" content=\"article\" \/>\n<meta property=\"og:title\" content=\"Impressum - BRINGERS Shop\" \/>\n<meta property=\"og:description\" content=\"ImpressumAngaben gem\u00e4\u00df \u00a7 5 TMG BRINGERS GmbHIngolst\u00e4dter Str. 23a86529 Schrobenhausen Handelsregister: HRB10531Registergericht: Amtsgericht Ingolstadt USt.-Id.Nr:DE350830927 Vertreten durch:Michael Glas Kontaktaufnahme Telefon: +49 173 3717639E-Mail: info@bringers-team.de Rechtliche Hinweise Die abgebildeten Marken und Logos sind eingetragene und rechtlich gesch\u00fctzte Marken der BRINGERS GmbH. Verbraucherinformationen gem\u00e4\u00df Verordnung (EU) Nr.\u00a0524\/2013 Die Europ\u00e4ische Kommission stellt eine Plattform zur Online-Streitbeilegung (OS) bereit:\u00a0\u00a0https:\/\/ec.europa.eu\/consumers\/odr\/\u00a0.Unsere [&hellip;]\" \/>\n<meta property=\"og:url\" content=\"https:\/\/bringers.app\/shop\/impressum-2\/\" \/>\n<meta property=\"og:site_name\" content=\"BRINGERS Shop\" \/>\n<meta property=\"article:modified_time\" content=\"2026-03-25T13:33:18+00:00\" \/>\n<meta name=\"twitter:card\" content=\"summary_large_image\" \/>\n<meta name=\"twitter:label1\" content=\"Gesch\u00e4tzte Lesezeit\" \/>\n\t<meta name=\"twitter:data1\" content=\"2\u00a0Minuten\" \/>\n<script type=\"application\/ld+json\" class=\"yoast-schema-graph\">{\"@context\":\"https:\/\/schema.org\",\"@graph\":[{\"@type\":\"WebPage\",\"@id\":\"https:\/\/bringers.app\/shop\/impressum-2\/\",\"url\":\"https:\/\/bringers.app\/shop\/impressum-2\/\",\"name\":\"Impressum - BRINGERS Shop\",\"isPartOf\":{\"@id\":\"https:\/\/bringers.app\/shop\/#website\"},\"datePublished\":\"2022-03-23T09:45:41+00:00\",\"dateModified\":\"2026-03-25T13:33:18+00:00\",\"breadcrumb\":{\"@id\":\"https:\/\/bringers.app\/shop\/impressum-2\/#breadcrumb\"},\"inLanguage\":\"de\",\"potentialAction\":[{\"@type\":\"ReadAction\",\"target\":[\"https:\/\/bringers.app\/shop\/impressum-2\/\"]}]},{\"@type\":\"BreadcrumbList\",\"@id\":\"https:\/\/bringers.app\/shop\/impressum-2\/#breadcrumb\",\"itemListElement\":[{\"@type\":\"ListItem\",\"position\":1,\"name\":\"Startseite\",\"item\":\"https:\/\/bringers.app\/shop\/\"},{\"@type\":\"ListItem\",\"position\":2,\"name\":\"Impressum\"}]},{\"@type\":\"WebSite\",\"@id\":\"https:\/\/bringers.app\/shop\/#website\",\"url\":\"https:\/\/bringers.app\/shop\/\",\"name\":\"BRINGERS Shop\",\"description\":\"Material f\u00fcr die Lieferung von Lebensmitteln und Ern\u00e4hrungsprodukten\",\"potentialAction\":[{\"@type\":\"SearchAction\",\"target\":{\"@type\":\"EntryPoint\",\"urlTemplate\":\"https:\/\/bringers.app\/shop\/?s={search_term_string}\"},\"query-input\":\"required name=search_term_string\"}],\"inLanguage\":\"de\"}]}<\/script>\n<!-- \/ Yoast SEO plugin. -->","yoast_head_json":{"title":"Impressum - BRINGERS Shop","robots":{"index":"index","follow":"follow","max-snippet":"max-snippet:-1","max-image-preview":"max-image-preview:large","max-video-preview":"max-video-preview:-1"},"canonical":"https:\/\/bringers.app\/shop\/impressum-2\/","og_locale":"de_DE","og_type":"article","og_title":"Impressum - BRINGERS Shop","og_description":"ImpressumAngaben gem\u00e4\u00df \u00a7 5 TMG BRINGERS GmbHIngolst\u00e4dter Str. 23a86529 Schrobenhausen Handelsregister: HRB10531Registergericht: Amtsgericht Ingolstadt USt.-Id.Nr:DE350830927 Vertreten durch:Michael Glas Kontaktaufnahme Telefon: +49 173 3717639E-Mail: info@bringers-team.de Rechtliche Hinweise Die abgebildeten Marken und Logos sind eingetragene und rechtlich gesch\u00fctzte Marken der BRINGERS GmbH. Verbraucherinformationen gem\u00e4\u00df Verordnung (EU) Nr.\u00a0524\/2013 Die Europ\u00e4ische Kommission stellt eine Plattform zur Online-Streitbeilegung (OS) bereit:\u00a0\u00a0https:\/\/ec.europa.eu\/consumers\/odr\/\u00a0.Unsere [&hellip;]","og_url":"https:\/\/bringers.app\/shop\/impressum-2\/","og_site_name":"BRINGERS Shop","article_modified_time":"2026-03-25T13:33:18+00:00","twitter_card":"summary_large_image","twitter_misc":{"Gesch\u00e4tzte Lesezeit":"2\u00a0Minuten"},"schema":{"@context":"https:\/\/schema.org","@graph":[{"@type":"WebPage","@id":"https:\/\/bringers.app\/shop\/impressum-2\/","url":"https:\/\/bringers.app\/shop\/impressum-2\/","name":"Impressum - BRINGERS Shop","isPartOf":{"@id":"https:\/\/bringers.app\/shop\/#website"},"datePublished":"2022-03-23T09:45:41+00:00","dateModified":"2026-03-25T13:33:18+00:00","breadcrumb":{"@id":"https:\/\/bringers.app\/shop\/impressum-2\/#breadcrumb"},"inLanguage":"de","potentialAction":[{"@type":"ReadAction","target":["https:\/\/bringers.app\/shop\/impressum-2\/"]}]},{"@type":"BreadcrumbList","@id":"https:\/\/bringers.app\/shop\/impressum-2\/#breadcrumb","itemListElement":[{"@type":"ListItem","position":1,"name":"Startseite","item":"https:\/\/bringers.app\/shop\/"},{"@type":"ListItem","position":2,"name":"Impressum"}]},{"@type":"WebSite","@id":"https:\/\/bringers.app\/shop\/#website","url":"https:\/\/bringers.app\/shop\/","name":"BRINGERS Shop","description":"Material f\u00fcr die Lieferung von Lebensmitteln und Ern\u00e4hrungsprodukten","potentialAction":[{"@type":"SearchAction","target":{"@type":"EntryPoint","urlTemplate":"https:\/\/bringers.app\/shop\/?s={search_term_string}"},"query-input":"required name=search_term_string"}],"inLanguage":"de"}]}},"_links":{"self":[{"href":"https:\/\/bringers.app\/shop\/wp-json\/wp\/v2\/pages\/405","targetHints":{"allow":["GET"]}}],"collection":[{"href":"https:\/\/bringers.app\/shop\/wp-json\/wp\/v2\/pages"}],"about":[{"href":"https:\/\/bringers.app\/shop\/wp-json\/wp\/v2\/types\/page"}],"author":[{"embeddable":true,"href":"https:\/\/bringers.app\/shop\/wp-json\/wp\/v2\/users\/1"}],"replies":[{"embeddable":true,"href":"https:\/\/bringers.app\/shop\/wp-json\/wp\/v2\/comments?post=405"}],"version-history":[{"count":10,"href":"https:\/\/bringers.app\/shop\/wp-json\/wp\/v2\/pages\/405\/revisions"}],"predecessor-version":[{"id":888905,"href":"https:\/\/bringers.app\/shop\/wp-json\/wp\/v2\/pages\/405\/revisions\/888905"}],"wp:attachment":[{"href":"https:\/\/bringers.app\/shop\/wp-json\/wp\/v2\/media?parent=405"}],"curies":[{"name":"wp","href":"https:\/\/api.w.org\/{rel}","templated":true}]}}