{"id":888185,"date":"2023-10-30T13:21:24","date_gmt":"2023-10-30T12:21:24","guid":{"rendered":"https:\/\/bringers.app\/shop\/?page_id=888185"},"modified":"2026-03-25T14:27:11","modified_gmt":"2026-03-25T13:27:11","slug":"agb","status":"publish","type":"page","link":"https:\/\/bringers.app\/shop\/agb\/","title":{"rendered":"AGB"},"content":{"rendered":"<p>[et_pb_section fb_built=&#8221;1&#8243; disabled_on=&#8221;on|off|off&#8221; admin_label=&#8221;Headermenu mit Logo&#8221; _builder_version=&#8221;4.17.4&#8243; _module_preset=&#8221;default&#8221; background_enable_image=&#8221;off&#8221; custom_padding=&#8221;10px||10px||false|false&#8221; global_module=&#8221;199&#8243; saved_tabs=&#8221;all&#8221; collapsed=&#8221;off&#8221; global_colors_info=&#8221;{}&#8221;][et_pb_row disabled_on=&#8221;on|on|off&#8221; _builder_version=&#8221;4.17.4&#8243; _module_preset=&#8221;default&#8221; global_colors_info=&#8221;{}&#8221;][et_pb_column type=&#8221;4_4&#8243; _builder_version=&#8221;4.17.4&#8243; _module_preset=&#8221;default&#8221; global_colors_info=&#8221;{}&#8221;][et_pb_image src=&#8221;https:\/\/bringers.app\/shop\/wp-content\/uploads\/2023\/08\/logo.svg&#8221; title_text=&#8221;logo&#8221; url=&#8221;@ET-DC@eyJkeW5hbWljIjp0cnVlLCJjb250ZW50IjoicG9zdF9saW5rX3VybF9wYWdlIiwic2V0dGluZ3MiOnsicG9zdF9pZCI6IjM2In19@&#8221; align=&#8221;center&#8221; align_tablet=&#8221;&#8221; align_phone=&#8221;&#8221; align_last_edited=&#8221;on|phone&#8221; disabled_on=&#8221;on|off|off&#8221; admin_label=&#8221;Bild&#8221; _builder_version=&#8221;4.24.2&#8243; _dynamic_attributes=&#8221;url&#8221; _module_preset=&#8221;default&#8221; global_colors_info=&#8221;{}&#8221;][\/et_pb_image][\/et_pb_column][\/et_pb_row][et_pb_row disabled_on=&#8221;on|on|off&#8221; admin_label=&#8221;Zeile&#8221; _builder_version=&#8221;4.17.4&#8243; _module_preset=&#8221;default&#8221; custom_margin=&#8221;-14px|auto||auto|false|&#8221; custom_padding=&#8221;35px|||||&#8221; link_option_url=&#8221;\/shop&#8221; global_colors_info=&#8221;{}&#8221;][et_pb_column type=&#8221;4_4&#8243; _builder_version=&#8221;4.17.4&#8243; _module_preset=&#8221;default&#8221; global_colors_info=&#8221;{}&#8221;][et_pb_menu menu_id=&#8221;31&#8243; menu_style=&#8221;centered&#8221; active_link_color=&#8221;#A17E4C&#8221; disabled_on=&#8221;on|off|off&#8221; admin_label=&#8221;Men\u00fc&#8221; _builder_version=&#8221;4.17.4&#8243; _module_preset=&#8221;default&#8221; menu_font=&#8221;Quattrocento Bold|700||on|||||&#8221; menu_text_color=&#8221;#A17E4C&#8221; menu_font_size=&#8221;22px&#8221; menu_letter_spacing=&#8221;2px&#8221; global_colors_info=&#8221;{}&#8221;][\/et_pb_menu][\/et_pb_column][\/et_pb_row][\/et_pb_section][et_pb_section fb_built=&#8221;1&#8243; _builder_version=&#8221;4.16&#8243; _module_preset=&#8221;default&#8221; custom_padding=&#8221;80px||80px||false|false&#8221; global_colors_info=&#8221;{}&#8221;][et_pb_row _builder_version=&#8221;4.16&#8243; _module_preset=&#8221;default&#8221; custom_padding=&#8221;0px||0px||false|false&#8221; global_colors_info=&#8221;{}&#8221;][et_pb_column type=&#8221;4_4&#8243; _builder_version=&#8221;4.16&#8243; _module_preset=&#8221;default&#8221; global_colors_info=&#8221;{}&#8221;][et_pb_text _builder_version=&#8221;4.17.4&#8243; _module_preset=&#8221;default&#8221; header_font=&#8221;Quattrocento Bold|||on|||||&#8221; header_text_color=&#8221;#211452&#8243; header_font_size=&#8221;40px&#8221; header_letter_spacing=&#8221;2px&#8221; custom_margin=&#8221;||20px||false|false&#8221; header_font_size_tablet=&#8221;34px&#8221; header_font_size_phone=&#8221;28px&#8221; header_font_size_last_edited=&#8221;on|phone&#8221; global_colors_info=&#8221;{}&#8221;]<\/p>\n<h1>Allgemeine Gesch\u00e4ftsbedingungen (AGB)<\/h1>\n<p>[\/et_pb_text][et_pb_text _builder_version=&#8221;4.24.2&#8243; _module_preset=&#8221;default&#8221; module_alignment=&#8221;center&#8221; hover_enabled=&#8221;0&#8243; global_colors_info=&#8221;{}&#8221; sticky_enabled=&#8221;0&#8243;]<\/p>\n<p>f\u00fcr den Online-Shop unter der URL<\/p>\n<p><a href=\"https:\/\/bringers.app\/shop\/\">https:\/\/bringers.app\/shop\/<\/a><\/p>\n<p>betrieben von<\/p>\n<p>BRINGERS GmbH<br \/>Ingolst\u00e4dter Str. 23a<br \/>86529 Schrobenhausen<br \/>E-Mail:\u00a0<a href=\"https:\/\/www.e-recht24.de\/mitglieder\/agb-generator-online-shops\/info@bringers-team.de\">info@bringers-team.de<\/a><br \/>+49 173 3717639<\/p>\n<h2>\u00a0<\/h2>\n<h2>1. Geltungsbereich<\/h2>\n<p>Diese Allgemeinen Gesch\u00e4ftsbedingungen (AGB) gelten nach ihrer Einbeziehung f\u00fcr alle Vertragsschl\u00fcsse \u00fcber den Erwerb von Waren, Dienstleistungen oder sonstigen G\u00fctern (nachfolgend \u201eWaren\u201c) im Online-Shop unter der o.g. URL in ihrer zum Zeitpunkt des Vertragsschlusses g\u00fcltigen Fassung. Diese AGB gelten ausschlie\u00dflich. Abweichende AGB des Kunden werden nicht Vertragsbestandteil, es sei denn, der Anbieter stimmt diesen ausdr\u00fccklich zu.<\/p>\n<h2>2. Vertragsschluss<\/h2>\n<p>2.1 Die Angebote im Online-Shop stellen eine unverbindliche Aufforderung des Anbieters an die Online-Shop-Besucher zur Abgabe eines Angebots zum Erwerb der im Shop angebotenen Waren dar.<\/p>\n<p>2.2 Die Bestellung der Ware(n) erfolgt \u00fcber das Online-Bestellformular des Anbieters. Nach der Auswahl der gew\u00fcnschten Ware(n), der Eingabe aller abgefragten Pflichtinformationen und dem Durchlaufen aller anderen verpflichtenden Schritte im Bestellprozess, k\u00f6nnen die ausgew\u00e4hlten Waren durch das Bet\u00e4tigen des Bestell-Buttons am Ende der Checkout-Seite bestellt werden (Bestellung). Durch die Bestellung gibt der Kunde ein verbindliches Vertragsangebot zum Erwerb der ausgew\u00e4hlten Ware(n) ab. Der Vertragsschluss erfolgt, indem der Anbieter das Angebot des Kunden annimmt. Die Annahme erfolgt, indem der Anbieter den Vertragsschluss in Schrift- oder Textform (z.\u00a0B. per E-Mail) best\u00e4tigt (Auftragsbest\u00e4tigung) und diese Auftragsbest\u00e4tigung dem Kunden zugeht oder indem er die bestellte Ware liefert und diese Ware dem Kunden zugeht oder indem er den Kunden zur Zahlung auffordert (z.\u00a0B. Rechnung oder Kreditkartenzahlung im Bestellprozess) und die Zahlungsaufforderung dem Kunden zugeht; ma\u00dfgeblich f\u00fcr den Zeitpunkt des Vertragsschlusses ist dabei der Zeitpunkt, in dem eine der im ersten Halbsatz genannten Alternativen erstmalig eintritt.<\/p>\n<p>2.3 Vor verbindlicher Abgabe der Bestellung \u00fcber das Online-Bestellformular des Anbieters kann der Kunde seine Eingaben \u00fcberpr\u00fcfen und jederzeit \u00fcber die \u00fcblichen Tastatur-, Maus-, Touch- oder sonstigen zur Verf\u00fcgung stehenden Eingabefunktionen korrigieren. Dar\u00fcber hinaus werden alle Eingaben vor der verbindlichen Abgabe der Bestellung noch einmal in einem Best\u00e4tigungsfenster angezeigt und k\u00f6nnen auch dort mittels der \u00fcblichen Tastatur-, Maus-, Touch- oder sonstigen zur Verf\u00fcgung stehende Eingabefunktionen korrigiert werden.<\/p>\n<p>2.4 Der Anbieter wird den Vertragstext nach dem Vertragsschluss speichern und dem Kunden in Textform (z.\u00a0B. per E-Mail) \u00fcbermitteln. Eine dar\u00fcberhinausgehende Zug\u00e4nglichmachung des Vertragstexts durch den Anbieter erfolgt nicht. Sofern der Einkauf \u00fcber ein Kundenkonto im Online-Shop erfolgt ist, kann der Kunde seine Bestellungen und die damit verbundenen Bestelldaten dort einsehen.<\/p>\n<p>2.5 F\u00fcr den Vertragsschluss stehen folgende Sprachen zur Verf\u00fcgung: Deutsch, Englisch, Spanisch, Italienisch, Franz\u00f6sisch, Griechisch, Portugiesisch, Kroatisch<\/p>\n<h2>3. Widerrufsrecht f\u00fcr Verbraucher<\/h2>\n<p>Verbrauchern steht bei au\u00dferhalb von Gesch\u00e4ftsr\u00e4umen geschlossenen Vertr\u00e4gen und bei Fernabsatzvertr\u00e4gen grunds\u00e4tzlich ein Widerrufsrecht zu. Verbraucher ist jede nat\u00fcrliche Person, die ein Rechtsgesch\u00e4ft zu Zwecken abschlie\u00dft, die \u00fcberwiegend weder ihrer gewerblichen noch ihrer selbstst\u00e4ndigen beruflichen T\u00e4tigkeit zugerechnet werden k\u00f6nnen. Details sind der Widerrufsbelehrung zu entnehmen, die jedem Verbraucher sp\u00e4testens unmittelbar vor Vertragsschluss zur Verf\u00fcgung gestellt wird.<\/p>\n<h2>4. Zahlung, Verzug<\/h2>\n<p>4.1 Es gelten die zum Zeitpunkt der Bestellung im Online-Shop aufgef\u00fchrten Preise. Alle Preise gelten inklusive der gesetzlichen Mehrwertsteuer sowie zuz\u00fcglich der gegebenenfalls aufgef\u00fchrten Versandkosten. \u00dcber die zur Verf\u00fcgung stehenden Zahlungsm\u00f6glichkeiten wird der Kunde im Online-Shop des Anbieters informiert.<\/p>\n<p>4.2 Ist \u201eVorkasse\u201c vereinbart wird der Kaufpreis sofort nach Vertragsabschluss f\u00e4llig.<\/p>\n<p>4.3 Ist \u201eKauf auf Rechnung\/Rechnungskauf\u201c vereinbart, ist die Zahlung sofort nach Vertragsabschluss f\u00e4llig, es sei denn, dass in der Rechnung oder im Kaufprozess ein anderes Zahlungsziel angegeben wurde.<\/p>\n<p>4.4 Ist Zahlung per Kredit- oder Debitkarte vereinbart, wird der Kaufpreis sofort nach Vertragsschluss f\u00e4llig.<\/p>\n<p>4.5 Ist die Zahlung via \u201ePayPal\u201c vereinbart, wird der Kaufpreis sofort nach Vertragsabschluss f\u00e4llig. Die Zahlungsabwicklung erfolgt \u00fcber den Zahlungsdienstleister PayPal (Europe) S.\u00e0 r.l. et Cie, S.C.A., 22-24 Boulevard Royal, L-2449 Luxembourg.<\/p>\n<p>4.6 Ist \u201eSofort\u00fcberweisung\u201c vereinbart, wird der Kaufpreis sofort nach Vertragsschluss f\u00e4llig. Die Zahlungsabwicklung erfolgt \u00fcber die Sofort GmbH, Theresienh\u00f6he 12, 80339 M\u00fcnchen.<\/p>\n<p>4.7 Ist Giropay vereinbart, wird der Kaufpreis sofort nach Vertragsabschluss f\u00e4llig. Die Zahlungsabwicklung erfolgt \u00fcber die paydirect GmbH, Stephanstr. 14-16, 60313 Frankfurt am Main.<\/p>\n<h2>5. Eigentumsvorbehalt<\/h2>\n<p>Die gekaufte Ware bleibt bis zur vollst\u00e4ndigen Bezahlung des Kaufpreises Eigentum des Anbieters.<\/p>\n<h2>6. Lieferung und Selbstbelieferungsvorbehalt<\/h2>\n<p>6.1 Vorbehaltlich abweichender Vereinbarungen erfolgt die Lieferung innerhalb der im Online-Shop angegebenen Lieferzeit an die vom Kunden angegebene Lieferadresse. Die geltenden Lieferzeiten sind dem Online-Shop zu entnehmen.<\/p>\n<p>6.2 Bei Speditionslieferungen erfolgt die Lieferung vorbehaltlich abweichender Vereinbarungen \u201efrei Bordsteinkante\u201c Hiermit ist die Lieferung bis zu der der angegebenen Lieferadresse n\u00e4chst gelegenen, \u00f6ffentlichen Bordsteinkante gemeint.<\/p>\n<p>6.3 Eine Selbstabholung der erworbenen Waren ist ausgeschlossen.<\/p>\n<p>6.4 Wenn der Anbieter die bestellte Ware nicht liefern kann, weil er ohne eigenes Verschulden selbst nicht beliefert wurde, obwohl er rechtzeitig mit einem zuverl\u00e4ssigen Lieferanten ein kongruentes Deckungsgesch\u00e4ft abgeschlossen hat, wird der Anbieter von seiner Leistungspflicht frei und kann vom Vertrag zur\u00fccktreten. Der Anbieter ist verpflichtet, den Kunden unverz\u00fcglich \u00fcber die Unm\u00f6glichkeit der Leistungserf\u00fcllung in Kenntnis zu setzen. Bereits erbrachte Gegenleistungen des Vertragspartners werden diesem unverz\u00fcglich erstattet. Zwingendes Verbraucherrecht bleibt vom vorliegenden Absatz unber\u00fchrt.<\/p>\n<h2>7. Gew\u00e4hrleistung<\/h2>\n<p>Es gelten die Vorschriften der gesetzlichen M\u00e4ngelhaftung.<\/p>\n<h2>8. Haftung<\/h2>\n<p>8.1 Der Anbieter haftet unbeschr\u00e4nkt:<\/p>\n<ul>\n<li>f\u00fcr Sch\u00e4den aus der Verletzung des Lebens, des K\u00f6rpers oder der Gesundheit, die auf einer vors\u00e4tzlichen oder fahrl\u00e4ssigen Pflichtverletzung des Anbieters oder einer vors\u00e4tzlichen oder fahrl\u00e4ssigen Pflichtverletzung eines gesetzlichen Vertreters oder Erf\u00fcllungsgehilfen des Anbieters beruhen;<\/li>\n<li>f\u00fcr Sch\u00e4den, die auf einer vors\u00e4tzlichen oder grob fahrl\u00e4ssigen Pflichtverletzung des Anbieters oder auf einer vors\u00e4tzlichen oder grob fahrl\u00e4ssigen Pflichtverletzung eines gesetzlichen Vertreters oder Erf\u00fcllungsgehilfen des Anbieters beruhen;<\/li>\n<li>aufgrund eines Garantieversprechens, soweit diesbez\u00fcglich keine andere Regelung getroffen wurde;<\/li>\n<li>aufgrund zwingender Haftung (z.\u00a0B. nach dem Produkthaftungsgesetz)<\/li>\n<\/ul>\n<p>8.2 Wenn der Anbieter fahrl\u00e4ssig eine wesentliche Vertragspflicht verletzt, ist dessen Haftung auf den vertragstypischen, vorhersehbaren Schaden beschr\u00e4nkt, sofern nicht gem\u00e4\u00df vorstehendem Absatz unbeschr\u00e4nkt gehaftet wird. Wesentliche Vertragspflichten sind Pflichten, die der Vertrag dem Anbieter nach seinem Inhalt zur Erreichung des Vertragszwecks auferlegt, deren Erf\u00fcllung die ordnungsgem\u00e4\u00dfe Durchf\u00fchrung des Vertrags \u00fcberhaupt erst erm\u00f6glicht und auf deren Einhaltung der Kunde regelm\u00e4\u00dfig vertrauen darf.<\/p>\n<p>8.3 Im \u00dcbrigen ist eine Haftung des Anbieters sowie die Haftung seiner Erf\u00fcllungsgehilfen und gesetzlichen Vertreter ausgeschlossen.<\/p>\n<h2>9. Datenschutz<\/h2>\n<p>Der Anbieter behandelt die personenbezogenen Daten seiner Kunden vertraulich und im Einklang mit den gesetzlichen Datenschutzvorschriften. N\u00e4heres entnehmen Sie der Datenschutzerkl\u00e4rung des Anbieters.<\/p>\n<h2>10. Informationen zur Online-Streitbeilegung \/ Verbraucherschlichtung<\/h2>\n<p>Die EU-Kommission stellt im Internet unter folgendem Link eine Plattform zur Online-Streitbeilegung bereit:\u00a0<a href=\"https:\/\/www.e-recht24.de\/%22https:\/\/ec.europa.eu\/consumers\/odr\/%22\" target=\"\\&quot;_blank\\&quot;\" rel=\"\\&quot;noopener noopener\">https:\/\/ec.europa.eu\/consumers\/odr<\/a>.<\/p>\n<p>Der Anbieter ist nicht bereit oder verpflichtet, an Streitbeilegungsverfahren vor einer Verbraucherschlichtungsstelle teilzunehmen.<\/p>\n<h2>11. Schlussbestimmungen<\/h2>\n<p>10.1 Anwendbar ist das Recht der Bundesrepublik Deutschland unter Ausschluss des UN-Kaufrechts, soweit diese Rechtswahl nicht dazu f\u00fchrt, dass ein Verbraucher mit gew\u00f6hnlichem Aufenthalt in der EU hierdurch zwingenden gesetzlichen Bestimmungen des Rechts seines Aufenthaltsstaates entzogen wird.<\/p>\n<p>10.2 Ist der Kunde Kaufmann, juristische Person des \u00f6ffentlichen Rechts oder \u00f6ffentlich-rechtliches Sonderverm\u00f6gen, ist das Gericht am Sitz des Anbieters zust\u00e4ndig, sofern nicht f\u00fcr die Streitigkeit ein ausschlie\u00dflicher Gerichtsstand begr\u00fcndet ist. Dies gilt auch, wenn der Kunde keinen Wohnsitz innerhalb der Europ\u00e4ischen Union hat. Der Sitz unseres Unternehmens ist der \u00dcberschrift dieser AGB zu entnehmen.<\/p>\n<p>10.3 Soweit eine Bestimmung dieses Vertrages ung\u00fcltig oder undurchsetzbar ist oder wird, bleiben die \u00fcbrigen Bestimmungen dieses Vertrages hiervon unber\u00fchrt.<\/p>\n<p>&nbsp;<\/p>\n<p>&nbsp;<\/p>\n<p>&nbsp;<\/p>\n<p>[\/et_pb_text][\/et_pb_column][\/et_pb_row][\/et_pb_section][et_pb_section fb_built=&#8221;1&#8243; admin_label=&#8221;Footer&#8221; _builder_version=&#8221;4.19.2&#8243; _module_preset=&#8221;default&#8221; background_color=&#8221;#FFFFFF&#8221; custom_padding=&#8221;40px||40px||false|false&#8221; border_width_top=&#8221;2px&#8221; border_color_top=&#8221;#000000&#8243; border_width_bottom=&#8221;2px&#8221; border_color_bottom=&#8221;#000000&#8243; global_module=&#8221;171&#8243; saved_tabs=&#8221;all&#8221; collapsed=&#8221;off&#8221; global_colors_info=&#8221;{}&#8221;][et_pb_row use_custom_gutter=&#8221;on&#8221; make_equal=&#8221;on&#8221; _builder_version=&#8221;4.19.2&#8243; _module_preset=&#8221;default&#8221; custom_padding=&#8221;0px||0px||false|false&#8221; global_colors_info=&#8221;{}&#8221;][et_pb_column type=&#8221;4_4&#8243; _builder_version=&#8221;4.16&#8243; _module_preset=&#8221;default&#8221; global_colors_info=&#8221;{}&#8221;][et_pb_image src=&#8221;https:\/\/bringers.app\/shop\/wp-content\/uploads\/2022\/02\/Bringers-Logo-RGB.png&#8221; title_text=&#8221;Bringers-Logo-RGB&#8221; align=&#8221;center&#8221; align_tablet=&#8221;center&#8221; align_phone=&#8221;center&#8221; align_last_edited=&#8221;on|desktop&#8221; _builder_version=&#8221;4.19.2&#8243; _module_preset=&#8221;default&#8221; max_width=&#8221;9%&#8221; max_width_tablet=&#8221;22%&#8221; max_width_phone=&#8221;42%&#8221; max_width_last_edited=&#8221;on|phone&#8221; module_alignment_phone=&#8221;left&#8221; module_alignment_last_edited=&#8221;off|tablet&#8221; global_colors_info=&#8221;{}&#8221;][\/et_pb_image][et_pb_text admin_label=&#8221;Text&#8221; _builder_version=&#8221;4.24.2&#8243; _module_preset=&#8221;default&#8221; text_font=&#8221;Helvetica Neue||||||||&#8221; text_text_color=&#8221;#555555&#8243; text_font_size=&#8221;16px&#8221; text_letter_spacing=&#8221;0.4px&#8221; text_line_height=&#8221;1em&#8221; link_font=&#8221;Helvetica Neue||||||||&#8221; link_text_color=&#8221;#4A4849&#8243; link_font_size=&#8221;16px&#8221; link_letter_spacing=&#8221;0.4px&#8221; text_orientation=&#8221;center&#8221; background_layout=&#8221;dark&#8221; custom_padding=&#8221;20px||10px||false|false&#8221; global_colors_info=&#8221;{}&#8221;]<\/p>\n<p><a href=\"https:\/\/bringers.app\/shop\/\">BRINGERS<\/a> \u00a0 \u00a0| \u00a0 \u00a0<a href=\"https:\/\/bringers.app\/shop\/agb\/\" target=\"_blank\" rel=\"noopener\">AGB<\/a> \u00a0 \u00a0| \u00a0 <a href=\"\/shop\/zahlung-und-versand\/\">Zahlung &amp; Versand<\/a>\u00a0 \u00a0|\u00a0 \u00a0<a href=\"\/shop\/widerrufsrecht\/\">Widerrufsrecht<\/a> \u00a0 \u00a0| \u00a0 \u00a0<a href=\"\/shop\/impressum\/\">Impressum<\/a> \u00a0 \u00a0| \u00a0 \u00a0<a href=\"\/shop\/datenschutz\/\">Datenschutzerkl\u00e4rung<\/a> \u00a0 \u00a0| \u00a0 \u00a0<a href=\"\/shop\/some-datenschutz\/\">Social-Media-Datenschutz<\/a><\/p>\n<p>[\/et_pb_text][et_pb_divider color=&#8221;#ededed&#8221; divider_position=&#8221;center&#8221; _builder_version=&#8221;4.19.2&#8243; _module_preset=&#8221;default&#8221; max_width=&#8221;82%&#8221; module_alignment=&#8221;center&#8221; custom_padding=&#8221;0px||0px||false|false&#8221; global_colors_info=&#8221;{}&#8221;][\/et_pb_divider][et_pb_text _builder_version=&#8221;4.17.4&#8243; _module_preset=&#8221;default&#8221; text_font=&#8221;||||||||&#8221; text_text_color=&#8221;#8c8c8c&#8221; text_font_size=&#8221;13px&#8221; text_letter_spacing=&#8221;0.4px&#8221; text_orientation=&#8221;center&#8221; background_layout=&#8221;dark&#8221; global_colors_info=&#8221;{}&#8221;]<\/p>\n<p><span>*Alle Preise in Nettoangabe zzgl.<\/span><span>\u00a0Versandkosten und ggf. Nachnahmegeb\u00fchren, wenn nicht anders beschrieben.<\/span><\/p>\n<p>[\/et_pb_text][et_pb_text _builder_version=&#8221;4.17.4&#8243; _module_preset=&#8221;default&#8221; text_text_color=&#8221;#8c8c8c&#8221; text_font_size=&#8221;13px&#8221; text_letter_spacing=&#8221;0.4px&#8221; text_orientation=&#8221;center&#8221; background_layout=&#8221;dark&#8221; global_colors_info=&#8221;{}&#8221;]<\/p>\n<p><span>\u00a9 2022 | BRINGERS GmbH<\/span><\/p>\n<p>[\/et_pb_text][\/et_pb_column][\/et_pb_row][\/et_pb_section]<\/p>\n","protected":false},"excerpt":{"rendered":"<p>Allgemeine Gesch\u00e4ftsbedingungen (AGB)f\u00fcr den Online-Shop unter der URL https:\/\/bringers.app\/shop\/ betrieben von BRINGERS GmbHIngolst\u00e4dter Str. 23a86529 SchrobenhausenE-Mail:\u00a0info@bringers-team.de+49 173 3717639 \u00a0 1. Geltungsbereich Diese Allgemeinen Gesch\u00e4ftsbedingungen (AGB) gelten nach ihrer Einbeziehung f\u00fcr alle Vertragsschl\u00fcsse \u00fcber den Erwerb von Waren, Dienstleistungen oder sonstigen G\u00fctern (nachfolgend \u201eWaren\u201c) im Online-Shop unter der o.g. URL in ihrer zum Zeitpunkt des Vertragsschlusses [&hellip;]<\/p>\n","protected":false},"author":52,"featured_media":0,"parent":0,"menu_order":0,"comment_status":"closed","ping_status":"closed","template":"","meta":{"_et_pb_use_builder":"on","_et_pb_old_content":"","_et_gb_content_width":"","footnotes":""},"class_list":["post-888185","page","type-page","status-publish","hentry"],"yoast_head":"<!-- This site is optimized with the Yoast SEO plugin v22.1 - https:\/\/yoast.com\/wordpress\/plugins\/seo\/ -->\n<title>AGB - BRINGERS Shop<\/title>\n<meta name=\"robots\" content=\"index, follow, max-snippet:-1, max-image-preview:large, max-video-preview:-1\" \/>\n<link rel=\"canonical\" href=\"https:\/\/bringers.app\/shop\/agb\/\" \/>\n<meta property=\"og:locale\" content=\"de_DE\" \/>\n<meta property=\"og:type\" content=\"article\" \/>\n<meta property=\"og:title\" content=\"AGB - BRINGERS Shop\" \/>\n<meta property=\"og:description\" content=\"Allgemeine Gesch\u00e4ftsbedingungen (AGB)f\u00fcr den Online-Shop unter der URL https:\/\/bringers.app\/shop\/ betrieben von BRINGERS GmbHIngolst\u00e4dter Str. 23a86529 SchrobenhausenE-Mail:\u00a0info@bringers-team.de+49 173 3717639 \u00a0 1. Geltungsbereich Diese Allgemeinen Gesch\u00e4ftsbedingungen (AGB) gelten nach ihrer Einbeziehung f\u00fcr alle Vertragsschl\u00fcsse \u00fcber den Erwerb von Waren, Dienstleistungen oder sonstigen G\u00fctern (nachfolgend \u201eWaren\u201c) im Online-Shop unter der o.g. URL in ihrer zum Zeitpunkt des Vertragsschlusses [&hellip;]\" \/>\n<meta property=\"og:url\" content=\"https:\/\/bringers.app\/shop\/agb\/\" \/>\n<meta property=\"og:site_name\" content=\"BRINGERS Shop\" \/>\n<meta property=\"article:modified_time\" content=\"2026-03-25T13:27:11+00:00\" \/>\n<meta name=\"twitter:card\" content=\"summary_large_image\" \/>\n<meta name=\"twitter:label1\" content=\"Gesch\u00e4tzte Lesezeit\" \/>\n\t<meta name=\"twitter:data1\" content=\"8\u00a0Minuten\" \/>\n<script type=\"application\/ld+json\" class=\"yoast-schema-graph\">{\"@context\":\"https:\/\/schema.org\",\"@graph\":[{\"@type\":\"WebPage\",\"@id\":\"https:\/\/bringers.app\/shop\/agb\/\",\"url\":\"https:\/\/bringers.app\/shop\/agb\/\",\"name\":\"AGB - BRINGERS Shop\",\"isPartOf\":{\"@id\":\"https:\/\/bringers.app\/shop\/#website\"},\"datePublished\":\"2023-10-30T12:21:24+00:00\",\"dateModified\":\"2026-03-25T13:27:11+00:00\",\"breadcrumb\":{\"@id\":\"https:\/\/bringers.app\/shop\/agb\/#breadcrumb\"},\"inLanguage\":\"de\",\"potentialAction\":[{\"@type\":\"ReadAction\",\"target\":[\"https:\/\/bringers.app\/shop\/agb\/\"]}]},{\"@type\":\"BreadcrumbList\",\"@id\":\"https:\/\/bringers.app\/shop\/agb\/#breadcrumb\",\"itemListElement\":[{\"@type\":\"ListItem\",\"position\":1,\"name\":\"Startseite\",\"item\":\"https:\/\/bringers.app\/shop\/\"},{\"@type\":\"ListItem\",\"position\":2,\"name\":\"AGB\"}]},{\"@type\":\"WebSite\",\"@id\":\"https:\/\/bringers.app\/shop\/#website\",\"url\":\"https:\/\/bringers.app\/shop\/\",\"name\":\"BRINGERS Shop\",\"description\":\"Material f\u00fcr die Lieferung von Lebensmitteln und Ern\u00e4hrungsprodukten\",\"potentialAction\":[{\"@type\":\"SearchAction\",\"target\":{\"@type\":\"EntryPoint\",\"urlTemplate\":\"https:\/\/bringers.app\/shop\/?s={search_term_string}\"},\"query-input\":\"required name=search_term_string\"}],\"inLanguage\":\"de\"}]}<\/script>\n<!-- \/ Yoast SEO plugin. -->","yoast_head_json":{"title":"AGB - BRINGERS Shop","robots":{"index":"index","follow":"follow","max-snippet":"max-snippet:-1","max-image-preview":"max-image-preview:large","max-video-preview":"max-video-preview:-1"},"canonical":"https:\/\/bringers.app\/shop\/agb\/","og_locale":"de_DE","og_type":"article","og_title":"AGB - BRINGERS Shop","og_description":"Allgemeine Gesch\u00e4ftsbedingungen (AGB)f\u00fcr den Online-Shop unter der URL https:\/\/bringers.app\/shop\/ betrieben von BRINGERS GmbHIngolst\u00e4dter Str. 23a86529 SchrobenhausenE-Mail:\u00a0info@bringers-team.de+49 173 3717639 \u00a0 1. Geltungsbereich Diese Allgemeinen Gesch\u00e4ftsbedingungen (AGB) gelten nach ihrer Einbeziehung f\u00fcr alle Vertragsschl\u00fcsse \u00fcber den Erwerb von Waren, Dienstleistungen oder sonstigen G\u00fctern (nachfolgend \u201eWaren\u201c) im Online-Shop unter der o.g. URL in ihrer zum Zeitpunkt des Vertragsschlusses [&hellip;]","og_url":"https:\/\/bringers.app\/shop\/agb\/","og_site_name":"BRINGERS Shop","article_modified_time":"2026-03-25T13:27:11+00:00","twitter_card":"summary_large_image","twitter_misc":{"Gesch\u00e4tzte Lesezeit":"8\u00a0Minuten"},"schema":{"@context":"https:\/\/schema.org","@graph":[{"@type":"WebPage","@id":"https:\/\/bringers.app\/shop\/agb\/","url":"https:\/\/bringers.app\/shop\/agb\/","name":"AGB - BRINGERS Shop","isPartOf":{"@id":"https:\/\/bringers.app\/shop\/#website"},"datePublished":"2023-10-30T12:21:24+00:00","dateModified":"2026-03-25T13:27:11+00:00","breadcrumb":{"@id":"https:\/\/bringers.app\/shop\/agb\/#breadcrumb"},"inLanguage":"de","potentialAction":[{"@type":"ReadAction","target":["https:\/\/bringers.app\/shop\/agb\/"]}]},{"@type":"BreadcrumbList","@id":"https:\/\/bringers.app\/shop\/agb\/#breadcrumb","itemListElement":[{"@type":"ListItem","position":1,"name":"Startseite","item":"https:\/\/bringers.app\/shop\/"},{"@type":"ListItem","position":2,"name":"AGB"}]},{"@type":"WebSite","@id":"https:\/\/bringers.app\/shop\/#website","url":"https:\/\/bringers.app\/shop\/","name":"BRINGERS Shop","description":"Material f\u00fcr die Lieferung von Lebensmitteln und Ern\u00e4hrungsprodukten","potentialAction":[{"@type":"SearchAction","target":{"@type":"EntryPoint","urlTemplate":"https:\/\/bringers.app\/shop\/?s={search_term_string}"},"query-input":"required name=search_term_string"}],"inLanguage":"de"}]}},"_links":{"self":[{"href":"https:\/\/bringers.app\/shop\/wp-json\/wp\/v2\/pages\/888185","targetHints":{"allow":["GET"]}}],"collection":[{"href":"https:\/\/bringers.app\/shop\/wp-json\/wp\/v2\/pages"}],"about":[{"href":"https:\/\/bringers.app\/shop\/wp-json\/wp\/v2\/types\/page"}],"author":[{"embeddable":true,"href":"https:\/\/bringers.app\/shop\/wp-json\/wp\/v2\/users\/52"}],"replies":[{"embeddable":true,"href":"https:\/\/bringers.app\/shop\/wp-json\/wp\/v2\/comments?post=888185"}],"version-history":[{"count":7,"href":"https:\/\/bringers.app\/shop\/wp-json\/wp\/v2\/pages\/888185\/revisions"}],"predecessor-version":[{"id":888903,"href":"https:\/\/bringers.app\/shop\/wp-json\/wp\/v2\/pages\/888185\/revisions\/888903"}],"wp:attachment":[{"href":"https:\/\/bringers.app\/shop\/wp-json\/wp\/v2\/media?parent=888185"}],"curies":[{"name":"wp","href":"https:\/\/api.w.org\/{rel}","templated":true}]}}