{"id":168742,"date":"2023-09-05T11:53:26","date_gmt":"2023-09-05T09:53:26","guid":{"rendered":"https:\/\/bringers.app\/shop\/?post_type=product&#038;p=168742"},"modified":"2024-12-14T10:47:15","modified_gmt":"2024-12-14T09:47:15","slug":"biopak-72","status":"publish","type":"product","link":"https:\/\/bringers.app\/shop\/produkt\/biopak-72\/","title":{"rendered":"Pizzabox \u00d8 36 cm Braun ungeteilt, 165 Stk\/Krt (3 x 55 Stk) (ohne Deckel)"},"content":{"rendered":"<p>Wenn Sie auf der Suche nach einer einzigartigen, trendigen und nachhaltigen L\u00f6sung f\u00fcr Pizza und den Pizza-Lieferservice sind, haben wir die perfekte L\u00f6sung f\u00fcr Sie. Hergestellt aus erneuerbaren und kompostierbaren Zuckerrohrfasern (Bagasse), ist unsere Pizzaschachtel mit ihrem attraktiven runden Design (genau wie Ihre Pizza), ihrer Stapelbarkeit und Fettbest\u00e4ndigkeit die Verpackung, die Ihre Pizza verdient. Material: Zuckerrohrfaser. DATENBLATT: \u00a0<a href=\"https:\/\/bringers.app\/shop\/wp-content\/uploads\/2023\/09\/168742_de-1.pdf\">Deutsch<\/a>\u00a0 \/\u00a0 <a href=\"https:\/\/mediabank.duni.com\/doc\/168742_DoC_en.pdf\">Englisch<\/a><\/p>\n","protected":false},"excerpt":{"rendered":"<p>St\u00fcckpreis: 0,43 \u20ac<br \/>\nUSP:<br \/>\n\u2022 Zertifiziert f\u00fcr die industrielle Kompostierung<br \/>\n\u2022 Hergestellt aus nachwachsenden Rohstoffen.<br \/>\n\u2022 Ausgezeichnete Stapelbarkeit<br \/>\n\u2022 Wasser- und fettbest\u00e4ndig<br \/>\nPassender Deckel Artikelnummer 168743<\/p>\n","protected":false},"featured_media":887778,"comment_status":"open","ping_status":"closed","template":"","meta":{"_et_pb_use_builder":"","_et_pb_old_content":"","_et_gb_content_width":""},"product_cat":[205,211,204,200,57],"product_tag":[],"class_list":{"0":"post-168742","1":"product","2":"type-product","3":"status-publish","4":"has-post-thumbnail","6":"product_cat-bagasse-boxen-schalen","7":"product_cat-boxen-schalen","8":"product_cat-pizzabox","9":"product_cat-take-away-to-go-sortiment-fuer-den-transport-auf-wasser","10":"product_cat-boxen-und-schalen","12":"first","13":"instock","14":"taxable","15":"shipping-taxable","16":"purchasable","17":"product-type-simple"},"yoast_head":"<!-- This site is optimized with the Yoast SEO plugin v22.1 - https:\/\/yoast.com\/wordpress\/plugins\/seo\/ -->\n<title>Pizzabox \u00d8 36 cm Braun ungeteilt, 165 Stk\/Krt (3 x 55 Stk) (ohne Deckel) - BRINGERS Shop<\/title>\n<meta name=\"robots\" content=\"index, follow, max-snippet:-1, max-image-preview:large, max-video-preview:-1\" \/>\n<link rel=\"canonical\" href=\"https:\/\/bringers.app\/shop\/produkt\/biopak-72\/\" \/>\n<meta property=\"og:locale\" content=\"de_DE\" \/>\n<meta property=\"og:type\" content=\"article\" \/>\n<meta property=\"og:title\" content=\"Pizzabox \u00d8 36 cm Braun ungeteilt, 165 Stk\/Krt (3 x 55 Stk) (ohne Deckel) - BRINGERS Shop\" \/>\n<meta property=\"og:description\" content=\"St\u00fcckpreis: 0,43 \u20ac USP: \u2022 Zertifiziert f\u00fcr die industrielle Kompostierung \u2022 Hergestellt aus nachwachsenden Rohstoffen. \u2022 Ausgezeichnete Stapelbarkeit \u2022 Wasser- und fettbest\u00e4ndig Passender Deckel Artikelnummer 168743\" \/>\n<meta property=\"og:url\" content=\"https:\/\/bringers.app\/shop\/produkt\/biopak-72\/\" \/>\n<meta property=\"og:site_name\" content=\"BRINGERS Shop\" \/>\n<meta property=\"article:modified_time\" content=\"2024-12-14T09:47:15+00:00\" \/>\n<meta property=\"og:image\" content=\"https:\/\/bringers.app\/shop\/wp-content\/uploads\/2023\/09\/168742-scaled.jpg\" \/>\n\t<meta property=\"og:image:width\" content=\"2560\" \/>\n\t<meta property=\"og:image:height\" content=\"2560\" \/>\n\t<meta property=\"og:image:type\" content=\"image\/jpeg\" \/>\n<meta name=\"twitter:card\" content=\"summary_large_image\" \/>\n<meta name=\"twitter:label1\" content=\"Gesch\u00e4tzte Lesezeit\" \/>\n\t<meta name=\"twitter:data1\" content=\"1\u00a0Minute\" \/>\n<script type=\"application\/ld+json\" class=\"yoast-schema-graph\">{\"@context\":\"https:\/\/schema.org\",\"@graph\":[{\"@type\":\"WebPage\",\"@id\":\"https:\/\/bringers.app\/shop\/produkt\/biopak-72\/\",\"url\":\"https:\/\/bringers.app\/shop\/produkt\/biopak-72\/\",\"name\":\"Pizzabox \u00d8 36 cm Braun ungeteilt, 165 Stk\/Krt (3 x 55 Stk) (ohne Deckel) - BRINGERS Shop\",\"isPartOf\":{\"@id\":\"https:\/\/bringers.app\/shop\/#website\"},\"datePublished\":\"2023-09-05T09:53:26+00:00\",\"dateModified\":\"2024-12-14T09:47:15+00:00\",\"breadcrumb\":{\"@id\":\"https:\/\/bringers.app\/shop\/produkt\/biopak-72\/#breadcrumb\"},\"inLanguage\":\"de\",\"potentialAction\":[{\"@type\":\"ReadAction\",\"target\":[\"https:\/\/bringers.app\/shop\/produkt\/biopak-72\/\"]}]},{\"@type\":\"BreadcrumbList\",\"@id\":\"https:\/\/bringers.app\/shop\/produkt\/biopak-72\/#breadcrumb\",\"itemListElement\":[{\"@type\":\"ListItem\",\"position\":1,\"name\":\"Startseite\",\"item\":\"https:\/\/bringers.app\/shop\/\"},{\"@type\":\"ListItem\",\"position\":2,\"name\":\"Shop\",\"item\":\"https:\/\/bringers.app\/shop\/shop\/\"},{\"@type\":\"ListItem\",\"position\":3,\"name\":\"Pizzabox \u00d8 36 cm Braun ungeteilt, 165 Stk\/Krt (3 x 55 Stk) (ohne Deckel)\"}]},{\"@type\":\"WebSite\",\"@id\":\"https:\/\/bringers.app\/shop\/#website\",\"url\":\"https:\/\/bringers.app\/shop\/\",\"name\":\"BRINGERS Shop\",\"description\":\"Material f\u00fcr die Lieferung von Lebensmitteln und Ern\u00e4hrungsprodukten\",\"potentialAction\":[{\"@type\":\"SearchAction\",\"target\":{\"@type\":\"EntryPoint\",\"urlTemplate\":\"https:\/\/bringers.app\/shop\/?s={search_term_string}\"},\"query-input\":\"required name=search_term_string\"}],\"inLanguage\":\"de\"}]}<\/script>\n<!-- \/ Yoast SEO plugin. -->","yoast_head_json":{"title":"Pizzabox \u00d8 36 cm Braun ungeteilt, 165 Stk\/Krt (3 x 55 Stk) (ohne Deckel) - BRINGERS Shop","robots":{"index":"index","follow":"follow","max-snippet":"max-snippet:-1","max-image-preview":"max-image-preview:large","max-video-preview":"max-video-preview:-1"},"canonical":"https:\/\/bringers.app\/shop\/produkt\/biopak-72\/","og_locale":"de_DE","og_type":"article","og_title":"Pizzabox \u00d8 36 cm Braun ungeteilt, 165 Stk\/Krt (3 x 55 Stk) (ohne Deckel) - BRINGERS Shop","og_description":"St\u00fcckpreis: 0,43 \u20ac USP: \u2022 Zertifiziert f\u00fcr die industrielle Kompostierung \u2022 Hergestellt aus nachwachsenden Rohstoffen. \u2022 Ausgezeichnete Stapelbarkeit \u2022 Wasser- und fettbest\u00e4ndig Passender Deckel Artikelnummer 168743","og_url":"https:\/\/bringers.app\/shop\/produkt\/biopak-72\/","og_site_name":"BRINGERS Shop","article_modified_time":"2024-12-14T09:47:15+00:00","og_image":[{"width":2560,"height":2560,"url":"https:\/\/bringers.app\/shop\/wp-content\/uploads\/2023\/09\/168742-scaled.jpg","type":"image\/jpeg"}],"twitter_card":"summary_large_image","twitter_misc":{"Gesch\u00e4tzte Lesezeit":"1\u00a0Minute"},"schema":{"@context":"https:\/\/schema.org","@graph":[{"@type":"WebPage","@id":"https:\/\/bringers.app\/shop\/produkt\/biopak-72\/","url":"https:\/\/bringers.app\/shop\/produkt\/biopak-72\/","name":"Pizzabox \u00d8 36 cm Braun ungeteilt, 165 Stk\/Krt (3 x 55 Stk) (ohne Deckel) - BRINGERS Shop","isPartOf":{"@id":"https:\/\/bringers.app\/shop\/#website"},"datePublished":"2023-09-05T09:53:26+00:00","dateModified":"2024-12-14T09:47:15+00:00","breadcrumb":{"@id":"https:\/\/bringers.app\/shop\/produkt\/biopak-72\/#breadcrumb"},"inLanguage":"de","potentialAction":[{"@type":"ReadAction","target":["https:\/\/bringers.app\/shop\/produkt\/biopak-72\/"]}]},{"@type":"BreadcrumbList","@id":"https:\/\/bringers.app\/shop\/produkt\/biopak-72\/#breadcrumb","itemListElement":[{"@type":"ListItem","position":1,"name":"Startseite","item":"https:\/\/bringers.app\/shop\/"},{"@type":"ListItem","position":2,"name":"Shop","item":"https:\/\/bringers.app\/shop\/shop\/"},{"@type":"ListItem","position":3,"name":"Pizzabox \u00d8 36 cm Braun ungeteilt, 165 Stk\/Krt (3 x 55 Stk) (ohne Deckel)"}]},{"@type":"WebSite","@id":"https:\/\/bringers.app\/shop\/#website","url":"https:\/\/bringers.app\/shop\/","name":"BRINGERS Shop","description":"Material f\u00fcr die Lieferung von Lebensmitteln und Ern\u00e4hrungsprodukten","potentialAction":[{"@type":"SearchAction","target":{"@type":"EntryPoint","urlTemplate":"https:\/\/bringers.app\/shop\/?s={search_term_string}"},"query-input":"required name=search_term_string"}],"inLanguage":"de"}]}},"_links":{"self":[{"href":"https:\/\/bringers.app\/shop\/wp-json\/wp\/v2\/product\/168742","targetHints":{"allow":["GET"]}}],"collection":[{"href":"https:\/\/bringers.app\/shop\/wp-json\/wp\/v2\/product"}],"about":[{"href":"https:\/\/bringers.app\/shop\/wp-json\/wp\/v2\/types\/product"}],"replies":[{"embeddable":true,"href":"https:\/\/bringers.app\/shop\/wp-json\/wp\/v2\/comments?post=168742"}],"wp:featuredmedia":[{"embeddable":true,"href":"https:\/\/bringers.app\/shop\/wp-json\/wp\/v2\/media\/887778"}],"wp:attachment":[{"href":"https:\/\/bringers.app\/shop\/wp-json\/wp\/v2\/media?parent=168742"}],"wp:term":[{"taxonomy":"product_cat","embeddable":true,"href":"https:\/\/bringers.app\/shop\/wp-json\/wp\/v2\/product_cat?post=168742"},{"taxonomy":"product_tag","embeddable":true,"href":"https:\/\/bringers.app\/shop\/wp-json\/wp\/v2\/product_tag?post=168742"}],"curies":[{"name":"wp","href":"https:\/\/api.w.org\/{rel}","templated":true}]}}