{"id":176397,"date":"2023-09-05T11:51:45","date_gmt":"2023-09-05T09:51:45","guid":{"rendered":"https:\/\/bringers.app\/shop\/?post_type=product&#038;p=176397"},"modified":"2024-12-17T01:59:36","modified_gmt":"2024-12-17T00:59:36","slug":"duni-29","status":"publish","type":"product","link":"https:\/\/bringers.app\/shop\/produkt\/duni-29\/","title":{"rendered":"DF Pearl M2 220 x 42 mm Schwarz 2-Teilung, 300 Stk\/Krt (1 x 300 Stk) (ohne Deckel)"},"content":{"rendered":"<p>Die versiegelbaren PP-Pearl-Schalen haben eine attraktive Form, die direkt ins Auge f\u00e4llt. Dies sorgt daf\u00fcr, dass sie auffallen und ein herausragendes kulinarisches Erlebnis bieten, nicht zuletzt in der Gemeinschaftsverpflegung. Sie sind in verschiedenen Formaten und Aufteilungen erh\u00e4ltlich, in denen sich zahlreiche Speisen und Men\u00fcs unterbringen lassen und verf\u00fcgen \u00fcber Griffe f\u00fcr eine einfache Handhabung. Sie sind versiegelbar mit unseren Duniform\u00ae-Maschinen, k\u00f6nnen aber auch mit passenden transparenten Deckeln sicher verschlossen werden. Wenn Sie die Haltbarkeitsdauer Ihrer Speisen verl\u00e4ngern m\u00f6chten, sind die Schalen auch f\u00fcr MAP geeignet. Material: PP\/Mineral. Datenblatt: <a href=\"https:\/\/mediabank.duni.com\/doc\/176397_DoC_de.pdf\">Deutsch\u00a0<\/a>\/ <a href=\"https:\/\/bringers.app\/shop\/wp-content\/uploads\/2023\/09\/176397_en-1.pdf\">Englisch<\/a><\/p>\n","protected":false},"excerpt":{"rendered":"<p>St\u00fcckpreis: 0,27 \u20ac<br \/>\nUSP:<br \/>\n\u2022 Schalen mit unserem einzigartigen Duniform-Konzept versiegelbar<br \/>\n\u2022 Schalen geeignet f\u00fcr Modified Atmosphere Packaging (MAP)<br \/>\n\u2022 Deckel mit hervorragender Stapelbarkeit<br \/>\nPassender Deckel Artikelnummer 176399<\/p>\n","protected":false},"featured_media":887727,"comment_status":"open","ping_status":"closed","template":"","meta":{"_et_pb_use_builder":"","_et_pb_old_content":"","_et_gb_content_width":""},"product_cat":[57],"product_tag":[],"class_list":{"0":"post-176397","1":"product","2":"type-product","3":"status-publish","4":"has-post-thumbnail","6":"product_cat-boxen-und-schalen","8":"first","9":"instock","10":"taxable","11":"shipping-taxable","12":"purchasable","13":"product-type-simple"},"yoast_head":"<!-- This site is optimized with the Yoast SEO plugin v22.1 - https:\/\/yoast.com\/wordpress\/plugins\/seo\/ -->\n<title>DF Pearl M2 220 x 42 mm Schwarz 2-Teilung, 300 Stk\/Krt (1 x 300 Stk) (ohne Deckel) - BRINGERS Shop<\/title>\n<meta name=\"robots\" content=\"index, follow, max-snippet:-1, max-image-preview:large, max-video-preview:-1\" \/>\n<link rel=\"canonical\" href=\"https:\/\/bringers.app\/shop\/produkt\/duni-29\/\" \/>\n<meta property=\"og:locale\" content=\"de_DE\" \/>\n<meta property=\"og:type\" content=\"article\" \/>\n<meta property=\"og:title\" content=\"DF Pearl M2 220 x 42 mm Schwarz 2-Teilung, 300 Stk\/Krt (1 x 300 Stk) (ohne Deckel) - BRINGERS Shop\" \/>\n<meta property=\"og:description\" content=\"St\u00fcckpreis: 0,27 \u20ac USP: \u2022 Schalen mit unserem einzigartigen Duniform-Konzept versiegelbar \u2022 Schalen geeignet f\u00fcr Modified Atmosphere Packaging (MAP) \u2022 Deckel mit hervorragender Stapelbarkeit Passender Deckel Artikelnummer 176399\" \/>\n<meta property=\"og:url\" content=\"https:\/\/bringers.app\/shop\/produkt\/duni-29\/\" \/>\n<meta property=\"og:site_name\" content=\"BRINGERS Shop\" \/>\n<meta property=\"article:modified_time\" content=\"2024-12-17T00:59:36+00:00\" \/>\n<meta property=\"og:image\" content=\"https:\/\/bringers.app\/shop\/wp-content\/uploads\/2023\/09\/176397.jpg\" \/>\n\t<meta property=\"og:image:width\" content=\"2500\" \/>\n\t<meta property=\"og:image:height\" content=\"2500\" \/>\n\t<meta property=\"og:image:type\" content=\"image\/jpeg\" \/>\n<meta name=\"twitter:card\" content=\"summary_large_image\" \/>\n<meta name=\"twitter:label1\" content=\"Gesch\u00e4tzte Lesezeit\" \/>\n\t<meta name=\"twitter:data1\" content=\"1\u00a0Minute\" \/>\n<script type=\"application\/ld+json\" class=\"yoast-schema-graph\">{\"@context\":\"https:\/\/schema.org\",\"@graph\":[{\"@type\":\"WebPage\",\"@id\":\"https:\/\/bringers.app\/shop\/produkt\/duni-29\/\",\"url\":\"https:\/\/bringers.app\/shop\/produkt\/duni-29\/\",\"name\":\"DF Pearl M2 220 x 42 mm Schwarz 2-Teilung, 300 Stk\/Krt (1 x 300 Stk) (ohne Deckel) - BRINGERS Shop\",\"isPartOf\":{\"@id\":\"https:\/\/bringers.app\/shop\/#website\"},\"datePublished\":\"2023-09-05T09:51:45+00:00\",\"dateModified\":\"2024-12-17T00:59:36+00:00\",\"breadcrumb\":{\"@id\":\"https:\/\/bringers.app\/shop\/produkt\/duni-29\/#breadcrumb\"},\"inLanguage\":\"de\",\"potentialAction\":[{\"@type\":\"ReadAction\",\"target\":[\"https:\/\/bringers.app\/shop\/produkt\/duni-29\/\"]}]},{\"@type\":\"BreadcrumbList\",\"@id\":\"https:\/\/bringers.app\/shop\/produkt\/duni-29\/#breadcrumb\",\"itemListElement\":[{\"@type\":\"ListItem\",\"position\":1,\"name\":\"Startseite\",\"item\":\"https:\/\/bringers.app\/shop\/\"},{\"@type\":\"ListItem\",\"position\":2,\"name\":\"Shop\",\"item\":\"https:\/\/bringers.app\/shop\/shop\/\"},{\"@type\":\"ListItem\",\"position\":3,\"name\":\"DF Pearl M2 220 x 42 mm Schwarz 2-Teilung, 300 Stk\/Krt (1 x 300 Stk) (ohne Deckel)\"}]},{\"@type\":\"WebSite\",\"@id\":\"https:\/\/bringers.app\/shop\/#website\",\"url\":\"https:\/\/bringers.app\/shop\/\",\"name\":\"BRINGERS Shop\",\"description\":\"Material f\u00fcr die Lieferung von Lebensmitteln und Ern\u00e4hrungsprodukten\",\"potentialAction\":[{\"@type\":\"SearchAction\",\"target\":{\"@type\":\"EntryPoint\",\"urlTemplate\":\"https:\/\/bringers.app\/shop\/?s={search_term_string}\"},\"query-input\":\"required name=search_term_string\"}],\"inLanguage\":\"de\"}]}<\/script>\n<!-- \/ Yoast SEO plugin. -->","yoast_head_json":{"title":"DF Pearl M2 220 x 42 mm Schwarz 2-Teilung, 300 Stk\/Krt (1 x 300 Stk) (ohne Deckel) - BRINGERS Shop","robots":{"index":"index","follow":"follow","max-snippet":"max-snippet:-1","max-image-preview":"max-image-preview:large","max-video-preview":"max-video-preview:-1"},"canonical":"https:\/\/bringers.app\/shop\/produkt\/duni-29\/","og_locale":"de_DE","og_type":"article","og_title":"DF Pearl M2 220 x 42 mm Schwarz 2-Teilung, 300 Stk\/Krt (1 x 300 Stk) (ohne Deckel) - BRINGERS Shop","og_description":"St\u00fcckpreis: 0,27 \u20ac USP: \u2022 Schalen mit unserem einzigartigen Duniform-Konzept versiegelbar \u2022 Schalen geeignet f\u00fcr Modified Atmosphere Packaging (MAP) \u2022 Deckel mit hervorragender Stapelbarkeit Passender Deckel Artikelnummer 176399","og_url":"https:\/\/bringers.app\/shop\/produkt\/duni-29\/","og_site_name":"BRINGERS Shop","article_modified_time":"2024-12-17T00:59:36+00:00","og_image":[{"width":2500,"height":2500,"url":"https:\/\/bringers.app\/shop\/wp-content\/uploads\/2023\/09\/176397.jpg","type":"image\/jpeg"}],"twitter_card":"summary_large_image","twitter_misc":{"Gesch\u00e4tzte Lesezeit":"1\u00a0Minute"},"schema":{"@context":"https:\/\/schema.org","@graph":[{"@type":"WebPage","@id":"https:\/\/bringers.app\/shop\/produkt\/duni-29\/","url":"https:\/\/bringers.app\/shop\/produkt\/duni-29\/","name":"DF Pearl M2 220 x 42 mm Schwarz 2-Teilung, 300 Stk\/Krt (1 x 300 Stk) (ohne Deckel) - BRINGERS Shop","isPartOf":{"@id":"https:\/\/bringers.app\/shop\/#website"},"datePublished":"2023-09-05T09:51:45+00:00","dateModified":"2024-12-17T00:59:36+00:00","breadcrumb":{"@id":"https:\/\/bringers.app\/shop\/produkt\/duni-29\/#breadcrumb"},"inLanguage":"de","potentialAction":[{"@type":"ReadAction","target":["https:\/\/bringers.app\/shop\/produkt\/duni-29\/"]}]},{"@type":"BreadcrumbList","@id":"https:\/\/bringers.app\/shop\/produkt\/duni-29\/#breadcrumb","itemListElement":[{"@type":"ListItem","position":1,"name":"Startseite","item":"https:\/\/bringers.app\/shop\/"},{"@type":"ListItem","position":2,"name":"Shop","item":"https:\/\/bringers.app\/shop\/shop\/"},{"@type":"ListItem","position":3,"name":"DF Pearl M2 220 x 42 mm Schwarz 2-Teilung, 300 Stk\/Krt (1 x 300 Stk) (ohne Deckel)"}]},{"@type":"WebSite","@id":"https:\/\/bringers.app\/shop\/#website","url":"https:\/\/bringers.app\/shop\/","name":"BRINGERS Shop","description":"Material f\u00fcr die Lieferung von Lebensmitteln und Ern\u00e4hrungsprodukten","potentialAction":[{"@type":"SearchAction","target":{"@type":"EntryPoint","urlTemplate":"https:\/\/bringers.app\/shop\/?s={search_term_string}"},"query-input":"required name=search_term_string"}],"inLanguage":"de"}]}},"_links":{"self":[{"href":"https:\/\/bringers.app\/shop\/wp-json\/wp\/v2\/product\/176397","targetHints":{"allow":["GET"]}}],"collection":[{"href":"https:\/\/bringers.app\/shop\/wp-json\/wp\/v2\/product"}],"about":[{"href":"https:\/\/bringers.app\/shop\/wp-json\/wp\/v2\/types\/product"}],"replies":[{"embeddable":true,"href":"https:\/\/bringers.app\/shop\/wp-json\/wp\/v2\/comments?post=176397"}],"wp:featuredmedia":[{"embeddable":true,"href":"https:\/\/bringers.app\/shop\/wp-json\/wp\/v2\/media\/887727"}],"wp:attachment":[{"href":"https:\/\/bringers.app\/shop\/wp-json\/wp\/v2\/media?parent=176397"}],"wp:term":[{"taxonomy":"product_cat","embeddable":true,"href":"https:\/\/bringers.app\/shop\/wp-json\/wp\/v2\/product_cat?post=176397"},{"taxonomy":"product_tag","embeddable":true,"href":"https:\/\/bringers.app\/shop\/wp-json\/wp\/v2\/product_tag?post=176397"}],"curies":[{"name":"wp","href":"https:\/\/api.w.org\/{rel}","templated":true}]}}