{"id":181837,"date":"2023-08-22T13:04:11","date_gmt":"2023-08-22T11:04:11","guid":{"rendered":"https:\/\/bringers.app\/shop\/?post_type=product&#038;p=181837"},"modified":"2024-12-14T10:20:58","modified_gmt":"2024-12-14T09:20:58","slug":"circuit-kaffeebecher-35-cl-weiss-800-stk-krt-16-x-50-stk","status":"publish","type":"product","link":"https:\/\/bringers.app\/shop\/produkt\/circuit-kaffeebecher-35-cl-weiss-800-stk-krt-16-x-50-stk\/","title":{"rendered":"Circuit Kaffeebecher 35 cl Wei\u00df, 800 Stk\/Krt (16 x 50 Stk)"},"content":{"rendered":"<p>Unsere Circuit-Papierbecher eignen sich perfekt f\u00fcr Kaffee oder Tee. Sie sind mit einem minimalistischen Design bedruckt, das von geometrischen, flie\u00dfenden Mustern inspiriert ist. Die neutrale graue Farbe f\u00fcgt sich perfekt in jedes Umfeld ein. Material: Karton PE-beschichtet. Datenblatt: <a href=\"https:\/\/mediabank.duni.com\/doc\/181837_DoC_de.pdf\">Deutsch\u00a0<\/a>\/ <a href=\"https:\/\/bringers.app\/shop\/wp-content\/uploads\/2023\/08\/181837_en.pdf\">Englisch<\/a><\/p>\n","protected":false},"excerpt":{"rendered":"<p>St\u00fcckpreis: 0,09 \u20ac<br \/>\nUSP:<br \/>\n&#8211; Becher aus nachwachsenden Rohstoffen hergestellt<\/p>\n","protected":false},"featured_media":1849,"comment_status":"open","ping_status":"closed","template":"","meta":{"_et_pb_use_builder":"","_et_pb_old_content":"","_et_gb_content_width":""},"product_cat":[212,200,59],"product_tag":[],"class_list":{"0":"post-181837","1":"product","2":"type-product","3":"status-publish","4":"has-post-thumbnail","6":"product_cat-becher-glaeser-take-away-to-go-sortiment-fuer-den-transport-auf-wasser","7":"product_cat-take-away-to-go-sortiment-fuer-den-transport-auf-wasser","8":"product_cat-becher-glaeser","10":"first","11":"instock","12":"taxable","13":"shipping-taxable","14":"purchasable","15":"product-type-simple"},"yoast_head":"<!-- This site is optimized with the Yoast SEO plugin v22.1 - https:\/\/yoast.com\/wordpress\/plugins\/seo\/ -->\n<title>Circuit Kaffeebecher 35 cl Wei\u00df, 800 Stk\/Krt (16 x 50 Stk) - BRINGERS Shop<\/title>\n<meta name=\"robots\" content=\"index, follow, max-snippet:-1, max-image-preview:large, max-video-preview:-1\" \/>\n<link rel=\"canonical\" href=\"https:\/\/bringers.app\/shop\/produkt\/circuit-kaffeebecher-35-cl-weiss-800-stk-krt-16-x-50-stk\/\" \/>\n<meta property=\"og:locale\" content=\"de_DE\" \/>\n<meta property=\"og:type\" content=\"article\" \/>\n<meta property=\"og:title\" content=\"Circuit Kaffeebecher 35 cl Wei\u00df, 800 Stk\/Krt (16 x 50 Stk) - BRINGERS Shop\" \/>\n<meta property=\"og:description\" content=\"St\u00fcckpreis: 0,09 \u20ac USP: - Becher aus nachwachsenden Rohstoffen hergestellt\" \/>\n<meta property=\"og:url\" content=\"https:\/\/bringers.app\/shop\/produkt\/circuit-kaffeebecher-35-cl-weiss-800-stk-krt-16-x-50-stk\/\" \/>\n<meta property=\"og:site_name\" content=\"BRINGERS Shop\" \/>\n<meta property=\"article:modified_time\" content=\"2024-12-14T09:20:58+00:00\" \/>\n<meta property=\"og:image\" content=\"https:\/\/bringers.app\/shop\/wp-content\/uploads\/2023\/08\/181837.jpg\" \/>\n\t<meta property=\"og:image:width\" content=\"2500\" \/>\n\t<meta property=\"og:image:height\" content=\"2500\" \/>\n\t<meta property=\"og:image:type\" content=\"image\/jpeg\" \/>\n<meta name=\"twitter:card\" content=\"summary_large_image\" \/>\n<meta name=\"twitter:label1\" content=\"Gesch\u00e4tzte Lesezeit\" \/>\n\t<meta name=\"twitter:data1\" content=\"1\u00a0Minute\" \/>\n<script type=\"application\/ld+json\" class=\"yoast-schema-graph\">{\"@context\":\"https:\/\/schema.org\",\"@graph\":[{\"@type\":\"WebPage\",\"@id\":\"https:\/\/bringers.app\/shop\/produkt\/circuit-kaffeebecher-35-cl-weiss-800-stk-krt-16-x-50-stk\/\",\"url\":\"https:\/\/bringers.app\/shop\/produkt\/circuit-kaffeebecher-35-cl-weiss-800-stk-krt-16-x-50-stk\/\",\"name\":\"Circuit Kaffeebecher 35 cl Wei\u00df, 800 Stk\/Krt (16 x 50 Stk) - BRINGERS Shop\",\"isPartOf\":{\"@id\":\"https:\/\/bringers.app\/shop\/#website\"},\"datePublished\":\"2023-08-22T11:04:11+00:00\",\"dateModified\":\"2024-12-14T09:20:58+00:00\",\"breadcrumb\":{\"@id\":\"https:\/\/bringers.app\/shop\/produkt\/circuit-kaffeebecher-35-cl-weiss-800-stk-krt-16-x-50-stk\/#breadcrumb\"},\"inLanguage\":\"de\",\"potentialAction\":[{\"@type\":\"ReadAction\",\"target\":[\"https:\/\/bringers.app\/shop\/produkt\/circuit-kaffeebecher-35-cl-weiss-800-stk-krt-16-x-50-stk\/\"]}]},{\"@type\":\"BreadcrumbList\",\"@id\":\"https:\/\/bringers.app\/shop\/produkt\/circuit-kaffeebecher-35-cl-weiss-800-stk-krt-16-x-50-stk\/#breadcrumb\",\"itemListElement\":[{\"@type\":\"ListItem\",\"position\":1,\"name\":\"Startseite\",\"item\":\"https:\/\/bringers.app\/shop\/\"},{\"@type\":\"ListItem\",\"position\":2,\"name\":\"Shop\",\"item\":\"https:\/\/bringers.app\/shop\/shop\/\"},{\"@type\":\"ListItem\",\"position\":3,\"name\":\"Circuit Kaffeebecher 35 cl Wei\u00df, 800 Stk\/Krt (16 x 50 Stk)\"}]},{\"@type\":\"WebSite\",\"@id\":\"https:\/\/bringers.app\/shop\/#website\",\"url\":\"https:\/\/bringers.app\/shop\/\",\"name\":\"BRINGERS Shop\",\"description\":\"Material f\u00fcr die Lieferung von Lebensmitteln und Ern\u00e4hrungsprodukten\",\"potentialAction\":[{\"@type\":\"SearchAction\",\"target\":{\"@type\":\"EntryPoint\",\"urlTemplate\":\"https:\/\/bringers.app\/shop\/?s={search_term_string}\"},\"query-input\":\"required name=search_term_string\"}],\"inLanguage\":\"de\"}]}<\/script>\n<!-- \/ Yoast SEO plugin. -->","yoast_head_json":{"title":"Circuit Kaffeebecher 35 cl Wei\u00df, 800 Stk\/Krt (16 x 50 Stk) - BRINGERS Shop","robots":{"index":"index","follow":"follow","max-snippet":"max-snippet:-1","max-image-preview":"max-image-preview:large","max-video-preview":"max-video-preview:-1"},"canonical":"https:\/\/bringers.app\/shop\/produkt\/circuit-kaffeebecher-35-cl-weiss-800-stk-krt-16-x-50-stk\/","og_locale":"de_DE","og_type":"article","og_title":"Circuit Kaffeebecher 35 cl Wei\u00df, 800 Stk\/Krt (16 x 50 Stk) - BRINGERS Shop","og_description":"St\u00fcckpreis: 0,09 \u20ac USP: - Becher aus nachwachsenden Rohstoffen hergestellt","og_url":"https:\/\/bringers.app\/shop\/produkt\/circuit-kaffeebecher-35-cl-weiss-800-stk-krt-16-x-50-stk\/","og_site_name":"BRINGERS Shop","article_modified_time":"2024-12-14T09:20:58+00:00","og_image":[{"width":2500,"height":2500,"url":"https:\/\/bringers.app\/shop\/wp-content\/uploads\/2023\/08\/181837.jpg","type":"image\/jpeg"}],"twitter_card":"summary_large_image","twitter_misc":{"Gesch\u00e4tzte Lesezeit":"1\u00a0Minute"},"schema":{"@context":"https:\/\/schema.org","@graph":[{"@type":"WebPage","@id":"https:\/\/bringers.app\/shop\/produkt\/circuit-kaffeebecher-35-cl-weiss-800-stk-krt-16-x-50-stk\/","url":"https:\/\/bringers.app\/shop\/produkt\/circuit-kaffeebecher-35-cl-weiss-800-stk-krt-16-x-50-stk\/","name":"Circuit Kaffeebecher 35 cl Wei\u00df, 800 Stk\/Krt (16 x 50 Stk) - BRINGERS Shop","isPartOf":{"@id":"https:\/\/bringers.app\/shop\/#website"},"datePublished":"2023-08-22T11:04:11+00:00","dateModified":"2024-12-14T09:20:58+00:00","breadcrumb":{"@id":"https:\/\/bringers.app\/shop\/produkt\/circuit-kaffeebecher-35-cl-weiss-800-stk-krt-16-x-50-stk\/#breadcrumb"},"inLanguage":"de","potentialAction":[{"@type":"ReadAction","target":["https:\/\/bringers.app\/shop\/produkt\/circuit-kaffeebecher-35-cl-weiss-800-stk-krt-16-x-50-stk\/"]}]},{"@type":"BreadcrumbList","@id":"https:\/\/bringers.app\/shop\/produkt\/circuit-kaffeebecher-35-cl-weiss-800-stk-krt-16-x-50-stk\/#breadcrumb","itemListElement":[{"@type":"ListItem","position":1,"name":"Startseite","item":"https:\/\/bringers.app\/shop\/"},{"@type":"ListItem","position":2,"name":"Shop","item":"https:\/\/bringers.app\/shop\/shop\/"},{"@type":"ListItem","position":3,"name":"Circuit Kaffeebecher 35 cl Wei\u00df, 800 Stk\/Krt (16 x 50 Stk)"}]},{"@type":"WebSite","@id":"https:\/\/bringers.app\/shop\/#website","url":"https:\/\/bringers.app\/shop\/","name":"BRINGERS Shop","description":"Material f\u00fcr die Lieferung von Lebensmitteln und Ern\u00e4hrungsprodukten","potentialAction":[{"@type":"SearchAction","target":{"@type":"EntryPoint","urlTemplate":"https:\/\/bringers.app\/shop\/?s={search_term_string}"},"query-input":"required name=search_term_string"}],"inLanguage":"de"}]}},"_links":{"self":[{"href":"https:\/\/bringers.app\/shop\/wp-json\/wp\/v2\/product\/181837","targetHints":{"allow":["GET"]}}],"collection":[{"href":"https:\/\/bringers.app\/shop\/wp-json\/wp\/v2\/product"}],"about":[{"href":"https:\/\/bringers.app\/shop\/wp-json\/wp\/v2\/types\/product"}],"replies":[{"embeddable":true,"href":"https:\/\/bringers.app\/shop\/wp-json\/wp\/v2\/comments?post=181837"}],"wp:featuredmedia":[{"embeddable":true,"href":"https:\/\/bringers.app\/shop\/wp-json\/wp\/v2\/media\/1849"}],"wp:attachment":[{"href":"https:\/\/bringers.app\/shop\/wp-json\/wp\/v2\/media?parent=181837"}],"wp:term":[{"taxonomy":"product_cat","embeddable":true,"href":"https:\/\/bringers.app\/shop\/wp-json\/wp\/v2\/product_cat?post=181837"},{"taxonomy":"product_tag","embeddable":true,"href":"https:\/\/bringers.app\/shop\/wp-json\/wp\/v2\/product_tag?post=181837"}],"curies":[{"name":"wp","href":"https:\/\/api.w.org\/{rel}","templated":true}]}}