{"id":188022,"date":"2023-08-22T13:04:08","date_gmt":"2023-08-22T11:04:08","guid":{"rendered":"https:\/\/bringers.app\/shop\/?post_type=product&#038;p=188022"},"modified":"2024-12-14T11:07:25","modified_gmt":"2024-12-14T10:07:25","slug":"octaview-l-225-x-225-x-80-mm-schwarz-ungeteilt-100-stk-krt-1-x-100-stk","status":"publish","type":"product","link":"https:\/\/bringers.app\/shop\/produkt\/octaview-l-225-x-225-x-80-mm-schwarz-ungeteilt-100-stk-krt-1-x-100-stk\/","title":{"rendered":"Octaview\u00ae L+ 225 x 225 x 80 mm Schwarz ungeteilt, 100 Stk\/Krt (1 x 100 Stk)"},"content":{"rendered":"<p>Das Octaview-Sortiment f\u00fcr kalte Speisen ist ein Klassiker und seit vielen Jahren ein beliebter Allrounder, dank der perfekten Speisenpr\u00e4sentation. Das bew\u00e4hrte und beliebte Design von Octaview setzt Speisen perfekt in Szene. Mit seinem anh\u00e4ngenden und auslaufsicheren Deckel ist eine einfache Handhabung garantiert, was ihn zur hervorragenden L\u00f6sung f\u00fcr unterwegs macht. Material: APET. Datenblatt: <a href=\"https:\/\/mediabank.duni.com\/doc\/188022_DoC_de.pdf\">Deutsch\u00a0<\/a>\/ <a href=\"https:\/\/bringers.app\/shop\/wp-content\/uploads\/2023\/08\/188021_en-1.pdf\">Englisch<\/a><\/p>\n","protected":false},"excerpt":{"rendered":"<p>St\u00fcckpreis: 0,77 \u20ac<br \/>\nUSP:<br \/>\n\u2022 Deckel mit beschlagfrei-Funktion zur Verhinderung von Kondensation und f\u00fcr perfekte Klarheit<br \/>\n\u2022 Ausgezeichnete Stapelbarkeit<\/p>\n","protected":false},"featured_media":1769,"comment_status":"open","ping_status":"closed","template":"","meta":{"_et_pb_use_builder":"","_et_pb_old_content":"","_et_gb_content_width":""},"product_cat":[213,57],"product_tag":[],"class_list":{"0":"post-188022","1":"product","2":"type-product","3":"status-publish","4":"has-post-thumbnail","6":"product_cat-kunststoff-boxen-schalen","7":"product_cat-boxen-und-schalen","9":"first","10":"instock","11":"taxable","12":"shipping-taxable","13":"purchasable","14":"product-type-simple"},"yoast_head":"<!-- This site is optimized with the Yoast SEO plugin v22.1 - https:\/\/yoast.com\/wordpress\/plugins\/seo\/ -->\n<title>Octaview\u00ae L+ 225 x 225 x 80 mm Schwarz ungeteilt, 100 Stk\/Krt (1 x 100 Stk) - BRINGERS Shop<\/title>\n<meta name=\"robots\" content=\"index, follow, max-snippet:-1, max-image-preview:large, max-video-preview:-1\" \/>\n<link rel=\"canonical\" href=\"https:\/\/bringers.app\/shop\/produkt\/octaview-l-225-x-225-x-80-mm-schwarz-ungeteilt-100-stk-krt-1-x-100-stk\/\" \/>\n<meta property=\"og:locale\" content=\"de_DE\" \/>\n<meta property=\"og:type\" content=\"article\" \/>\n<meta property=\"og:title\" content=\"Octaview\u00ae L+ 225 x 225 x 80 mm Schwarz ungeteilt, 100 Stk\/Krt (1 x 100 Stk) - BRINGERS Shop\" \/>\n<meta property=\"og:description\" content=\"St\u00fcckpreis: 0,77 \u20ac USP: \u2022 Deckel mit beschlagfrei-Funktion zur Verhinderung von Kondensation und f\u00fcr perfekte Klarheit \u2022 Ausgezeichnete Stapelbarkeit\" \/>\n<meta property=\"og:url\" content=\"https:\/\/bringers.app\/shop\/produkt\/octaview-l-225-x-225-x-80-mm-schwarz-ungeteilt-100-stk-krt-1-x-100-stk\/\" \/>\n<meta property=\"og:site_name\" content=\"BRINGERS Shop\" \/>\n<meta property=\"article:modified_time\" content=\"2024-12-14T10:07:25+00:00\" \/>\n<meta property=\"og:image\" content=\"https:\/\/bringers.app\/shop\/wp-content\/uploads\/2023\/08\/188022.jpg\" \/>\n\t<meta property=\"og:image:width\" content=\"2500\" \/>\n\t<meta property=\"og:image:height\" content=\"2500\" \/>\n\t<meta property=\"og:image:type\" content=\"image\/jpeg\" \/>\n<meta name=\"twitter:card\" content=\"summary_large_image\" \/>\n<meta name=\"twitter:label1\" content=\"Gesch\u00e4tzte Lesezeit\" \/>\n\t<meta name=\"twitter:data1\" content=\"1\u00a0Minute\" \/>\n<script type=\"application\/ld+json\" class=\"yoast-schema-graph\">{\"@context\":\"https:\/\/schema.org\",\"@graph\":[{\"@type\":\"WebPage\",\"@id\":\"https:\/\/bringers.app\/shop\/produkt\/octaview-l-225-x-225-x-80-mm-schwarz-ungeteilt-100-stk-krt-1-x-100-stk\/\",\"url\":\"https:\/\/bringers.app\/shop\/produkt\/octaview-l-225-x-225-x-80-mm-schwarz-ungeteilt-100-stk-krt-1-x-100-stk\/\",\"name\":\"Octaview\u00ae L+ 225 x 225 x 80 mm Schwarz ungeteilt, 100 Stk\/Krt (1 x 100 Stk) - BRINGERS Shop\",\"isPartOf\":{\"@id\":\"https:\/\/bringers.app\/shop\/#website\"},\"datePublished\":\"2023-08-22T11:04:08+00:00\",\"dateModified\":\"2024-12-14T10:07:25+00:00\",\"breadcrumb\":{\"@id\":\"https:\/\/bringers.app\/shop\/produkt\/octaview-l-225-x-225-x-80-mm-schwarz-ungeteilt-100-stk-krt-1-x-100-stk\/#breadcrumb\"},\"inLanguage\":\"de\",\"potentialAction\":[{\"@type\":\"ReadAction\",\"target\":[\"https:\/\/bringers.app\/shop\/produkt\/octaview-l-225-x-225-x-80-mm-schwarz-ungeteilt-100-stk-krt-1-x-100-stk\/\"]}]},{\"@type\":\"BreadcrumbList\",\"@id\":\"https:\/\/bringers.app\/shop\/produkt\/octaview-l-225-x-225-x-80-mm-schwarz-ungeteilt-100-stk-krt-1-x-100-stk\/#breadcrumb\",\"itemListElement\":[{\"@type\":\"ListItem\",\"position\":1,\"name\":\"Startseite\",\"item\":\"https:\/\/bringers.app\/shop\/\"},{\"@type\":\"ListItem\",\"position\":2,\"name\":\"Shop\",\"item\":\"https:\/\/bringers.app\/shop\/shop\/\"},{\"@type\":\"ListItem\",\"position\":3,\"name\":\"Octaview\u00ae L+ 225 x 225 x 80 mm Schwarz ungeteilt, 100 Stk\/Krt (1 x 100 Stk)\"}]},{\"@type\":\"WebSite\",\"@id\":\"https:\/\/bringers.app\/shop\/#website\",\"url\":\"https:\/\/bringers.app\/shop\/\",\"name\":\"BRINGERS Shop\",\"description\":\"Material f\u00fcr die Lieferung von Lebensmitteln und Ern\u00e4hrungsprodukten\",\"potentialAction\":[{\"@type\":\"SearchAction\",\"target\":{\"@type\":\"EntryPoint\",\"urlTemplate\":\"https:\/\/bringers.app\/shop\/?s={search_term_string}\"},\"query-input\":\"required name=search_term_string\"}],\"inLanguage\":\"de\"}]}<\/script>\n<!-- \/ Yoast SEO plugin. -->","yoast_head_json":{"title":"Octaview\u00ae L+ 225 x 225 x 80 mm Schwarz ungeteilt, 100 Stk\/Krt (1 x 100 Stk) - BRINGERS Shop","robots":{"index":"index","follow":"follow","max-snippet":"max-snippet:-1","max-image-preview":"max-image-preview:large","max-video-preview":"max-video-preview:-1"},"canonical":"https:\/\/bringers.app\/shop\/produkt\/octaview-l-225-x-225-x-80-mm-schwarz-ungeteilt-100-stk-krt-1-x-100-stk\/","og_locale":"de_DE","og_type":"article","og_title":"Octaview\u00ae L+ 225 x 225 x 80 mm Schwarz ungeteilt, 100 Stk\/Krt (1 x 100 Stk) - BRINGERS Shop","og_description":"St\u00fcckpreis: 0,77 \u20ac USP: \u2022 Deckel mit beschlagfrei-Funktion zur Verhinderung von Kondensation und f\u00fcr perfekte Klarheit \u2022 Ausgezeichnete Stapelbarkeit","og_url":"https:\/\/bringers.app\/shop\/produkt\/octaview-l-225-x-225-x-80-mm-schwarz-ungeteilt-100-stk-krt-1-x-100-stk\/","og_site_name":"BRINGERS Shop","article_modified_time":"2024-12-14T10:07:25+00:00","og_image":[{"width":2500,"height":2500,"url":"https:\/\/bringers.app\/shop\/wp-content\/uploads\/2023\/08\/188022.jpg","type":"image\/jpeg"}],"twitter_card":"summary_large_image","twitter_misc":{"Gesch\u00e4tzte Lesezeit":"1\u00a0Minute"},"schema":{"@context":"https:\/\/schema.org","@graph":[{"@type":"WebPage","@id":"https:\/\/bringers.app\/shop\/produkt\/octaview-l-225-x-225-x-80-mm-schwarz-ungeteilt-100-stk-krt-1-x-100-stk\/","url":"https:\/\/bringers.app\/shop\/produkt\/octaview-l-225-x-225-x-80-mm-schwarz-ungeteilt-100-stk-krt-1-x-100-stk\/","name":"Octaview\u00ae L+ 225 x 225 x 80 mm Schwarz ungeteilt, 100 Stk\/Krt (1 x 100 Stk) - BRINGERS Shop","isPartOf":{"@id":"https:\/\/bringers.app\/shop\/#website"},"datePublished":"2023-08-22T11:04:08+00:00","dateModified":"2024-12-14T10:07:25+00:00","breadcrumb":{"@id":"https:\/\/bringers.app\/shop\/produkt\/octaview-l-225-x-225-x-80-mm-schwarz-ungeteilt-100-stk-krt-1-x-100-stk\/#breadcrumb"},"inLanguage":"de","potentialAction":[{"@type":"ReadAction","target":["https:\/\/bringers.app\/shop\/produkt\/octaview-l-225-x-225-x-80-mm-schwarz-ungeteilt-100-stk-krt-1-x-100-stk\/"]}]},{"@type":"BreadcrumbList","@id":"https:\/\/bringers.app\/shop\/produkt\/octaview-l-225-x-225-x-80-mm-schwarz-ungeteilt-100-stk-krt-1-x-100-stk\/#breadcrumb","itemListElement":[{"@type":"ListItem","position":1,"name":"Startseite","item":"https:\/\/bringers.app\/shop\/"},{"@type":"ListItem","position":2,"name":"Shop","item":"https:\/\/bringers.app\/shop\/shop\/"},{"@type":"ListItem","position":3,"name":"Octaview\u00ae L+ 225 x 225 x 80 mm Schwarz ungeteilt, 100 Stk\/Krt (1 x 100 Stk)"}]},{"@type":"WebSite","@id":"https:\/\/bringers.app\/shop\/#website","url":"https:\/\/bringers.app\/shop\/","name":"BRINGERS Shop","description":"Material f\u00fcr die Lieferung von Lebensmitteln und Ern\u00e4hrungsprodukten","potentialAction":[{"@type":"SearchAction","target":{"@type":"EntryPoint","urlTemplate":"https:\/\/bringers.app\/shop\/?s={search_term_string}"},"query-input":"required name=search_term_string"}],"inLanguage":"de"}]}},"_links":{"self":[{"href":"https:\/\/bringers.app\/shop\/wp-json\/wp\/v2\/product\/188022","targetHints":{"allow":["GET"]}}],"collection":[{"href":"https:\/\/bringers.app\/shop\/wp-json\/wp\/v2\/product"}],"about":[{"href":"https:\/\/bringers.app\/shop\/wp-json\/wp\/v2\/types\/product"}],"replies":[{"embeddable":true,"href":"https:\/\/bringers.app\/shop\/wp-json\/wp\/v2\/comments?post=188022"}],"wp:featuredmedia":[{"embeddable":true,"href":"https:\/\/bringers.app\/shop\/wp-json\/wp\/v2\/media\/1769"}],"wp:attachment":[{"href":"https:\/\/bringers.app\/shop\/wp-json\/wp\/v2\/media?parent=188022"}],"wp:term":[{"taxonomy":"product_cat","embeddable":true,"href":"https:\/\/bringers.app\/shop\/wp-json\/wp\/v2\/product_cat?post=188022"},{"taxonomy":"product_tag","embeddable":true,"href":"https:\/\/bringers.app\/shop\/wp-json\/wp\/v2\/product_tag?post=188022"}],"curies":[{"name":"wp","href":"https:\/\/api.w.org\/{rel}","templated":true}]}}