{"id":188141,"date":"2023-09-05T11:54:16","date_gmt":"2023-09-05T09:54:16","guid":{"rendered":"https:\/\/bringers.app\/shop\/?post_type=product&#038;p=188141"},"modified":"2023-10-30T16:58:38","modified_gmt":"2023-10-30T15:58:38","slug":"biopak-91","status":"publish","type":"product","link":"https:\/\/bringers.app\/shop\/produkt\/biopak-91\/","title":{"rendered":"Octabagasse\u00ae 650 ml Braun ungeteilt, 300 Stk\/Krt (6 x 50 Stk) (ohne Deckel)"},"content":{"rendered":"<p>Unsere Octabagasse-Schalen und -Deckel werden aus erneuerbaren und kompostierbaren Zuckerrohrfasern (Bagasse) hergestellt und sind der absolute Favorit bei unseren Kunden. Sie sind ideal, wenn Sie formsch\u00f6nes Design, perfekte Pr\u00e4sentation und Komfort mit herausragender Funktionalit\u00e4t kombinieren m\u00f6chten. Neben super-sicher schlie\u00dfenden Deckeln aus Zuckerrohrfasern stehen optional transparente Deckel aus 100 % post-consumer recyceltem PET (RPET) zur Verf\u00fcgung, die nach Gebrauch problemlos wieder recycelt werden k\u00f6nnen. Material: Zuckerrohrfaser. DATENBLATT:\u00a0 <a href=\"https:\/\/bringers.app\/shop\/wp-content\/uploads\/2023\/09\/188141_de-1.pdf\">Deutsch<\/a> \/<a href=\"https:\/\/mediabank.duni.com\/doc\/188141_DoC_en.pdf\">\u00a0Englisch<\/a><\/p>\n","protected":false},"excerpt":{"rendered":"<p>St\u00fcckpreis: 0,18 \u20ac<br \/>\nUSP:<br \/>\n\u2022 Boxen und Zuckerrohrfaser-Deckel gem\u00e4\u00df Zertifikat f\u00fcr die heimische Kompostierung geeignet.<br \/>\n\u2022 Boxen und Zuckerrohrfaser-Deckel aus nachwachsendem Material<br \/>\n\u2022 RPET-Deckel aus 100 % recyceltem Material<br \/>\n\u2022 RPET-Deckel mit Beschlagfrei-Funktion zur Verhinderung von Kondensation und f\u00fcr perfekte Klarheit<br \/>\n\u2022 Ausgezeichnete Stapelbarkeit<br \/>\n\u2022 Wasser- und fettbest\u00e4ndig<br \/>\nPassender Deckel Artikelnummer 188149<\/p>\n","protected":false},"featured_media":887797,"comment_status":"open","ping_status":"closed","template":"","meta":{"_et_pb_use_builder":"","_et_pb_old_content":"","_et_gb_content_width":""},"product_cat":[205,57],"product_tag":[],"class_list":{"0":"post-188141","1":"product","2":"type-product","3":"status-publish","4":"has-post-thumbnail","6":"product_cat-bagasse-boxen-schalen","7":"product_cat-boxen-und-schalen","9":"first","10":"instock","11":"taxable","12":"shipping-taxable","13":"purchasable","14":"product-type-simple"},"yoast_head":"<!-- This site is optimized with the Yoast SEO plugin v22.1 - https:\/\/yoast.com\/wordpress\/plugins\/seo\/ -->\n<title>Octabagasse\u00ae 650 ml Braun ungeteilt, 300 Stk\/Krt (6 x 50 Stk) (ohne Deckel) - BRINGERS Shop<\/title>\n<meta name=\"robots\" content=\"index, follow, max-snippet:-1, max-image-preview:large, max-video-preview:-1\" \/>\n<link rel=\"canonical\" href=\"https:\/\/bringers.app\/shop\/produkt\/biopak-91\/\" \/>\n<meta property=\"og:locale\" content=\"de_DE\" \/>\n<meta property=\"og:type\" content=\"article\" \/>\n<meta property=\"og:title\" content=\"Octabagasse\u00ae 650 ml Braun ungeteilt, 300 Stk\/Krt (6 x 50 Stk) (ohne Deckel) - BRINGERS Shop\" \/>\n<meta property=\"og:description\" content=\"St\u00fcckpreis: 0,18 \u20ac USP: \u2022 Boxen und Zuckerrohrfaser-Deckel gem\u00e4\u00df Zertifikat f\u00fcr die heimische Kompostierung geeignet. \u2022 Boxen und Zuckerrohrfaser-Deckel aus nachwachsendem Material \u2022 RPET-Deckel aus 100 % recyceltem Material \u2022 RPET-Deckel mit Beschlagfrei-Funktion zur Verhinderung von Kondensation und f\u00fcr perfekte Klarheit \u2022 Ausgezeichnete Stapelbarkeit \u2022 Wasser- und fettbest\u00e4ndig Passender Deckel Artikelnummer 188149\" \/>\n<meta property=\"og:url\" content=\"https:\/\/bringers.app\/shop\/produkt\/biopak-91\/\" \/>\n<meta property=\"og:site_name\" content=\"BRINGERS Shop\" \/>\n<meta property=\"article:modified_time\" content=\"2023-10-30T15:58:38+00:00\" \/>\n<meta property=\"og:image\" content=\"https:\/\/bringers.app\/shop\/wp-content\/uploads\/2023\/09\/188141.jpg\" \/>\n\t<meta property=\"og:image:width\" content=\"2421\" \/>\n\t<meta property=\"og:image:height\" content=\"2421\" \/>\n\t<meta property=\"og:image:type\" content=\"image\/jpeg\" \/>\n<meta name=\"twitter:card\" content=\"summary_large_image\" \/>\n<meta name=\"twitter:label1\" content=\"Gesch\u00e4tzte Lesezeit\" \/>\n\t<meta name=\"twitter:data1\" content=\"1\u00a0Minute\" \/>\n<script type=\"application\/ld+json\" class=\"yoast-schema-graph\">{\"@context\":\"https:\/\/schema.org\",\"@graph\":[{\"@type\":\"WebPage\",\"@id\":\"https:\/\/bringers.app\/shop\/produkt\/biopak-91\/\",\"url\":\"https:\/\/bringers.app\/shop\/produkt\/biopak-91\/\",\"name\":\"Octabagasse\u00ae 650 ml Braun ungeteilt, 300 Stk\/Krt (6 x 50 Stk) (ohne Deckel) - BRINGERS Shop\",\"isPartOf\":{\"@id\":\"https:\/\/bringers.app\/shop\/#website\"},\"datePublished\":\"2023-09-05T09:54:16+00:00\",\"dateModified\":\"2023-10-30T15:58:38+00:00\",\"breadcrumb\":{\"@id\":\"https:\/\/bringers.app\/shop\/produkt\/biopak-91\/#breadcrumb\"},\"inLanguage\":\"de\",\"potentialAction\":[{\"@type\":\"ReadAction\",\"target\":[\"https:\/\/bringers.app\/shop\/produkt\/biopak-91\/\"]}]},{\"@type\":\"BreadcrumbList\",\"@id\":\"https:\/\/bringers.app\/shop\/produkt\/biopak-91\/#breadcrumb\",\"itemListElement\":[{\"@type\":\"ListItem\",\"position\":1,\"name\":\"Startseite\",\"item\":\"https:\/\/bringers.app\/shop\/\"},{\"@type\":\"ListItem\",\"position\":2,\"name\":\"Shop\",\"item\":\"https:\/\/bringers.app\/shop\/shop\/\"},{\"@type\":\"ListItem\",\"position\":3,\"name\":\"Octabagasse\u00ae 650 ml Braun ungeteilt, 300 Stk\/Krt (6 x 50 Stk) (ohne Deckel)\"}]},{\"@type\":\"WebSite\",\"@id\":\"https:\/\/bringers.app\/shop\/#website\",\"url\":\"https:\/\/bringers.app\/shop\/\",\"name\":\"BRINGERS Shop\",\"description\":\"Material f\u00fcr die Lieferung von Lebensmitteln und Ern\u00e4hrungsprodukten\",\"potentialAction\":[{\"@type\":\"SearchAction\",\"target\":{\"@type\":\"EntryPoint\",\"urlTemplate\":\"https:\/\/bringers.app\/shop\/?s={search_term_string}\"},\"query-input\":\"required name=search_term_string\"}],\"inLanguage\":\"de\"}]}<\/script>\n<!-- \/ Yoast SEO plugin. -->","yoast_head_json":{"title":"Octabagasse\u00ae 650 ml Braun ungeteilt, 300 Stk\/Krt (6 x 50 Stk) (ohne Deckel) - BRINGERS Shop","robots":{"index":"index","follow":"follow","max-snippet":"max-snippet:-1","max-image-preview":"max-image-preview:large","max-video-preview":"max-video-preview:-1"},"canonical":"https:\/\/bringers.app\/shop\/produkt\/biopak-91\/","og_locale":"de_DE","og_type":"article","og_title":"Octabagasse\u00ae 650 ml Braun ungeteilt, 300 Stk\/Krt (6 x 50 Stk) (ohne Deckel) - BRINGERS Shop","og_description":"St\u00fcckpreis: 0,18 \u20ac USP: \u2022 Boxen und Zuckerrohrfaser-Deckel gem\u00e4\u00df Zertifikat f\u00fcr die heimische Kompostierung geeignet. \u2022 Boxen und Zuckerrohrfaser-Deckel aus nachwachsendem Material \u2022 RPET-Deckel aus 100 % recyceltem Material \u2022 RPET-Deckel mit Beschlagfrei-Funktion zur Verhinderung von Kondensation und f\u00fcr perfekte Klarheit \u2022 Ausgezeichnete Stapelbarkeit \u2022 Wasser- und fettbest\u00e4ndig Passender Deckel Artikelnummer 188149","og_url":"https:\/\/bringers.app\/shop\/produkt\/biopak-91\/","og_site_name":"BRINGERS Shop","article_modified_time":"2023-10-30T15:58:38+00:00","og_image":[{"width":2421,"height":2421,"url":"https:\/\/bringers.app\/shop\/wp-content\/uploads\/2023\/09\/188141.jpg","type":"image\/jpeg"}],"twitter_card":"summary_large_image","twitter_misc":{"Gesch\u00e4tzte Lesezeit":"1\u00a0Minute"},"schema":{"@context":"https:\/\/schema.org","@graph":[{"@type":"WebPage","@id":"https:\/\/bringers.app\/shop\/produkt\/biopak-91\/","url":"https:\/\/bringers.app\/shop\/produkt\/biopak-91\/","name":"Octabagasse\u00ae 650 ml Braun ungeteilt, 300 Stk\/Krt (6 x 50 Stk) (ohne Deckel) - BRINGERS Shop","isPartOf":{"@id":"https:\/\/bringers.app\/shop\/#website"},"datePublished":"2023-09-05T09:54:16+00:00","dateModified":"2023-10-30T15:58:38+00:00","breadcrumb":{"@id":"https:\/\/bringers.app\/shop\/produkt\/biopak-91\/#breadcrumb"},"inLanguage":"de","potentialAction":[{"@type":"ReadAction","target":["https:\/\/bringers.app\/shop\/produkt\/biopak-91\/"]}]},{"@type":"BreadcrumbList","@id":"https:\/\/bringers.app\/shop\/produkt\/biopak-91\/#breadcrumb","itemListElement":[{"@type":"ListItem","position":1,"name":"Startseite","item":"https:\/\/bringers.app\/shop\/"},{"@type":"ListItem","position":2,"name":"Shop","item":"https:\/\/bringers.app\/shop\/shop\/"},{"@type":"ListItem","position":3,"name":"Octabagasse\u00ae 650 ml Braun ungeteilt, 300 Stk\/Krt (6 x 50 Stk) (ohne Deckel)"}]},{"@type":"WebSite","@id":"https:\/\/bringers.app\/shop\/#website","url":"https:\/\/bringers.app\/shop\/","name":"BRINGERS Shop","description":"Material f\u00fcr die Lieferung von Lebensmitteln und Ern\u00e4hrungsprodukten","potentialAction":[{"@type":"SearchAction","target":{"@type":"EntryPoint","urlTemplate":"https:\/\/bringers.app\/shop\/?s={search_term_string}"},"query-input":"required name=search_term_string"}],"inLanguage":"de"}]}},"_links":{"self":[{"href":"https:\/\/bringers.app\/shop\/wp-json\/wp\/v2\/product\/188141","targetHints":{"allow":["GET"]}}],"collection":[{"href":"https:\/\/bringers.app\/shop\/wp-json\/wp\/v2\/product"}],"about":[{"href":"https:\/\/bringers.app\/shop\/wp-json\/wp\/v2\/types\/product"}],"replies":[{"embeddable":true,"href":"https:\/\/bringers.app\/shop\/wp-json\/wp\/v2\/comments?post=188141"}],"wp:featuredmedia":[{"embeddable":true,"href":"https:\/\/bringers.app\/shop\/wp-json\/wp\/v2\/media\/887797"}],"wp:attachment":[{"href":"https:\/\/bringers.app\/shop\/wp-json\/wp\/v2\/media?parent=188141"}],"wp:term":[{"taxonomy":"product_cat","embeddable":true,"href":"https:\/\/bringers.app\/shop\/wp-json\/wp\/v2\/product_cat?post=188141"},{"taxonomy":"product_tag","embeddable":true,"href":"https:\/\/bringers.app\/shop\/wp-json\/wp\/v2\/product_tag?post=188141"}],"curies":[{"name":"wp","href":"https:\/\/api.w.org\/{rel}","templated":true}]}}