{"id":191951,"date":"2023-09-05T11:51:51","date_gmt":"2023-09-05T09:51:51","guid":{"rendered":"https:\/\/bringers.app\/shop\/?post_type=product&#038;p=191951"},"modified":"2024-12-14T10:55:16","modified_gmt":"2024-12-14T09:55:16","slug":"biopak-34","status":"publish","type":"product","link":"https:\/\/bringers.app\/shop\/produkt\/biopak-34\/","title":{"rendered":"Art Series Becher 24 cl Bunt, 1000 Stk\/Krt (20 x 50 Stk) (ohne Deckel)"},"content":{"rendered":"<p>Unsere Art Series-Becher wurden mit Blick auf den Planeten und die Kunstszene entworfen und zeigen eindrucksvolle Kunstwerke rund um das Thema Nachhaltigkeit. Die Motive werden regelm\u00e4\u00dfig aktualisiert und neue Themen und K\u00fcnstler aus aller Welt vorgestellt. Sie werden aus Papier aus verantwortungsvoll bewirtschafteten W\u00e4ldern hergestellt und sind mit einem Biokunststoff auf Pflanzenbasis (PLA) beschichtet. Sie sind industriell kompostierbar und entsprechend zertifiziert. Material: Karton PLA-beschichtet. Datenblatt: <a href=\"https:\/\/mediabank.duni.com\/doc\/191951_DoC_de.pdf\">Deutsch\u00a0\u00a0<\/a>\/\u00a0 <a href=\"https:\/\/bringers.app\/shop\/wp-content\/uploads\/2023\/09\/191951_en.pdf\">Englisch<\/a><\/p>\n","protected":false},"excerpt":{"rendered":"<p>St\u00fcckpreis: 0,10 \u20ac<br \/>\nUSP:<br \/>\n\u2022 Becher und CPLA-Deckel aus nachwachsendem Material<br \/>\n\u2022 Becher mit biobasierter Laminierung<br \/>\nPassende Deckel Artikelnummer 170636 \/ 200821<\/p>\n","protected":false},"featured_media":887732,"comment_status":"open","ping_status":"closed","template":"","meta":{"_et_pb_use_builder":"","_et_pb_old_content":"","_et_gb_content_width":""},"product_cat":[212,200,59],"product_tag":[],"class_list":{"0":"post-191951","1":"product","2":"type-product","3":"status-publish","4":"has-post-thumbnail","6":"product_cat-becher-glaeser-take-away-to-go-sortiment-fuer-den-transport-auf-wasser","7":"product_cat-take-away-to-go-sortiment-fuer-den-transport-auf-wasser","8":"product_cat-becher-glaeser","10":"first","11":"instock","12":"taxable","13":"shipping-taxable","14":"purchasable","15":"product-type-simple"},"yoast_head":"<!-- This site is optimized with the Yoast SEO plugin v22.1 - https:\/\/yoast.com\/wordpress\/plugins\/seo\/ -->\n<title>Art Series Becher 24 cl Bunt, 1000 Stk\/Krt (20 x 50 Stk) (ohne Deckel) - BRINGERS Shop<\/title>\n<meta name=\"robots\" content=\"index, follow, max-snippet:-1, max-image-preview:large, max-video-preview:-1\" \/>\n<link rel=\"canonical\" href=\"https:\/\/bringers.app\/shop\/produkt\/biopak-34\/\" \/>\n<meta property=\"og:locale\" content=\"de_DE\" \/>\n<meta property=\"og:type\" content=\"article\" \/>\n<meta property=\"og:title\" content=\"Art Series Becher 24 cl Bunt, 1000 Stk\/Krt (20 x 50 Stk) (ohne Deckel) - BRINGERS Shop\" \/>\n<meta property=\"og:description\" content=\"St\u00fcckpreis: 0,10 \u20ac USP: \u2022 Becher und CPLA-Deckel aus nachwachsendem Material \u2022 Becher mit biobasierter Laminierung Passende Deckel Artikelnummer 170636 \/ 200821\" \/>\n<meta property=\"og:url\" content=\"https:\/\/bringers.app\/shop\/produkt\/biopak-34\/\" \/>\n<meta property=\"og:site_name\" content=\"BRINGERS Shop\" \/>\n<meta property=\"article:modified_time\" content=\"2024-12-14T09:55:16+00:00\" \/>\n<meta property=\"og:image\" content=\"https:\/\/bringers.app\/shop\/wp-content\/uploads\/2023\/09\/191951-scaled.jpg\" \/>\n\t<meta property=\"og:image:width\" content=\"2560\" \/>\n\t<meta property=\"og:image:height\" content=\"2560\" \/>\n\t<meta property=\"og:image:type\" content=\"image\/jpeg\" \/>\n<meta name=\"twitter:card\" content=\"summary_large_image\" \/>\n<meta name=\"twitter:label1\" content=\"Gesch\u00e4tzte Lesezeit\" \/>\n\t<meta name=\"twitter:data1\" content=\"1\u00a0Minute\" \/>\n<script type=\"application\/ld+json\" class=\"yoast-schema-graph\">{\"@context\":\"https:\/\/schema.org\",\"@graph\":[{\"@type\":\"WebPage\",\"@id\":\"https:\/\/bringers.app\/shop\/produkt\/biopak-34\/\",\"url\":\"https:\/\/bringers.app\/shop\/produkt\/biopak-34\/\",\"name\":\"Art Series Becher 24 cl Bunt, 1000 Stk\/Krt (20 x 50 Stk) (ohne Deckel) - BRINGERS Shop\",\"isPartOf\":{\"@id\":\"https:\/\/bringers.app\/shop\/#website\"},\"datePublished\":\"2023-09-05T09:51:51+00:00\",\"dateModified\":\"2024-12-14T09:55:16+00:00\",\"breadcrumb\":{\"@id\":\"https:\/\/bringers.app\/shop\/produkt\/biopak-34\/#breadcrumb\"},\"inLanguage\":\"de\",\"potentialAction\":[{\"@type\":\"ReadAction\",\"target\":[\"https:\/\/bringers.app\/shop\/produkt\/biopak-34\/\"]}]},{\"@type\":\"BreadcrumbList\",\"@id\":\"https:\/\/bringers.app\/shop\/produkt\/biopak-34\/#breadcrumb\",\"itemListElement\":[{\"@type\":\"ListItem\",\"position\":1,\"name\":\"Startseite\",\"item\":\"https:\/\/bringers.app\/shop\/\"},{\"@type\":\"ListItem\",\"position\":2,\"name\":\"Shop\",\"item\":\"https:\/\/bringers.app\/shop\/shop\/\"},{\"@type\":\"ListItem\",\"position\":3,\"name\":\"Art Series Becher 24 cl Bunt, 1000 Stk\/Krt (20 x 50 Stk) (ohne Deckel)\"}]},{\"@type\":\"WebSite\",\"@id\":\"https:\/\/bringers.app\/shop\/#website\",\"url\":\"https:\/\/bringers.app\/shop\/\",\"name\":\"BRINGERS Shop\",\"description\":\"Material f\u00fcr die Lieferung von Lebensmitteln und Ern\u00e4hrungsprodukten\",\"potentialAction\":[{\"@type\":\"SearchAction\",\"target\":{\"@type\":\"EntryPoint\",\"urlTemplate\":\"https:\/\/bringers.app\/shop\/?s={search_term_string}\"},\"query-input\":\"required name=search_term_string\"}],\"inLanguage\":\"de\"}]}<\/script>\n<!-- \/ Yoast SEO plugin. -->","yoast_head_json":{"title":"Art Series Becher 24 cl Bunt, 1000 Stk\/Krt (20 x 50 Stk) (ohne Deckel) - BRINGERS Shop","robots":{"index":"index","follow":"follow","max-snippet":"max-snippet:-1","max-image-preview":"max-image-preview:large","max-video-preview":"max-video-preview:-1"},"canonical":"https:\/\/bringers.app\/shop\/produkt\/biopak-34\/","og_locale":"de_DE","og_type":"article","og_title":"Art Series Becher 24 cl Bunt, 1000 Stk\/Krt (20 x 50 Stk) (ohne Deckel) - BRINGERS Shop","og_description":"St\u00fcckpreis: 0,10 \u20ac USP: \u2022 Becher und CPLA-Deckel aus nachwachsendem Material \u2022 Becher mit biobasierter Laminierung Passende Deckel Artikelnummer 170636 \/ 200821","og_url":"https:\/\/bringers.app\/shop\/produkt\/biopak-34\/","og_site_name":"BRINGERS Shop","article_modified_time":"2024-12-14T09:55:16+00:00","og_image":[{"width":2560,"height":2560,"url":"https:\/\/bringers.app\/shop\/wp-content\/uploads\/2023\/09\/191951-scaled.jpg","type":"image\/jpeg"}],"twitter_card":"summary_large_image","twitter_misc":{"Gesch\u00e4tzte Lesezeit":"1\u00a0Minute"},"schema":{"@context":"https:\/\/schema.org","@graph":[{"@type":"WebPage","@id":"https:\/\/bringers.app\/shop\/produkt\/biopak-34\/","url":"https:\/\/bringers.app\/shop\/produkt\/biopak-34\/","name":"Art Series Becher 24 cl Bunt, 1000 Stk\/Krt (20 x 50 Stk) (ohne Deckel) - BRINGERS Shop","isPartOf":{"@id":"https:\/\/bringers.app\/shop\/#website"},"datePublished":"2023-09-05T09:51:51+00:00","dateModified":"2024-12-14T09:55:16+00:00","breadcrumb":{"@id":"https:\/\/bringers.app\/shop\/produkt\/biopak-34\/#breadcrumb"},"inLanguage":"de","potentialAction":[{"@type":"ReadAction","target":["https:\/\/bringers.app\/shop\/produkt\/biopak-34\/"]}]},{"@type":"BreadcrumbList","@id":"https:\/\/bringers.app\/shop\/produkt\/biopak-34\/#breadcrumb","itemListElement":[{"@type":"ListItem","position":1,"name":"Startseite","item":"https:\/\/bringers.app\/shop\/"},{"@type":"ListItem","position":2,"name":"Shop","item":"https:\/\/bringers.app\/shop\/shop\/"},{"@type":"ListItem","position":3,"name":"Art Series Becher 24 cl Bunt, 1000 Stk\/Krt (20 x 50 Stk) (ohne Deckel)"}]},{"@type":"WebSite","@id":"https:\/\/bringers.app\/shop\/#website","url":"https:\/\/bringers.app\/shop\/","name":"BRINGERS Shop","description":"Material f\u00fcr die Lieferung von Lebensmitteln und Ern\u00e4hrungsprodukten","potentialAction":[{"@type":"SearchAction","target":{"@type":"EntryPoint","urlTemplate":"https:\/\/bringers.app\/shop\/?s={search_term_string}"},"query-input":"required name=search_term_string"}],"inLanguage":"de"}]}},"_links":{"self":[{"href":"https:\/\/bringers.app\/shop\/wp-json\/wp\/v2\/product\/191951","targetHints":{"allow":["GET"]}}],"collection":[{"href":"https:\/\/bringers.app\/shop\/wp-json\/wp\/v2\/product"}],"about":[{"href":"https:\/\/bringers.app\/shop\/wp-json\/wp\/v2\/types\/product"}],"replies":[{"embeddable":true,"href":"https:\/\/bringers.app\/shop\/wp-json\/wp\/v2\/comments?post=191951"}],"wp:featuredmedia":[{"embeddable":true,"href":"https:\/\/bringers.app\/shop\/wp-json\/wp\/v2\/media\/887732"}],"wp:attachment":[{"href":"https:\/\/bringers.app\/shop\/wp-json\/wp\/v2\/media?parent=191951"}],"wp:term":[{"taxonomy":"product_cat","embeddable":true,"href":"https:\/\/bringers.app\/shop\/wp-json\/wp\/v2\/product_cat?post=191951"},{"taxonomy":"product_tag","embeddable":true,"href":"https:\/\/bringers.app\/shop\/wp-json\/wp\/v2\/product_tag?post=191951"}],"curies":[{"name":"wp","href":"https:\/\/api.w.org\/{rel}","templated":true}]}}