{"id":192073,"date":"2023-09-05T11:52:08","date_gmt":"2023-09-05T09:52:08","guid":{"rendered":"https:\/\/bringers.app\/shop\/?post_type=product&#038;p=192073"},"modified":"2023-10-27T17:19:57","modified_gmt":"2023-10-27T15:19:57","slug":"biopak-40","status":"publish","type":"product","link":"https:\/\/bringers.app\/shop\/produkt\/biopak-40\/","title":{"rendered":"Men\u00fcbox 1200 ml Wei\u00df ungeteilt, 100 Stk\/Krt (2 x 50 Stk)"},"content":{"rendered":"<p>Unsere Boxen mit anh\u00e4ngendem Klappdeckel sind die optimale Wahl f\u00fcr Fast-Food. Sie werden aus erneuerbaren und kompostierbaren Zuckerrohrfasern (Bagasse) hergestellt und sind ebenso nachhaltig wie praktisch. Es gibt sie in verschiedenen Gr\u00f6\u00dfen und mit unterschiedlichen Fachgr\u00f6\u00dfen, was Zubereitung und Servieren denkbar einfach macht. Material: Zuckerrohrfaser. Datenblatt: <a href=\"https:\/\/bringers.app\/shop\/wp-content\/uploads\/2023\/09\/192073_de.pdf\">Deutsch<\/a> \/ <a href=\"https:\/\/mediabank.duni.com\/doc\/192073_DoC_en.pdf\">Englisch<\/a><\/p>\n","protected":false},"excerpt":{"rendered":"<p>St\u00fcckpreis: 0,29 \u20ac<br \/>\nUSP:<br \/>\n\u2022 Geeignet f\u00fcr die industrielle oder die heimische Kompostierung (Zertifikat pr\u00fcfen)<br \/>\n\u2022 Hergestellt aus nachwachsenden Rohstoffen.<br \/>\n\u2022 Ausgezeichnete Stapelbarkeit<br \/>\n\u2022 Wasser- und fettbest\u00e4ndig<\/p>\n","protected":false},"featured_media":887738,"comment_status":"open","ping_status":"closed","template":"","meta":{"_et_pb_use_builder":"","_et_pb_old_content":"","_et_gb_content_width":""},"product_cat":[205,57],"product_tag":[],"class_list":{"0":"post-192073","1":"product","2":"type-product","3":"status-publish","4":"has-post-thumbnail","6":"product_cat-bagasse-boxen-schalen","7":"product_cat-boxen-und-schalen","9":"first","10":"instock","11":"taxable","12":"shipping-taxable","13":"purchasable","14":"product-type-simple"},"yoast_head":"<!-- This site is optimized with the Yoast SEO plugin v22.1 - https:\/\/yoast.com\/wordpress\/plugins\/seo\/ -->\n<title>Men\u00fcbox 1200 ml Wei\u00df ungeteilt, 100 Stk\/Krt (2 x 50 Stk) - BRINGERS Shop<\/title>\n<meta name=\"robots\" content=\"index, follow, max-snippet:-1, max-image-preview:large, max-video-preview:-1\" \/>\n<link rel=\"canonical\" href=\"https:\/\/bringers.app\/shop\/produkt\/biopak-40\/\" \/>\n<meta property=\"og:locale\" content=\"de_DE\" \/>\n<meta property=\"og:type\" content=\"article\" \/>\n<meta property=\"og:title\" content=\"Men\u00fcbox 1200 ml Wei\u00df ungeteilt, 100 Stk\/Krt (2 x 50 Stk) - BRINGERS Shop\" \/>\n<meta property=\"og:description\" content=\"St\u00fcckpreis: 0,29 \u20ac USP: \u2022 Geeignet f\u00fcr die industrielle oder die heimische Kompostierung (Zertifikat pr\u00fcfen) \u2022 Hergestellt aus nachwachsenden Rohstoffen. \u2022 Ausgezeichnete Stapelbarkeit \u2022 Wasser- und fettbest\u00e4ndig\" \/>\n<meta property=\"og:url\" content=\"https:\/\/bringers.app\/shop\/produkt\/biopak-40\/\" \/>\n<meta property=\"og:site_name\" content=\"BRINGERS Shop\" \/>\n<meta property=\"article:modified_time\" content=\"2023-10-27T15:19:57+00:00\" \/>\n<meta property=\"og:image\" content=\"https:\/\/bringers.app\/shop\/wp-content\/uploads\/2023\/09\/192073.jpg\" \/>\n\t<meta property=\"og:image:width\" content=\"2501\" \/>\n\t<meta property=\"og:image:height\" content=\"2501\" \/>\n\t<meta property=\"og:image:type\" content=\"image\/jpeg\" \/>\n<meta name=\"twitter:card\" content=\"summary_large_image\" \/>\n<meta name=\"twitter:label1\" content=\"Gesch\u00e4tzte Lesezeit\" \/>\n\t<meta name=\"twitter:data1\" content=\"1\u00a0Minute\" \/>\n<script type=\"application\/ld+json\" class=\"yoast-schema-graph\">{\"@context\":\"https:\/\/schema.org\",\"@graph\":[{\"@type\":\"WebPage\",\"@id\":\"https:\/\/bringers.app\/shop\/produkt\/biopak-40\/\",\"url\":\"https:\/\/bringers.app\/shop\/produkt\/biopak-40\/\",\"name\":\"Men\u00fcbox 1200 ml Wei\u00df ungeteilt, 100 Stk\/Krt (2 x 50 Stk) - BRINGERS Shop\",\"isPartOf\":{\"@id\":\"https:\/\/bringers.app\/shop\/#website\"},\"datePublished\":\"2023-09-05T09:52:08+00:00\",\"dateModified\":\"2023-10-27T15:19:57+00:00\",\"breadcrumb\":{\"@id\":\"https:\/\/bringers.app\/shop\/produkt\/biopak-40\/#breadcrumb\"},\"inLanguage\":\"de\",\"potentialAction\":[{\"@type\":\"ReadAction\",\"target\":[\"https:\/\/bringers.app\/shop\/produkt\/biopak-40\/\"]}]},{\"@type\":\"BreadcrumbList\",\"@id\":\"https:\/\/bringers.app\/shop\/produkt\/biopak-40\/#breadcrumb\",\"itemListElement\":[{\"@type\":\"ListItem\",\"position\":1,\"name\":\"Startseite\",\"item\":\"https:\/\/bringers.app\/shop\/\"},{\"@type\":\"ListItem\",\"position\":2,\"name\":\"Shop\",\"item\":\"https:\/\/bringers.app\/shop\/shop\/\"},{\"@type\":\"ListItem\",\"position\":3,\"name\":\"Men\u00fcbox 1200 ml Wei\u00df ungeteilt, 100 Stk\/Krt (2 x 50 Stk)\"}]},{\"@type\":\"WebSite\",\"@id\":\"https:\/\/bringers.app\/shop\/#website\",\"url\":\"https:\/\/bringers.app\/shop\/\",\"name\":\"BRINGERS Shop\",\"description\":\"Material f\u00fcr die Lieferung von Lebensmitteln und Ern\u00e4hrungsprodukten\",\"potentialAction\":[{\"@type\":\"SearchAction\",\"target\":{\"@type\":\"EntryPoint\",\"urlTemplate\":\"https:\/\/bringers.app\/shop\/?s={search_term_string}\"},\"query-input\":\"required name=search_term_string\"}],\"inLanguage\":\"de\"}]}<\/script>\n<!-- \/ Yoast SEO plugin. -->","yoast_head_json":{"title":"Men\u00fcbox 1200 ml Wei\u00df ungeteilt, 100 Stk\/Krt (2 x 50 Stk) - BRINGERS Shop","robots":{"index":"index","follow":"follow","max-snippet":"max-snippet:-1","max-image-preview":"max-image-preview:large","max-video-preview":"max-video-preview:-1"},"canonical":"https:\/\/bringers.app\/shop\/produkt\/biopak-40\/","og_locale":"de_DE","og_type":"article","og_title":"Men\u00fcbox 1200 ml Wei\u00df ungeteilt, 100 Stk\/Krt (2 x 50 Stk) - BRINGERS Shop","og_description":"St\u00fcckpreis: 0,29 \u20ac USP: \u2022 Geeignet f\u00fcr die industrielle oder die heimische Kompostierung (Zertifikat pr\u00fcfen) \u2022 Hergestellt aus nachwachsenden Rohstoffen. \u2022 Ausgezeichnete Stapelbarkeit \u2022 Wasser- und fettbest\u00e4ndig","og_url":"https:\/\/bringers.app\/shop\/produkt\/biopak-40\/","og_site_name":"BRINGERS Shop","article_modified_time":"2023-10-27T15:19:57+00:00","og_image":[{"width":2501,"height":2501,"url":"https:\/\/bringers.app\/shop\/wp-content\/uploads\/2023\/09\/192073.jpg","type":"image\/jpeg"}],"twitter_card":"summary_large_image","twitter_misc":{"Gesch\u00e4tzte Lesezeit":"1\u00a0Minute"},"schema":{"@context":"https:\/\/schema.org","@graph":[{"@type":"WebPage","@id":"https:\/\/bringers.app\/shop\/produkt\/biopak-40\/","url":"https:\/\/bringers.app\/shop\/produkt\/biopak-40\/","name":"Men\u00fcbox 1200 ml Wei\u00df ungeteilt, 100 Stk\/Krt (2 x 50 Stk) - BRINGERS Shop","isPartOf":{"@id":"https:\/\/bringers.app\/shop\/#website"},"datePublished":"2023-09-05T09:52:08+00:00","dateModified":"2023-10-27T15:19:57+00:00","breadcrumb":{"@id":"https:\/\/bringers.app\/shop\/produkt\/biopak-40\/#breadcrumb"},"inLanguage":"de","potentialAction":[{"@type":"ReadAction","target":["https:\/\/bringers.app\/shop\/produkt\/biopak-40\/"]}]},{"@type":"BreadcrumbList","@id":"https:\/\/bringers.app\/shop\/produkt\/biopak-40\/#breadcrumb","itemListElement":[{"@type":"ListItem","position":1,"name":"Startseite","item":"https:\/\/bringers.app\/shop\/"},{"@type":"ListItem","position":2,"name":"Shop","item":"https:\/\/bringers.app\/shop\/shop\/"},{"@type":"ListItem","position":3,"name":"Men\u00fcbox 1200 ml Wei\u00df ungeteilt, 100 Stk\/Krt (2 x 50 Stk)"}]},{"@type":"WebSite","@id":"https:\/\/bringers.app\/shop\/#website","url":"https:\/\/bringers.app\/shop\/","name":"BRINGERS Shop","description":"Material f\u00fcr die Lieferung von Lebensmitteln und Ern\u00e4hrungsprodukten","potentialAction":[{"@type":"SearchAction","target":{"@type":"EntryPoint","urlTemplate":"https:\/\/bringers.app\/shop\/?s={search_term_string}"},"query-input":"required name=search_term_string"}],"inLanguage":"de"}]}},"_links":{"self":[{"href":"https:\/\/bringers.app\/shop\/wp-json\/wp\/v2\/product\/192073","targetHints":{"allow":["GET"]}}],"collection":[{"href":"https:\/\/bringers.app\/shop\/wp-json\/wp\/v2\/product"}],"about":[{"href":"https:\/\/bringers.app\/shop\/wp-json\/wp\/v2\/types\/product"}],"replies":[{"embeddable":true,"href":"https:\/\/bringers.app\/shop\/wp-json\/wp\/v2\/comments?post=192073"}],"wp:featuredmedia":[{"embeddable":true,"href":"https:\/\/bringers.app\/shop\/wp-json\/wp\/v2\/media\/887738"}],"wp:attachment":[{"href":"https:\/\/bringers.app\/shop\/wp-json\/wp\/v2\/media?parent=192073"}],"wp:term":[{"taxonomy":"product_cat","embeddable":true,"href":"https:\/\/bringers.app\/shop\/wp-json\/wp\/v2\/product_cat?post=192073"},{"taxonomy":"product_tag","embeddable":true,"href":"https:\/\/bringers.app\/shop\/wp-json\/wp\/v2\/product_tag?post=192073"}],"curies":[{"name":"wp","href":"https:\/\/api.w.org\/{rel}","templated":true}]}}