{"id":192157,"date":"2023-08-22T13:04:08","date_gmt":"2023-08-22T11:04:08","guid":{"rendered":"https:\/\/bringers.app\/shop\/?post_type=product&#038;p=192157"},"modified":"2024-12-14T11:08:35","modified_gmt":"2024-12-14T10:08:35","slug":"breeze-becher-35-cl-nature-900-stk-krt-18-x-50-stk","status":"publish","type":"product","link":"https:\/\/bringers.app\/shop\/produkt\/breeze-becher-35-cl-nature-900-stk-krt-18-x-50-stk\/","title":{"rendered":"Breeze Becher 35 cl Nature, 900 Stk\/Krt (18 x 50 Stk)"},"content":{"rendered":"<p>Unsere Breeze-Becher bestehen aus nachwachsenden Rohstoffen &#8211; Zuckerrohr und Kartonfaser &#8211; und geben so dem, was sonst zu Abfall geworden w\u00e4re, neues Leben. Die Becher sind innen und au\u00dfen mit einem pflanzlichen PLA-Kunststoff beschichtet und daher robust und langlebig. Passende Deckel dazu sind aus Zuckerrohrfaser, pflanzenbasiertem CPLA-Biokunststoff oder recyceltem PET erh\u00e4ltlich. Material: Zuckerrohrfaser Papierfasermix PLA-beschichtet. Datenblatt: <a href=\"https:\/\/mediabank.duni.com\/doc\/192157_DoC_de.pdf\">Deutsch\u00a0<\/a>\/ <a href=\"https:\/\/bringers.app\/shop\/wp-content\/uploads\/2023\/08\/192157_en.pdf\">Englisch<\/a><\/p>\n","protected":false},"excerpt":{"rendered":"<p>St\u00fcckpreis: 0,13 \u20ac<br \/>\nUSP:<br \/>\n\u2022 Becher verf\u00fcgen \u00fcber einen gepr\u00e4gten Eichstrich<br \/>\n\u2022 Becher mit Laminierung auf pflanzlicher Basis<br \/>\n\u2022 Becher, CPLA-Deckel und Zuckerrohrfaser-Deckel aus nachwachsendem Material<br \/>\n\u2022 RPET-Deckel aus 100 % recyceltem Material<br \/>\n\u2022 Becher als industriell kompostierbar zertifiziert<\/p>\n","protected":false},"featured_media":1773,"comment_status":"open","ping_status":"closed","template":"","meta":{"_et_pb_use_builder":"","_et_pb_old_content":"","_et_gb_content_width":""},"product_cat":[212,200,59],"product_tag":[],"class_list":{"0":"post-192157","1":"product","2":"type-product","3":"status-publish","4":"has-post-thumbnail","6":"product_cat-becher-glaeser-take-away-to-go-sortiment-fuer-den-transport-auf-wasser","7":"product_cat-take-away-to-go-sortiment-fuer-den-transport-auf-wasser","8":"product_cat-becher-glaeser","10":"first","11":"instock","12":"taxable","13":"shipping-taxable","14":"purchasable","15":"product-type-simple"},"yoast_head":"<!-- This site is optimized with the Yoast SEO plugin v22.1 - https:\/\/yoast.com\/wordpress\/plugins\/seo\/ -->\n<title>Breeze Becher 35 cl Nature, 900 Stk\/Krt (18 x 50 Stk) - BRINGERS Shop<\/title>\n<meta name=\"robots\" content=\"index, follow, max-snippet:-1, max-image-preview:large, max-video-preview:-1\" \/>\n<link rel=\"canonical\" href=\"https:\/\/bringers.app\/shop\/produkt\/breeze-becher-35-cl-nature-900-stk-krt-18-x-50-stk\/\" \/>\n<meta property=\"og:locale\" content=\"de_DE\" \/>\n<meta property=\"og:type\" content=\"article\" \/>\n<meta property=\"og:title\" content=\"Breeze Becher 35 cl Nature, 900 Stk\/Krt (18 x 50 Stk) - BRINGERS Shop\" \/>\n<meta property=\"og:description\" content=\"St\u00fcckpreis: 0,13 \u20ac USP: \u2022 Becher verf\u00fcgen \u00fcber einen gepr\u00e4gten Eichstrich \u2022 Becher mit Laminierung auf pflanzlicher Basis \u2022 Becher, CPLA-Deckel und Zuckerrohrfaser-Deckel aus nachwachsendem Material \u2022 RPET-Deckel aus 100 % recyceltem Material \u2022 Becher als industriell kompostierbar zertifiziert\" \/>\n<meta property=\"og:url\" content=\"https:\/\/bringers.app\/shop\/produkt\/breeze-becher-35-cl-nature-900-stk-krt-18-x-50-stk\/\" \/>\n<meta property=\"og:site_name\" content=\"BRINGERS Shop\" \/>\n<meta property=\"article:modified_time\" content=\"2024-12-14T10:08:35+00:00\" \/>\n<meta property=\"og:image\" content=\"https:\/\/bringers.app\/shop\/wp-content\/uploads\/2023\/08\/192157-scaled.jpg\" \/>\n\t<meta property=\"og:image:width\" content=\"2560\" \/>\n\t<meta property=\"og:image:height\" content=\"2560\" \/>\n\t<meta property=\"og:image:type\" content=\"image\/jpeg\" \/>\n<meta name=\"twitter:card\" content=\"summary_large_image\" \/>\n<meta name=\"twitter:label1\" content=\"Gesch\u00e4tzte Lesezeit\" \/>\n\t<meta name=\"twitter:data1\" content=\"1\u00a0Minute\" \/>\n<script type=\"application\/ld+json\" class=\"yoast-schema-graph\">{\"@context\":\"https:\/\/schema.org\",\"@graph\":[{\"@type\":\"WebPage\",\"@id\":\"https:\/\/bringers.app\/shop\/produkt\/breeze-becher-35-cl-nature-900-stk-krt-18-x-50-stk\/\",\"url\":\"https:\/\/bringers.app\/shop\/produkt\/breeze-becher-35-cl-nature-900-stk-krt-18-x-50-stk\/\",\"name\":\"Breeze Becher 35 cl Nature, 900 Stk\/Krt (18 x 50 Stk) - BRINGERS Shop\",\"isPartOf\":{\"@id\":\"https:\/\/bringers.app\/shop\/#website\"},\"datePublished\":\"2023-08-22T11:04:08+00:00\",\"dateModified\":\"2024-12-14T10:08:35+00:00\",\"breadcrumb\":{\"@id\":\"https:\/\/bringers.app\/shop\/produkt\/breeze-becher-35-cl-nature-900-stk-krt-18-x-50-stk\/#breadcrumb\"},\"inLanguage\":\"de\",\"potentialAction\":[{\"@type\":\"ReadAction\",\"target\":[\"https:\/\/bringers.app\/shop\/produkt\/breeze-becher-35-cl-nature-900-stk-krt-18-x-50-stk\/\"]}]},{\"@type\":\"BreadcrumbList\",\"@id\":\"https:\/\/bringers.app\/shop\/produkt\/breeze-becher-35-cl-nature-900-stk-krt-18-x-50-stk\/#breadcrumb\",\"itemListElement\":[{\"@type\":\"ListItem\",\"position\":1,\"name\":\"Startseite\",\"item\":\"https:\/\/bringers.app\/shop\/\"},{\"@type\":\"ListItem\",\"position\":2,\"name\":\"Shop\",\"item\":\"https:\/\/bringers.app\/shop\/shop\/\"},{\"@type\":\"ListItem\",\"position\":3,\"name\":\"Breeze Becher 35 cl Nature, 900 Stk\/Krt (18 x 50 Stk)\"}]},{\"@type\":\"WebSite\",\"@id\":\"https:\/\/bringers.app\/shop\/#website\",\"url\":\"https:\/\/bringers.app\/shop\/\",\"name\":\"BRINGERS Shop\",\"description\":\"Material f\u00fcr die Lieferung von Lebensmitteln und Ern\u00e4hrungsprodukten\",\"potentialAction\":[{\"@type\":\"SearchAction\",\"target\":{\"@type\":\"EntryPoint\",\"urlTemplate\":\"https:\/\/bringers.app\/shop\/?s={search_term_string}\"},\"query-input\":\"required name=search_term_string\"}],\"inLanguage\":\"de\"}]}<\/script>\n<!-- \/ Yoast SEO plugin. -->","yoast_head_json":{"title":"Breeze Becher 35 cl Nature, 900 Stk\/Krt (18 x 50 Stk) - BRINGERS Shop","robots":{"index":"index","follow":"follow","max-snippet":"max-snippet:-1","max-image-preview":"max-image-preview:large","max-video-preview":"max-video-preview:-1"},"canonical":"https:\/\/bringers.app\/shop\/produkt\/breeze-becher-35-cl-nature-900-stk-krt-18-x-50-stk\/","og_locale":"de_DE","og_type":"article","og_title":"Breeze Becher 35 cl Nature, 900 Stk\/Krt (18 x 50 Stk) - BRINGERS Shop","og_description":"St\u00fcckpreis: 0,13 \u20ac USP: \u2022 Becher verf\u00fcgen \u00fcber einen gepr\u00e4gten Eichstrich \u2022 Becher mit Laminierung auf pflanzlicher Basis \u2022 Becher, CPLA-Deckel und Zuckerrohrfaser-Deckel aus nachwachsendem Material \u2022 RPET-Deckel aus 100 % recyceltem Material \u2022 Becher als industriell kompostierbar zertifiziert","og_url":"https:\/\/bringers.app\/shop\/produkt\/breeze-becher-35-cl-nature-900-stk-krt-18-x-50-stk\/","og_site_name":"BRINGERS Shop","article_modified_time":"2024-12-14T10:08:35+00:00","og_image":[{"width":2560,"height":2560,"url":"https:\/\/bringers.app\/shop\/wp-content\/uploads\/2023\/08\/192157-scaled.jpg","type":"image\/jpeg"}],"twitter_card":"summary_large_image","twitter_misc":{"Gesch\u00e4tzte Lesezeit":"1\u00a0Minute"},"schema":{"@context":"https:\/\/schema.org","@graph":[{"@type":"WebPage","@id":"https:\/\/bringers.app\/shop\/produkt\/breeze-becher-35-cl-nature-900-stk-krt-18-x-50-stk\/","url":"https:\/\/bringers.app\/shop\/produkt\/breeze-becher-35-cl-nature-900-stk-krt-18-x-50-stk\/","name":"Breeze Becher 35 cl Nature, 900 Stk\/Krt (18 x 50 Stk) - BRINGERS Shop","isPartOf":{"@id":"https:\/\/bringers.app\/shop\/#website"},"datePublished":"2023-08-22T11:04:08+00:00","dateModified":"2024-12-14T10:08:35+00:00","breadcrumb":{"@id":"https:\/\/bringers.app\/shop\/produkt\/breeze-becher-35-cl-nature-900-stk-krt-18-x-50-stk\/#breadcrumb"},"inLanguage":"de","potentialAction":[{"@type":"ReadAction","target":["https:\/\/bringers.app\/shop\/produkt\/breeze-becher-35-cl-nature-900-stk-krt-18-x-50-stk\/"]}]},{"@type":"BreadcrumbList","@id":"https:\/\/bringers.app\/shop\/produkt\/breeze-becher-35-cl-nature-900-stk-krt-18-x-50-stk\/#breadcrumb","itemListElement":[{"@type":"ListItem","position":1,"name":"Startseite","item":"https:\/\/bringers.app\/shop\/"},{"@type":"ListItem","position":2,"name":"Shop","item":"https:\/\/bringers.app\/shop\/shop\/"},{"@type":"ListItem","position":3,"name":"Breeze Becher 35 cl Nature, 900 Stk\/Krt (18 x 50 Stk)"}]},{"@type":"WebSite","@id":"https:\/\/bringers.app\/shop\/#website","url":"https:\/\/bringers.app\/shop\/","name":"BRINGERS Shop","description":"Material f\u00fcr die Lieferung von Lebensmitteln und Ern\u00e4hrungsprodukten","potentialAction":[{"@type":"SearchAction","target":{"@type":"EntryPoint","urlTemplate":"https:\/\/bringers.app\/shop\/?s={search_term_string}"},"query-input":"required name=search_term_string"}],"inLanguage":"de"}]}},"_links":{"self":[{"href":"https:\/\/bringers.app\/shop\/wp-json\/wp\/v2\/product\/192157","targetHints":{"allow":["GET"]}}],"collection":[{"href":"https:\/\/bringers.app\/shop\/wp-json\/wp\/v2\/product"}],"about":[{"href":"https:\/\/bringers.app\/shop\/wp-json\/wp\/v2\/types\/product"}],"replies":[{"embeddable":true,"href":"https:\/\/bringers.app\/shop\/wp-json\/wp\/v2\/comments?post=192157"}],"wp:featuredmedia":[{"embeddable":true,"href":"https:\/\/bringers.app\/shop\/wp-json\/wp\/v2\/media\/1773"}],"wp:attachment":[{"href":"https:\/\/bringers.app\/shop\/wp-json\/wp\/v2\/media?parent=192157"}],"wp:term":[{"taxonomy":"product_cat","embeddable":true,"href":"https:\/\/bringers.app\/shop\/wp-json\/wp\/v2\/product_cat?post=192157"},{"taxonomy":"product_tag","embeddable":true,"href":"https:\/\/bringers.app\/shop\/wp-json\/wp\/v2\/product_tag?post=192157"}],"curies":[{"name":"wp","href":"https:\/\/api.w.org\/{rel}","templated":true}]}}