{"id":196584,"date":"2023-09-05T11:50:49","date_gmt":"2023-09-05T09:50:49","guid":{"rendered":"https:\/\/bringers.app\/shop\/?post_type=product&#038;p=196584"},"modified":"2024-12-17T02:18:18","modified_gmt":"2024-12-17T01:18:18","slug":"duni-13","status":"publish","type":"product","link":"https:\/\/bringers.app\/shop\/produkt\/duni-13\/","title":{"rendered":"Schale 1\/2 GN Faser Nat\u00fcrlich ungeteilt, 140 Stk\/Krt (1 x 140 Stk)"},"content":{"rendered":"<p>Mit unseren vollst\u00e4ndig kompostierbaren und versiegelbaren GN-Fibre-Schalen k\u00f6nnen Sie Nachhaltigkeit mit ausgezeichneter Funktionalit\u00e4t verbinden. Sie werden in Europa aus erneuerbaren Holzfasern und einer d\u00fcnnen biobasierten Beschichtung hergestellt und sind in klassischen und praktischen Formaten erh\u00e4ltlich. Zusammen mit einer kompostierbaren Biokunststoff-Siegelfolie, die separat erh\u00e4ltlich ist, passen sie perfekt zu unserem Duniform\u00ae-Siegelkonzept. Nachhaltig zu handeln war noch nie so einfach. Material: Holzfaser Beschichtung Biokunststoff. Datenblatt: <a href=\"https:\/\/bringers.app\/shop\/wp-content\/uploads\/2023\/09\/196584_de.pdf\">Deutsch<\/a> \/ <a href=\"https:\/\/mediabank.duni.com\/doc\/196584_DoC_en.pdf\">Englisch<\/a><\/p>\n","protected":false},"excerpt":{"rendered":"<p>St\u00fcckpreis: 0,16 \u20ac<br \/>\nUSP:<br \/>\n\u2022 Schale gem\u00e4\u00df Zertifikat f\u00fcr die industrielle Kompostierung geeignet.<br \/>\n\u2022 Schalen aus nachwachsenden Rohstoffen hergestellt<br \/>\n\u2022 Schalen mit biobasierter Laminierung<br \/>\n\u2022 Schalen mit unserem einzigartigen Duniform-Konzept versiegelbar<br \/>\n\u2022 Deckel mit hervorragender Stapelbarkeit<\/p>\n","protected":false},"featured_media":887695,"comment_status":"open","ping_status":"closed","template":"","meta":{"_et_pb_use_builder":"","_et_pb_old_content":"","_et_gb_content_width":""},"product_cat":[58],"product_tag":[],"class_list":{"0":"post-196584","1":"product","2":"type-product","3":"status-publish","4":"has-post-thumbnail","6":"product_cat-siegelmaschinen-und-zubehoer","8":"first","9":"instock","10":"taxable","11":"shipping-taxable","12":"purchasable","13":"product-type-simple"},"yoast_head":"<!-- This site is optimized with the Yoast SEO plugin v22.1 - https:\/\/yoast.com\/wordpress\/plugins\/seo\/ -->\n<title>Schale 1\/2 GN Faser Nat\u00fcrlich ungeteilt, 140 Stk\/Krt (1 x 140 Stk) - BRINGERS Shop<\/title>\n<meta name=\"robots\" content=\"index, follow, max-snippet:-1, max-image-preview:large, max-video-preview:-1\" \/>\n<link rel=\"canonical\" href=\"https:\/\/bringers.app\/shop\/produkt\/duni-13\/\" \/>\n<meta property=\"og:locale\" content=\"de_DE\" \/>\n<meta property=\"og:type\" content=\"article\" \/>\n<meta property=\"og:title\" content=\"Schale 1\/2 GN Faser Nat\u00fcrlich ungeteilt, 140 Stk\/Krt (1 x 140 Stk) - BRINGERS Shop\" \/>\n<meta property=\"og:description\" content=\"St\u00fcckpreis: 0,16 \u20ac USP: \u2022 Schale gem\u00e4\u00df Zertifikat f\u00fcr die industrielle Kompostierung geeignet. \u2022 Schalen aus nachwachsenden Rohstoffen hergestellt \u2022 Schalen mit biobasierter Laminierung \u2022 Schalen mit unserem einzigartigen Duniform-Konzept versiegelbar \u2022 Deckel mit hervorragender Stapelbarkeit\" \/>\n<meta property=\"og:url\" content=\"https:\/\/bringers.app\/shop\/produkt\/duni-13\/\" \/>\n<meta property=\"og:site_name\" content=\"BRINGERS Shop\" \/>\n<meta property=\"article:modified_time\" content=\"2024-12-17T01:18:18+00:00\" \/>\n<meta property=\"og:image\" content=\"https:\/\/bringers.app\/shop\/wp-content\/uploads\/2023\/09\/196584.jpg\" \/>\n\t<meta property=\"og:image:width\" content=\"2401\" \/>\n\t<meta property=\"og:image:height\" content=\"1508\" \/>\n\t<meta property=\"og:image:type\" content=\"image\/jpeg\" \/>\n<meta name=\"twitter:card\" content=\"summary_large_image\" \/>\n<meta name=\"twitter:label1\" content=\"Gesch\u00e4tzte Lesezeit\" \/>\n\t<meta name=\"twitter:data1\" content=\"1\u00a0Minute\" \/>\n<script type=\"application\/ld+json\" class=\"yoast-schema-graph\">{\"@context\":\"https:\/\/schema.org\",\"@graph\":[{\"@type\":\"WebPage\",\"@id\":\"https:\/\/bringers.app\/shop\/produkt\/duni-13\/\",\"url\":\"https:\/\/bringers.app\/shop\/produkt\/duni-13\/\",\"name\":\"Schale 1\/2 GN Faser Nat\u00fcrlich ungeteilt, 140 Stk\/Krt (1 x 140 Stk) - BRINGERS Shop\",\"isPartOf\":{\"@id\":\"https:\/\/bringers.app\/shop\/#website\"},\"datePublished\":\"2023-09-05T09:50:49+00:00\",\"dateModified\":\"2024-12-17T01:18:18+00:00\",\"breadcrumb\":{\"@id\":\"https:\/\/bringers.app\/shop\/produkt\/duni-13\/#breadcrumb\"},\"inLanguage\":\"de\",\"potentialAction\":[{\"@type\":\"ReadAction\",\"target\":[\"https:\/\/bringers.app\/shop\/produkt\/duni-13\/\"]}]},{\"@type\":\"BreadcrumbList\",\"@id\":\"https:\/\/bringers.app\/shop\/produkt\/duni-13\/#breadcrumb\",\"itemListElement\":[{\"@type\":\"ListItem\",\"position\":1,\"name\":\"Startseite\",\"item\":\"https:\/\/bringers.app\/shop\/\"},{\"@type\":\"ListItem\",\"position\":2,\"name\":\"Shop\",\"item\":\"https:\/\/bringers.app\/shop\/shop\/\"},{\"@type\":\"ListItem\",\"position\":3,\"name\":\"Schale 1\/2 GN Faser Nat\u00fcrlich ungeteilt, 140 Stk\/Krt (1 x 140 Stk)\"}]},{\"@type\":\"WebSite\",\"@id\":\"https:\/\/bringers.app\/shop\/#website\",\"url\":\"https:\/\/bringers.app\/shop\/\",\"name\":\"BRINGERS Shop\",\"description\":\"Material f\u00fcr die Lieferung von Lebensmitteln und Ern\u00e4hrungsprodukten\",\"potentialAction\":[{\"@type\":\"SearchAction\",\"target\":{\"@type\":\"EntryPoint\",\"urlTemplate\":\"https:\/\/bringers.app\/shop\/?s={search_term_string}\"},\"query-input\":\"required name=search_term_string\"}],\"inLanguage\":\"de\"}]}<\/script>\n<!-- \/ Yoast SEO plugin. -->","yoast_head_json":{"title":"Schale 1\/2 GN Faser Nat\u00fcrlich ungeteilt, 140 Stk\/Krt (1 x 140 Stk) - BRINGERS Shop","robots":{"index":"index","follow":"follow","max-snippet":"max-snippet:-1","max-image-preview":"max-image-preview:large","max-video-preview":"max-video-preview:-1"},"canonical":"https:\/\/bringers.app\/shop\/produkt\/duni-13\/","og_locale":"de_DE","og_type":"article","og_title":"Schale 1\/2 GN Faser Nat\u00fcrlich ungeteilt, 140 Stk\/Krt (1 x 140 Stk) - BRINGERS Shop","og_description":"St\u00fcckpreis: 0,16 \u20ac USP: \u2022 Schale gem\u00e4\u00df Zertifikat f\u00fcr die industrielle Kompostierung geeignet. \u2022 Schalen aus nachwachsenden Rohstoffen hergestellt \u2022 Schalen mit biobasierter Laminierung \u2022 Schalen mit unserem einzigartigen Duniform-Konzept versiegelbar \u2022 Deckel mit hervorragender Stapelbarkeit","og_url":"https:\/\/bringers.app\/shop\/produkt\/duni-13\/","og_site_name":"BRINGERS Shop","article_modified_time":"2024-12-17T01:18:18+00:00","og_image":[{"width":2401,"height":1508,"url":"https:\/\/bringers.app\/shop\/wp-content\/uploads\/2023\/09\/196584.jpg","type":"image\/jpeg"}],"twitter_card":"summary_large_image","twitter_misc":{"Gesch\u00e4tzte Lesezeit":"1\u00a0Minute"},"schema":{"@context":"https:\/\/schema.org","@graph":[{"@type":"WebPage","@id":"https:\/\/bringers.app\/shop\/produkt\/duni-13\/","url":"https:\/\/bringers.app\/shop\/produkt\/duni-13\/","name":"Schale 1\/2 GN Faser Nat\u00fcrlich ungeteilt, 140 Stk\/Krt (1 x 140 Stk) - BRINGERS Shop","isPartOf":{"@id":"https:\/\/bringers.app\/shop\/#website"},"datePublished":"2023-09-05T09:50:49+00:00","dateModified":"2024-12-17T01:18:18+00:00","breadcrumb":{"@id":"https:\/\/bringers.app\/shop\/produkt\/duni-13\/#breadcrumb"},"inLanguage":"de","potentialAction":[{"@type":"ReadAction","target":["https:\/\/bringers.app\/shop\/produkt\/duni-13\/"]}]},{"@type":"BreadcrumbList","@id":"https:\/\/bringers.app\/shop\/produkt\/duni-13\/#breadcrumb","itemListElement":[{"@type":"ListItem","position":1,"name":"Startseite","item":"https:\/\/bringers.app\/shop\/"},{"@type":"ListItem","position":2,"name":"Shop","item":"https:\/\/bringers.app\/shop\/shop\/"},{"@type":"ListItem","position":3,"name":"Schale 1\/2 GN Faser Nat\u00fcrlich ungeteilt, 140 Stk\/Krt (1 x 140 Stk)"}]},{"@type":"WebSite","@id":"https:\/\/bringers.app\/shop\/#website","url":"https:\/\/bringers.app\/shop\/","name":"BRINGERS Shop","description":"Material f\u00fcr die Lieferung von Lebensmitteln und Ern\u00e4hrungsprodukten","potentialAction":[{"@type":"SearchAction","target":{"@type":"EntryPoint","urlTemplate":"https:\/\/bringers.app\/shop\/?s={search_term_string}"},"query-input":"required name=search_term_string"}],"inLanguage":"de"}]}},"_links":{"self":[{"href":"https:\/\/bringers.app\/shop\/wp-json\/wp\/v2\/product\/196584","targetHints":{"allow":["GET"]}}],"collection":[{"href":"https:\/\/bringers.app\/shop\/wp-json\/wp\/v2\/product"}],"about":[{"href":"https:\/\/bringers.app\/shop\/wp-json\/wp\/v2\/types\/product"}],"replies":[{"embeddable":true,"href":"https:\/\/bringers.app\/shop\/wp-json\/wp\/v2\/comments?post=196584"}],"wp:featuredmedia":[{"embeddable":true,"href":"https:\/\/bringers.app\/shop\/wp-json\/wp\/v2\/media\/887695"}],"wp:attachment":[{"href":"https:\/\/bringers.app\/shop\/wp-json\/wp\/v2\/media?parent=196584"}],"wp:term":[{"taxonomy":"product_cat","embeddable":true,"href":"https:\/\/bringers.app\/shop\/wp-json\/wp\/v2\/product_cat?post=196584"},{"taxonomy":"product_tag","embeddable":true,"href":"https:\/\/bringers.app\/shop\/wp-json\/wp\/v2\/product_tag?post=196584"}],"curies":[{"name":"wp","href":"https:\/\/api.w.org\/{rel}","templated":true}]}}