{"id":887908,"date":"2023-10-25T20:01:58","date_gmt":"2023-10-25T18:01:58","guid":{"rendered":"https:\/\/bringers.app\/shop\/?post_type=product&#038;p=887908"},"modified":"2024-12-17T02:26:58","modified_gmt":"2024-12-17T01:26:58","slug":"thermotasche-2x1-4-gn-schale-290-x-200-x-100-mm-schwarz-5-stk-krt-5-x-1-stk","status":"publish","type":"product","link":"https:\/\/bringers.app\/shop\/produkt\/thermotasche-2x1-4-gn-schale-290-x-200-x-100-mm-schwarz-5-stk-krt-5-x-1-stk\/","title":{"rendered":"Thermotasche, 2&#215;1\/4 GN-Schale 290 x 200 x 100 mm Schwarz 5 Stk\/Krt (5 x 1 Stk)"},"content":{"rendered":"<p>Unsere Thermotaschen halten die Lebensmittel l\u00e4nger warm und sorgen daf\u00fcr, dass Ihre Lebensmittel im gleichen Zustand ausgeliefert werden, in dem sie verpackt wurden. Die Taschen sind so konzipiert, dass sie Ihnen die Arbeit erleichtern, und k\u00f6nnen entweder von der Seite oder von oben bef\u00fcllt werden. Erh\u00e4ltlich in verschiedenen praktischen Gr\u00f6\u00dfen und teilweise mit der M\u00f6glichkeit, sie mit Schnallen miteinander zu verbinden, finden Sie sicher die L\u00f6sung, die Ihren Bed\u00fcrfnissen entspricht. DATENBLATT: \u00a0<a href=\"https:\/\/bringers.app\/shop\/wp-content\/uploads\/2023\/10\/163086_de-1.pdf\">Deutsch \u00a0<\/a>\/ <a href=\"https:\/\/bringers.app\/shop\/wp-content\/uploads\/2023\/10\/163086_en.pdf\">\u00a0Englisch<\/a><\/p>\n","protected":false},"excerpt":{"rendered":"<p>St\u00fcckpreis: 28,80 \u20ac<br \/>\nUSP:<br \/>\n\u2022 H\u00e4lt Speisentemperatur l\u00e4nger auf dem gew\u00fcnschten Level<br \/>\n\u2022 Kann auch seitlich bef\u00fcllt werden<br \/>\n\u2022 K\u00f6nnen durch Schnallen miteinander verbunden werden<\/p>\n","protected":false},"featured_media":887911,"comment_status":"open","ping_status":"closed","template":"","meta":{"_et_pb_use_builder":"","_et_pb_old_content":"","_et_gb_content_width":""},"product_cat":[214,54],"product_tag":[],"class_list":{"0":"post-887908","1":"product","2":"type-product","3":"status-publish","4":"has-post-thumbnail","6":"product_cat-thermotaschen","7":"product_cat-transportloesungen","9":"first","10":"instock","11":"taxable","12":"shipping-taxable","13":"purchasable","14":"product-type-simple"},"yoast_head":"<!-- This site is optimized with the Yoast SEO plugin v22.1 - https:\/\/yoast.com\/wordpress\/plugins\/seo\/ -->\n<title>Thermotasche, 2x1\/4 GN-Schale 290 x 200 x 100 mm Schwarz 5 Stk\/Krt (5 x 1 Stk) - BRINGERS Shop<\/title>\n<meta name=\"robots\" content=\"index, follow, max-snippet:-1, max-image-preview:large, max-video-preview:-1\" \/>\n<link rel=\"canonical\" href=\"https:\/\/bringers.app\/shop\/produkt\/thermotasche-2x1-4-gn-schale-290-x-200-x-100-mm-schwarz-5-stk-krt-5-x-1-stk\/\" \/>\n<meta property=\"og:locale\" content=\"de_DE\" \/>\n<meta property=\"og:type\" content=\"article\" \/>\n<meta property=\"og:title\" content=\"Thermotasche, 2x1\/4 GN-Schale 290 x 200 x 100 mm Schwarz 5 Stk\/Krt (5 x 1 Stk) - BRINGERS Shop\" \/>\n<meta property=\"og:description\" content=\"St\u00fcckpreis: 28,80 \u20ac USP: \u2022 H\u00e4lt Speisentemperatur l\u00e4nger auf dem gew\u00fcnschten Level \u2022 Kann auch seitlich bef\u00fcllt werden \u2022 K\u00f6nnen durch Schnallen miteinander verbunden werden\" \/>\n<meta property=\"og:url\" content=\"https:\/\/bringers.app\/shop\/produkt\/thermotasche-2x1-4-gn-schale-290-x-200-x-100-mm-schwarz-5-stk-krt-5-x-1-stk\/\" \/>\n<meta property=\"og:site_name\" content=\"BRINGERS Shop\" \/>\n<meta property=\"article:modified_time\" content=\"2024-12-17T01:26:58+00:00\" \/>\n<meta property=\"og:image\" content=\"https:\/\/bringers.app\/shop\/wp-content\/uploads\/2023\/10\/163086.jpg\" \/>\n\t<meta property=\"og:image:width\" content=\"1200\" \/>\n\t<meta property=\"og:image:height\" content=\"893\" \/>\n\t<meta property=\"og:image:type\" content=\"image\/jpeg\" \/>\n<meta name=\"twitter:card\" content=\"summary_large_image\" \/>\n<meta name=\"twitter:label1\" content=\"Gesch\u00e4tzte Lesezeit\" \/>\n\t<meta name=\"twitter:data1\" content=\"1\u00a0Minute\" \/>\n<script type=\"application\/ld+json\" class=\"yoast-schema-graph\">{\"@context\":\"https:\/\/schema.org\",\"@graph\":[{\"@type\":\"WebPage\",\"@id\":\"https:\/\/bringers.app\/shop\/produkt\/thermotasche-2x1-4-gn-schale-290-x-200-x-100-mm-schwarz-5-stk-krt-5-x-1-stk\/\",\"url\":\"https:\/\/bringers.app\/shop\/produkt\/thermotasche-2x1-4-gn-schale-290-x-200-x-100-mm-schwarz-5-stk-krt-5-x-1-stk\/\",\"name\":\"Thermotasche, 2x1\/4 GN-Schale 290 x 200 x 100 mm Schwarz 5 Stk\/Krt (5 x 1 Stk) - BRINGERS Shop\",\"isPartOf\":{\"@id\":\"https:\/\/bringers.app\/shop\/#website\"},\"datePublished\":\"2023-10-25T18:01:58+00:00\",\"dateModified\":\"2024-12-17T01:26:58+00:00\",\"breadcrumb\":{\"@id\":\"https:\/\/bringers.app\/shop\/produkt\/thermotasche-2x1-4-gn-schale-290-x-200-x-100-mm-schwarz-5-stk-krt-5-x-1-stk\/#breadcrumb\"},\"inLanguage\":\"de\",\"potentialAction\":[{\"@type\":\"ReadAction\",\"target\":[\"https:\/\/bringers.app\/shop\/produkt\/thermotasche-2x1-4-gn-schale-290-x-200-x-100-mm-schwarz-5-stk-krt-5-x-1-stk\/\"]}]},{\"@type\":\"BreadcrumbList\",\"@id\":\"https:\/\/bringers.app\/shop\/produkt\/thermotasche-2x1-4-gn-schale-290-x-200-x-100-mm-schwarz-5-stk-krt-5-x-1-stk\/#breadcrumb\",\"itemListElement\":[{\"@type\":\"ListItem\",\"position\":1,\"name\":\"Startseite\",\"item\":\"https:\/\/bringers.app\/shop\/\"},{\"@type\":\"ListItem\",\"position\":2,\"name\":\"Shop\",\"item\":\"https:\/\/bringers.app\/shop\/shop\/\"},{\"@type\":\"ListItem\",\"position\":3,\"name\":\"Thermotasche, 2&#215;1\/4 GN-Schale 290 x 200 x 100 mm Schwarz 5 Stk\/Krt (5 x 1 Stk)\"}]},{\"@type\":\"WebSite\",\"@id\":\"https:\/\/bringers.app\/shop\/#website\",\"url\":\"https:\/\/bringers.app\/shop\/\",\"name\":\"BRINGERS Shop\",\"description\":\"Material f\u00fcr die Lieferung von Lebensmitteln und Ern\u00e4hrungsprodukten\",\"potentialAction\":[{\"@type\":\"SearchAction\",\"target\":{\"@type\":\"EntryPoint\",\"urlTemplate\":\"https:\/\/bringers.app\/shop\/?s={search_term_string}\"},\"query-input\":\"required name=search_term_string\"}],\"inLanguage\":\"de\"}]}<\/script>\n<!-- \/ Yoast SEO plugin. -->","yoast_head_json":{"title":"Thermotasche, 2x1\/4 GN-Schale 290 x 200 x 100 mm Schwarz 5 Stk\/Krt (5 x 1 Stk) - BRINGERS Shop","robots":{"index":"index","follow":"follow","max-snippet":"max-snippet:-1","max-image-preview":"max-image-preview:large","max-video-preview":"max-video-preview:-1"},"canonical":"https:\/\/bringers.app\/shop\/produkt\/thermotasche-2x1-4-gn-schale-290-x-200-x-100-mm-schwarz-5-stk-krt-5-x-1-stk\/","og_locale":"de_DE","og_type":"article","og_title":"Thermotasche, 2x1\/4 GN-Schale 290 x 200 x 100 mm Schwarz 5 Stk\/Krt (5 x 1 Stk) - BRINGERS Shop","og_description":"St\u00fcckpreis: 28,80 \u20ac USP: \u2022 H\u00e4lt Speisentemperatur l\u00e4nger auf dem gew\u00fcnschten Level \u2022 Kann auch seitlich bef\u00fcllt werden \u2022 K\u00f6nnen durch Schnallen miteinander verbunden werden","og_url":"https:\/\/bringers.app\/shop\/produkt\/thermotasche-2x1-4-gn-schale-290-x-200-x-100-mm-schwarz-5-stk-krt-5-x-1-stk\/","og_site_name":"BRINGERS Shop","article_modified_time":"2024-12-17T01:26:58+00:00","og_image":[{"width":1200,"height":893,"url":"https:\/\/bringers.app\/shop\/wp-content\/uploads\/2023\/10\/163086.jpg","type":"image\/jpeg"}],"twitter_card":"summary_large_image","twitter_misc":{"Gesch\u00e4tzte Lesezeit":"1\u00a0Minute"},"schema":{"@context":"https:\/\/schema.org","@graph":[{"@type":"WebPage","@id":"https:\/\/bringers.app\/shop\/produkt\/thermotasche-2x1-4-gn-schale-290-x-200-x-100-mm-schwarz-5-stk-krt-5-x-1-stk\/","url":"https:\/\/bringers.app\/shop\/produkt\/thermotasche-2x1-4-gn-schale-290-x-200-x-100-mm-schwarz-5-stk-krt-5-x-1-stk\/","name":"Thermotasche, 2x1\/4 GN-Schale 290 x 200 x 100 mm Schwarz 5 Stk\/Krt (5 x 1 Stk) - BRINGERS Shop","isPartOf":{"@id":"https:\/\/bringers.app\/shop\/#website"},"datePublished":"2023-10-25T18:01:58+00:00","dateModified":"2024-12-17T01:26:58+00:00","breadcrumb":{"@id":"https:\/\/bringers.app\/shop\/produkt\/thermotasche-2x1-4-gn-schale-290-x-200-x-100-mm-schwarz-5-stk-krt-5-x-1-stk\/#breadcrumb"},"inLanguage":"de","potentialAction":[{"@type":"ReadAction","target":["https:\/\/bringers.app\/shop\/produkt\/thermotasche-2x1-4-gn-schale-290-x-200-x-100-mm-schwarz-5-stk-krt-5-x-1-stk\/"]}]},{"@type":"BreadcrumbList","@id":"https:\/\/bringers.app\/shop\/produkt\/thermotasche-2x1-4-gn-schale-290-x-200-x-100-mm-schwarz-5-stk-krt-5-x-1-stk\/#breadcrumb","itemListElement":[{"@type":"ListItem","position":1,"name":"Startseite","item":"https:\/\/bringers.app\/shop\/"},{"@type":"ListItem","position":2,"name":"Shop","item":"https:\/\/bringers.app\/shop\/shop\/"},{"@type":"ListItem","position":3,"name":"Thermotasche, 2&#215;1\/4 GN-Schale 290 x 200 x 100 mm Schwarz 5 Stk\/Krt (5 x 1 Stk)"}]},{"@type":"WebSite","@id":"https:\/\/bringers.app\/shop\/#website","url":"https:\/\/bringers.app\/shop\/","name":"BRINGERS Shop","description":"Material f\u00fcr die Lieferung von Lebensmitteln und Ern\u00e4hrungsprodukten","potentialAction":[{"@type":"SearchAction","target":{"@type":"EntryPoint","urlTemplate":"https:\/\/bringers.app\/shop\/?s={search_term_string}"},"query-input":"required name=search_term_string"}],"inLanguage":"de"}]}},"_links":{"self":[{"href":"https:\/\/bringers.app\/shop\/wp-json\/wp\/v2\/product\/887908","targetHints":{"allow":["GET"]}}],"collection":[{"href":"https:\/\/bringers.app\/shop\/wp-json\/wp\/v2\/product"}],"about":[{"href":"https:\/\/bringers.app\/shop\/wp-json\/wp\/v2\/types\/product"}],"replies":[{"embeddable":true,"href":"https:\/\/bringers.app\/shop\/wp-json\/wp\/v2\/comments?post=887908"}],"wp:featuredmedia":[{"embeddable":true,"href":"https:\/\/bringers.app\/shop\/wp-json\/wp\/v2\/media\/887911"}],"wp:attachment":[{"href":"https:\/\/bringers.app\/shop\/wp-json\/wp\/v2\/media?parent=887908"}],"wp:term":[{"taxonomy":"product_cat","embeddable":true,"href":"https:\/\/bringers.app\/shop\/wp-json\/wp\/v2\/product_cat?post=887908"},{"taxonomy":"product_tag","embeddable":true,"href":"https:\/\/bringers.app\/shop\/wp-json\/wp\/v2\/product_tag?post=887908"}],"curies":[{"name":"wp","href":"https:\/\/api.w.org\/{rel}","templated":true}]}}