{"id":888548,"date":"2024-02-13T15:03:47","date_gmt":"2024-02-13T14:03:47","guid":{"rendered":"https:\/\/bringers.app\/shop\/?post_type=product&#038;p=888548"},"modified":"2024-12-17T02:09:07","modified_gmt":"2024-12-17T01:09:07","slug":"kerzenstaender-bliss-140-x-o-75-mm-gold-4-stueck-karton-4-x-1-stueck","status":"publish","type":"product","link":"https:\/\/bringers.app\/shop\/produkt\/kerzenstaender-bliss-140-x-o-75-mm-gold-4-stueck-karton-4-x-1-stueck\/","title":{"rendered":"Kerzenst\u00e4nder Bliss 140 x \u00d8 75 mm Gold 4 St\u00fcck\/Karton (4 x 1 St\u00fcck)"},"content":{"rendered":"<p>Halterungen f\u00fcr alle Arten von Kerzen und LED-Kerzen, in verschiedenen Designs, Mustern und Farben. Finden Sie Ihren Favoriten und kreieren Sie Ihre GoodFoodMood. DATENBLATT: <a href=\"https:\/\/bringers.app\/shop\/wp-content\/uploads\/2024\/02\/176149_de.pdf\">Deutsch<\/a> \/ <a href=\"https:\/\/bringers.app\/shop\/wp-content\/uploads\/2024\/02\/176149_en.pdf\">Englisch<\/a><\/p>\n","protected":false},"excerpt":{"rendered":"<p>St\u00fcckpreis: 5,04 \u20ac<\/p>\n<p>USP:<br \/>\n\u2022 Einfach zu bedienen, zu reinigen und zu lagern<br \/>\n\u2022 Kombinieren Sie aus unserem Sortiment an Kerzenhaltern<br \/>\n\u2022 Funktioniert sowohl mit Kerzen als auch mit unseren LED-Lampen<\/p>\n","protected":false},"featured_media":888553,"comment_status":"open","ping_status":"closed","template":"","meta":{"_et_pb_use_builder":"","_et_pb_old_content":"","_et_gb_content_width":""},"product_cat":[235,15],"product_tag":[],"class_list":{"0":"post-888548","1":"product","2":"type-product","3":"status-publish","4":"has-post-thumbnail","6":"product_cat-kerzenhalter","7":"product_cat-tischzubehoer","9":"first","10":"instock","11":"taxable","12":"shipping-taxable","13":"purchasable","14":"product-type-simple"},"yoast_head":"<!-- This site is optimized with the Yoast SEO plugin v22.1 - https:\/\/yoast.com\/wordpress\/plugins\/seo\/ -->\n<title>Kerzenst\u00e4nder Bliss 140 x \u00d8 75 mm Gold 4 St\u00fcck\/Karton (4 x 1 St\u00fcck) - BRINGERS Shop<\/title>\n<meta name=\"robots\" content=\"index, follow, max-snippet:-1, max-image-preview:large, max-video-preview:-1\" \/>\n<link rel=\"canonical\" href=\"https:\/\/bringers.app\/shop\/produkt\/kerzenstaender-bliss-140-x-o-75-mm-gold-4-stueck-karton-4-x-1-stueck\/\" \/>\n<meta property=\"og:locale\" content=\"de_DE\" \/>\n<meta property=\"og:type\" content=\"article\" \/>\n<meta property=\"og:title\" content=\"Kerzenst\u00e4nder Bliss 140 x \u00d8 75 mm Gold 4 St\u00fcck\/Karton (4 x 1 St\u00fcck) - BRINGERS Shop\" \/>\n<meta property=\"og:description\" content=\"St\u00fcckpreis: 5,04 \u20ac  USP: \u2022 Einfach zu bedienen, zu reinigen und zu lagern \u2022 Kombinieren Sie aus unserem Sortiment an Kerzenhaltern \u2022 Funktioniert sowohl mit Kerzen als auch mit unseren LED-Lampen\" \/>\n<meta property=\"og:url\" content=\"https:\/\/bringers.app\/shop\/produkt\/kerzenstaender-bliss-140-x-o-75-mm-gold-4-stueck-karton-4-x-1-stueck\/\" \/>\n<meta property=\"og:site_name\" content=\"BRINGERS Shop\" \/>\n<meta property=\"article:modified_time\" content=\"2024-12-17T01:09:07+00:00\" \/>\n<meta property=\"og:image\" content=\"https:\/\/bringers.app\/shop\/wp-content\/uploads\/2024\/02\/176149.jpg\" \/>\n\t<meta property=\"og:image:width\" content=\"599\" \/>\n\t<meta property=\"og:image:height\" content=\"1200\" \/>\n\t<meta property=\"og:image:type\" content=\"image\/jpeg\" \/>\n<meta name=\"twitter:card\" content=\"summary_large_image\" \/>\n<meta name=\"twitter:label1\" content=\"Gesch\u00e4tzte Lesezeit\" \/>\n\t<meta name=\"twitter:data1\" content=\"1\u00a0Minute\" \/>\n<script type=\"application\/ld+json\" class=\"yoast-schema-graph\">{\"@context\":\"https:\/\/schema.org\",\"@graph\":[{\"@type\":\"WebPage\",\"@id\":\"https:\/\/bringers.app\/shop\/produkt\/kerzenstaender-bliss-140-x-o-75-mm-gold-4-stueck-karton-4-x-1-stueck\/\",\"url\":\"https:\/\/bringers.app\/shop\/produkt\/kerzenstaender-bliss-140-x-o-75-mm-gold-4-stueck-karton-4-x-1-stueck\/\",\"name\":\"Kerzenst\u00e4nder Bliss 140 x \u00d8 75 mm Gold 4 St\u00fcck\/Karton (4 x 1 St\u00fcck) - BRINGERS Shop\",\"isPartOf\":{\"@id\":\"https:\/\/bringers.app\/shop\/#website\"},\"datePublished\":\"2024-02-13T14:03:47+00:00\",\"dateModified\":\"2024-12-17T01:09:07+00:00\",\"breadcrumb\":{\"@id\":\"https:\/\/bringers.app\/shop\/produkt\/kerzenstaender-bliss-140-x-o-75-mm-gold-4-stueck-karton-4-x-1-stueck\/#breadcrumb\"},\"inLanguage\":\"de\",\"potentialAction\":[{\"@type\":\"ReadAction\",\"target\":[\"https:\/\/bringers.app\/shop\/produkt\/kerzenstaender-bliss-140-x-o-75-mm-gold-4-stueck-karton-4-x-1-stueck\/\"]}]},{\"@type\":\"BreadcrumbList\",\"@id\":\"https:\/\/bringers.app\/shop\/produkt\/kerzenstaender-bliss-140-x-o-75-mm-gold-4-stueck-karton-4-x-1-stueck\/#breadcrumb\",\"itemListElement\":[{\"@type\":\"ListItem\",\"position\":1,\"name\":\"Startseite\",\"item\":\"https:\/\/bringers.app\/shop\/\"},{\"@type\":\"ListItem\",\"position\":2,\"name\":\"Shop\",\"item\":\"https:\/\/bringers.app\/shop\/shop\/\"},{\"@type\":\"ListItem\",\"position\":3,\"name\":\"Kerzenst\u00e4nder Bliss 140 x \u00d8 75 mm Gold 4 St\u00fcck\/Karton (4 x 1 St\u00fcck)\"}]},{\"@type\":\"WebSite\",\"@id\":\"https:\/\/bringers.app\/shop\/#website\",\"url\":\"https:\/\/bringers.app\/shop\/\",\"name\":\"BRINGERS Shop\",\"description\":\"Material f\u00fcr die Lieferung von Lebensmitteln und Ern\u00e4hrungsprodukten\",\"potentialAction\":[{\"@type\":\"SearchAction\",\"target\":{\"@type\":\"EntryPoint\",\"urlTemplate\":\"https:\/\/bringers.app\/shop\/?s={search_term_string}\"},\"query-input\":\"required name=search_term_string\"}],\"inLanguage\":\"de\"}]}<\/script>\n<!-- \/ Yoast SEO plugin. -->","yoast_head_json":{"title":"Kerzenst\u00e4nder Bliss 140 x \u00d8 75 mm Gold 4 St\u00fcck\/Karton (4 x 1 St\u00fcck) - BRINGERS Shop","robots":{"index":"index","follow":"follow","max-snippet":"max-snippet:-1","max-image-preview":"max-image-preview:large","max-video-preview":"max-video-preview:-1"},"canonical":"https:\/\/bringers.app\/shop\/produkt\/kerzenstaender-bliss-140-x-o-75-mm-gold-4-stueck-karton-4-x-1-stueck\/","og_locale":"de_DE","og_type":"article","og_title":"Kerzenst\u00e4nder Bliss 140 x \u00d8 75 mm Gold 4 St\u00fcck\/Karton (4 x 1 St\u00fcck) - BRINGERS Shop","og_description":"St\u00fcckpreis: 5,04 \u20ac  USP: \u2022 Einfach zu bedienen, zu reinigen und zu lagern \u2022 Kombinieren Sie aus unserem Sortiment an Kerzenhaltern \u2022 Funktioniert sowohl mit Kerzen als auch mit unseren LED-Lampen","og_url":"https:\/\/bringers.app\/shop\/produkt\/kerzenstaender-bliss-140-x-o-75-mm-gold-4-stueck-karton-4-x-1-stueck\/","og_site_name":"BRINGERS Shop","article_modified_time":"2024-12-17T01:09:07+00:00","og_image":[{"width":599,"height":1200,"url":"https:\/\/bringers.app\/shop\/wp-content\/uploads\/2024\/02\/176149.jpg","type":"image\/jpeg"}],"twitter_card":"summary_large_image","twitter_misc":{"Gesch\u00e4tzte Lesezeit":"1\u00a0Minute"},"schema":{"@context":"https:\/\/schema.org","@graph":[{"@type":"WebPage","@id":"https:\/\/bringers.app\/shop\/produkt\/kerzenstaender-bliss-140-x-o-75-mm-gold-4-stueck-karton-4-x-1-stueck\/","url":"https:\/\/bringers.app\/shop\/produkt\/kerzenstaender-bliss-140-x-o-75-mm-gold-4-stueck-karton-4-x-1-stueck\/","name":"Kerzenst\u00e4nder Bliss 140 x \u00d8 75 mm Gold 4 St\u00fcck\/Karton (4 x 1 St\u00fcck) - BRINGERS Shop","isPartOf":{"@id":"https:\/\/bringers.app\/shop\/#website"},"datePublished":"2024-02-13T14:03:47+00:00","dateModified":"2024-12-17T01:09:07+00:00","breadcrumb":{"@id":"https:\/\/bringers.app\/shop\/produkt\/kerzenstaender-bliss-140-x-o-75-mm-gold-4-stueck-karton-4-x-1-stueck\/#breadcrumb"},"inLanguage":"de","potentialAction":[{"@type":"ReadAction","target":["https:\/\/bringers.app\/shop\/produkt\/kerzenstaender-bliss-140-x-o-75-mm-gold-4-stueck-karton-4-x-1-stueck\/"]}]},{"@type":"BreadcrumbList","@id":"https:\/\/bringers.app\/shop\/produkt\/kerzenstaender-bliss-140-x-o-75-mm-gold-4-stueck-karton-4-x-1-stueck\/#breadcrumb","itemListElement":[{"@type":"ListItem","position":1,"name":"Startseite","item":"https:\/\/bringers.app\/shop\/"},{"@type":"ListItem","position":2,"name":"Shop","item":"https:\/\/bringers.app\/shop\/shop\/"},{"@type":"ListItem","position":3,"name":"Kerzenst\u00e4nder Bliss 140 x \u00d8 75 mm Gold 4 St\u00fcck\/Karton (4 x 1 St\u00fcck)"}]},{"@type":"WebSite","@id":"https:\/\/bringers.app\/shop\/#website","url":"https:\/\/bringers.app\/shop\/","name":"BRINGERS Shop","description":"Material f\u00fcr die Lieferung von Lebensmitteln und Ern\u00e4hrungsprodukten","potentialAction":[{"@type":"SearchAction","target":{"@type":"EntryPoint","urlTemplate":"https:\/\/bringers.app\/shop\/?s={search_term_string}"},"query-input":"required name=search_term_string"}],"inLanguage":"de"}]}},"_links":{"self":[{"href":"https:\/\/bringers.app\/shop\/wp-json\/wp\/v2\/product\/888548","targetHints":{"allow":["GET"]}}],"collection":[{"href":"https:\/\/bringers.app\/shop\/wp-json\/wp\/v2\/product"}],"about":[{"href":"https:\/\/bringers.app\/shop\/wp-json\/wp\/v2\/types\/product"}],"replies":[{"embeddable":true,"href":"https:\/\/bringers.app\/shop\/wp-json\/wp\/v2\/comments?post=888548"}],"wp:featuredmedia":[{"embeddable":true,"href":"https:\/\/bringers.app\/shop\/wp-json\/wp\/v2\/media\/888553"}],"wp:attachment":[{"href":"https:\/\/bringers.app\/shop\/wp-json\/wp\/v2\/media?parent=888548"}],"wp:term":[{"taxonomy":"product_cat","embeddable":true,"href":"https:\/\/bringers.app\/shop\/wp-json\/wp\/v2\/product_cat?post=888548"},{"taxonomy":"product_tag","embeddable":true,"href":"https:\/\/bringers.app\/shop\/wp-json\/wp\/v2\/product_tag?post=888548"}],"curies":[{"name":"wp","href":"https:\/\/api.w.org\/{rel}","templated":true}]}}