{"id":888595,"date":"2024-02-13T17:50:08","date_gmt":"2024-02-13T16:50:08","guid":{"rendered":"https:\/\/bringers.app\/shop\/?post_type=product&#038;p=888595"},"modified":"2024-12-14T11:06:32","modified_gmt":"2024-12-14T10:06:32","slug":"kerzenhalter-billy-140-x-o-75-mm-schwarz-4-stk-krt-4-x-1-stk","status":"publish","type":"product","link":"https:\/\/bringers.app\/shop\/produkt\/kerzenhalter-billy-140-x-o-75-mm-schwarz-4-stk-krt-4-x-1-stk\/","title":{"rendered":"Kerzenhalter Billy 140 x \u00d8 75 mm Schwarz 4 Stk\/Krt (4 x 1 Stk)"},"content":{"rendered":"<p>Wir bieten Halter f\u00fcr alle Arten von Kerzen und LEDs in verschiedenen Designs, Mustern und Farben. W\u00e4hlen Sie Ihren Favoriten und kreieren Sie Ihre individuelle Atmosph\u00e4re. DATENBLATT: <a href=\"https:\/\/bringers.app\/shop\/wp-content\/uploads\/2024\/02\/171487_de.pdf\">Deutsch<\/a> \/ <a href=\"https:\/\/bringers.app\/shop\/wp-content\/uploads\/2024\/02\/171487_en.pdf\">Englisch<\/a><\/p>\n","protected":false},"excerpt":{"rendered":"<p>St\u00fcckpreis: 5,04<\/p>\n<p>USP:<br \/>\n\u2022 Einfach zu verwenden, zu reinigen und zu lagern<br \/>\n\u2022 Kombinieren Sie unsere Kerzenhalter<br \/>\n\u2022 Geeignet f\u00fcr Kerzen wie auch f\u00fcr LEDs<\/p>\n","protected":false},"featured_media":888600,"comment_status":"open","ping_status":"closed","template":"","meta":{"_et_pb_use_builder":"","_et_pb_old_content":"","_et_gb_content_width":""},"product_cat":[235,15],"product_tag":[],"class_list":{"0":"post-888595","1":"product","2":"type-product","3":"status-publish","4":"has-post-thumbnail","6":"product_cat-kerzenhalter","7":"product_cat-tischzubehoer","9":"first","10":"instock","11":"taxable","12":"shipping-taxable","13":"purchasable","14":"product-type-simple"},"yoast_head":"<!-- This site is optimized with the Yoast SEO plugin v22.1 - https:\/\/yoast.com\/wordpress\/plugins\/seo\/ -->\n<title>Kerzenhalter Billy 140 x \u00d8 75 mm Schwarz 4 Stk\/Krt (4 x 1 Stk) - BRINGERS Shop<\/title>\n<meta name=\"robots\" content=\"index, follow, max-snippet:-1, max-image-preview:large, max-video-preview:-1\" \/>\n<link rel=\"canonical\" href=\"https:\/\/bringers.app\/shop\/produkt\/kerzenhalter-billy-140-x-o-75-mm-schwarz-4-stk-krt-4-x-1-stk\/\" \/>\n<meta property=\"og:locale\" content=\"de_DE\" \/>\n<meta property=\"og:type\" content=\"article\" \/>\n<meta property=\"og:title\" content=\"Kerzenhalter Billy 140 x \u00d8 75 mm Schwarz 4 Stk\/Krt (4 x 1 Stk) - BRINGERS Shop\" \/>\n<meta property=\"og:description\" content=\"St\u00fcckpreis: 5,04  USP: \u2022 Einfach zu verwenden, zu reinigen und zu lagern \u2022 Kombinieren Sie unsere Kerzenhalter \u2022 Geeignet f\u00fcr Kerzen wie auch f\u00fcr LEDs\" \/>\n<meta property=\"og:url\" content=\"https:\/\/bringers.app\/shop\/produkt\/kerzenhalter-billy-140-x-o-75-mm-schwarz-4-stk-krt-4-x-1-stk\/\" \/>\n<meta property=\"og:site_name\" content=\"BRINGERS Shop\" \/>\n<meta property=\"article:modified_time\" content=\"2024-12-14T10:06:32+00:00\" \/>\n<meta property=\"og:image\" content=\"https:\/\/bringers.app\/shop\/wp-content\/uploads\/2024\/02\/171487.jpg\" \/>\n\t<meta property=\"og:image:width\" content=\"603\" \/>\n\t<meta property=\"og:image:height\" content=\"1200\" \/>\n\t<meta property=\"og:image:type\" content=\"image\/jpeg\" \/>\n<meta name=\"twitter:card\" content=\"summary_large_image\" \/>\n<meta name=\"twitter:label1\" content=\"Gesch\u00e4tzte Lesezeit\" \/>\n\t<meta name=\"twitter:data1\" content=\"1\u00a0Minute\" \/>\n<script type=\"application\/ld+json\" class=\"yoast-schema-graph\">{\"@context\":\"https:\/\/schema.org\",\"@graph\":[{\"@type\":\"WebPage\",\"@id\":\"https:\/\/bringers.app\/shop\/produkt\/kerzenhalter-billy-140-x-o-75-mm-schwarz-4-stk-krt-4-x-1-stk\/\",\"url\":\"https:\/\/bringers.app\/shop\/produkt\/kerzenhalter-billy-140-x-o-75-mm-schwarz-4-stk-krt-4-x-1-stk\/\",\"name\":\"Kerzenhalter Billy 140 x \u00d8 75 mm Schwarz 4 Stk\/Krt (4 x 1 Stk) - BRINGERS Shop\",\"isPartOf\":{\"@id\":\"https:\/\/bringers.app\/shop\/#website\"},\"datePublished\":\"2024-02-13T16:50:08+00:00\",\"dateModified\":\"2024-12-14T10:06:32+00:00\",\"breadcrumb\":{\"@id\":\"https:\/\/bringers.app\/shop\/produkt\/kerzenhalter-billy-140-x-o-75-mm-schwarz-4-stk-krt-4-x-1-stk\/#breadcrumb\"},\"inLanguage\":\"de\",\"potentialAction\":[{\"@type\":\"ReadAction\",\"target\":[\"https:\/\/bringers.app\/shop\/produkt\/kerzenhalter-billy-140-x-o-75-mm-schwarz-4-stk-krt-4-x-1-stk\/\"]}]},{\"@type\":\"BreadcrumbList\",\"@id\":\"https:\/\/bringers.app\/shop\/produkt\/kerzenhalter-billy-140-x-o-75-mm-schwarz-4-stk-krt-4-x-1-stk\/#breadcrumb\",\"itemListElement\":[{\"@type\":\"ListItem\",\"position\":1,\"name\":\"Startseite\",\"item\":\"https:\/\/bringers.app\/shop\/\"},{\"@type\":\"ListItem\",\"position\":2,\"name\":\"Shop\",\"item\":\"https:\/\/bringers.app\/shop\/shop\/\"},{\"@type\":\"ListItem\",\"position\":3,\"name\":\"Kerzenhalter Billy 140 x \u00d8 75 mm Schwarz 4 Stk\/Krt (4 x 1 Stk)\"}]},{\"@type\":\"WebSite\",\"@id\":\"https:\/\/bringers.app\/shop\/#website\",\"url\":\"https:\/\/bringers.app\/shop\/\",\"name\":\"BRINGERS Shop\",\"description\":\"Material f\u00fcr die Lieferung von Lebensmitteln und Ern\u00e4hrungsprodukten\",\"potentialAction\":[{\"@type\":\"SearchAction\",\"target\":{\"@type\":\"EntryPoint\",\"urlTemplate\":\"https:\/\/bringers.app\/shop\/?s={search_term_string}\"},\"query-input\":\"required name=search_term_string\"}],\"inLanguage\":\"de\"}]}<\/script>\n<!-- \/ Yoast SEO plugin. -->","yoast_head_json":{"title":"Kerzenhalter Billy 140 x \u00d8 75 mm Schwarz 4 Stk\/Krt (4 x 1 Stk) - BRINGERS Shop","robots":{"index":"index","follow":"follow","max-snippet":"max-snippet:-1","max-image-preview":"max-image-preview:large","max-video-preview":"max-video-preview:-1"},"canonical":"https:\/\/bringers.app\/shop\/produkt\/kerzenhalter-billy-140-x-o-75-mm-schwarz-4-stk-krt-4-x-1-stk\/","og_locale":"de_DE","og_type":"article","og_title":"Kerzenhalter Billy 140 x \u00d8 75 mm Schwarz 4 Stk\/Krt (4 x 1 Stk) - BRINGERS Shop","og_description":"St\u00fcckpreis: 5,04  USP: \u2022 Einfach zu verwenden, zu reinigen und zu lagern \u2022 Kombinieren Sie unsere Kerzenhalter \u2022 Geeignet f\u00fcr Kerzen wie auch f\u00fcr LEDs","og_url":"https:\/\/bringers.app\/shop\/produkt\/kerzenhalter-billy-140-x-o-75-mm-schwarz-4-stk-krt-4-x-1-stk\/","og_site_name":"BRINGERS Shop","article_modified_time":"2024-12-14T10:06:32+00:00","og_image":[{"width":603,"height":1200,"url":"https:\/\/bringers.app\/shop\/wp-content\/uploads\/2024\/02\/171487.jpg","type":"image\/jpeg"}],"twitter_card":"summary_large_image","twitter_misc":{"Gesch\u00e4tzte Lesezeit":"1\u00a0Minute"},"schema":{"@context":"https:\/\/schema.org","@graph":[{"@type":"WebPage","@id":"https:\/\/bringers.app\/shop\/produkt\/kerzenhalter-billy-140-x-o-75-mm-schwarz-4-stk-krt-4-x-1-stk\/","url":"https:\/\/bringers.app\/shop\/produkt\/kerzenhalter-billy-140-x-o-75-mm-schwarz-4-stk-krt-4-x-1-stk\/","name":"Kerzenhalter Billy 140 x \u00d8 75 mm Schwarz 4 Stk\/Krt (4 x 1 Stk) - BRINGERS Shop","isPartOf":{"@id":"https:\/\/bringers.app\/shop\/#website"},"datePublished":"2024-02-13T16:50:08+00:00","dateModified":"2024-12-14T10:06:32+00:00","breadcrumb":{"@id":"https:\/\/bringers.app\/shop\/produkt\/kerzenhalter-billy-140-x-o-75-mm-schwarz-4-stk-krt-4-x-1-stk\/#breadcrumb"},"inLanguage":"de","potentialAction":[{"@type":"ReadAction","target":["https:\/\/bringers.app\/shop\/produkt\/kerzenhalter-billy-140-x-o-75-mm-schwarz-4-stk-krt-4-x-1-stk\/"]}]},{"@type":"BreadcrumbList","@id":"https:\/\/bringers.app\/shop\/produkt\/kerzenhalter-billy-140-x-o-75-mm-schwarz-4-stk-krt-4-x-1-stk\/#breadcrumb","itemListElement":[{"@type":"ListItem","position":1,"name":"Startseite","item":"https:\/\/bringers.app\/shop\/"},{"@type":"ListItem","position":2,"name":"Shop","item":"https:\/\/bringers.app\/shop\/shop\/"},{"@type":"ListItem","position":3,"name":"Kerzenhalter Billy 140 x \u00d8 75 mm Schwarz 4 Stk\/Krt (4 x 1 Stk)"}]},{"@type":"WebSite","@id":"https:\/\/bringers.app\/shop\/#website","url":"https:\/\/bringers.app\/shop\/","name":"BRINGERS Shop","description":"Material f\u00fcr die Lieferung von Lebensmitteln und Ern\u00e4hrungsprodukten","potentialAction":[{"@type":"SearchAction","target":{"@type":"EntryPoint","urlTemplate":"https:\/\/bringers.app\/shop\/?s={search_term_string}"},"query-input":"required name=search_term_string"}],"inLanguage":"de"}]}},"_links":{"self":[{"href":"https:\/\/bringers.app\/shop\/wp-json\/wp\/v2\/product\/888595","targetHints":{"allow":["GET"]}}],"collection":[{"href":"https:\/\/bringers.app\/shop\/wp-json\/wp\/v2\/product"}],"about":[{"href":"https:\/\/bringers.app\/shop\/wp-json\/wp\/v2\/types\/product"}],"replies":[{"embeddable":true,"href":"https:\/\/bringers.app\/shop\/wp-json\/wp\/v2\/comments?post=888595"}],"wp:featuredmedia":[{"embeddable":true,"href":"https:\/\/bringers.app\/shop\/wp-json\/wp\/v2\/media\/888600"}],"wp:attachment":[{"href":"https:\/\/bringers.app\/shop\/wp-json\/wp\/v2\/media?parent=888595"}],"wp:term":[{"taxonomy":"product_cat","embeddable":true,"href":"https:\/\/bringers.app\/shop\/wp-json\/wp\/v2\/product_cat?post=888595"},{"taxonomy":"product_tag","embeddable":true,"href":"https:\/\/bringers.app\/shop\/wp-json\/wp\/v2\/product_tag?post=888595"}],"curies":[{"name":"wp","href":"https:\/\/api.w.org\/{rel}","templated":true}]}}