{"id":888632,"date":"2024-02-13T18:12:59","date_gmt":"2024-02-13T17:12:59","guid":{"rendered":"https:\/\/bringers.app\/shop\/?post_type=product&#038;p=888632"},"modified":"2024-12-14T11:02:13","modified_gmt":"2024-12-14T10:02:13","slug":"led-lampe-brother-bamboo-105-x-o-110-mm-weiss-4-stueck-karton-4-x-1-stueck","status":"publish","type":"product","link":"https:\/\/bringers.app\/shop\/produkt\/led-lampe-brother-bamboo-105-x-o-110-mm-weiss-4-stueck-karton-4-x-1-stueck\/","title":{"rendered":"LED-Lampe Brother Bamboo 105 x \u00d8 110 mm Wei\u00df 4 St\u00fcck\/Karton (4 x 1 St\u00fcck)"},"content":{"rendered":"<p>Einzigartiges Konzept, das f\u00fcr Profis entwickelt wurde. Basierend auf einer innovativen Verriegelungsplatte oder mit funktionaler Klemme, um den Platz auf dem Tisch und anderen Oberfl\u00e4chen zu maximieren. LED-Kerzen sind nicht im Lieferumfang enthalten. DATENBLATT: <a href=\"https:\/\/bringers.app\/shop\/wp-content\/uploads\/2024\/02\/188170_en.pdf\">Deutsch<\/a> \/ <a href=\"https:\/\/bringers.app\/shop\/wp-content\/uploads\/2024\/02\/188170_en-1.pdf\">Englisch<\/a><\/p>\n","protected":false},"excerpt":{"rendered":"<p>St\u00fcckpreis: 14,92 \u20ac<\/p>\n<p>USP:<br \/>\n\u2022 Verriegelungsplatte verringert das Diebstahlrisiko<br \/>\n\u2022 Einfach zu bedienen<br \/>\n\u2022 Kombinieren Sie unsere einzigartigen Designfamilien<\/p>\n","protected":false},"featured_media":888638,"comment_status":"open","ping_status":"closed","template":"","meta":{"_et_pb_use_builder":"","_et_pb_old_content":"","_et_gb_content_width":""},"product_cat":[233,15],"product_tag":[],"class_list":{"0":"post-888632","1":"product","2":"type-product","3":"status-publish","4":"has-post-thumbnail","6":"product_cat-led-lampen","7":"product_cat-tischzubehoer","9":"first","10":"instock","11":"taxable","12":"shipping-taxable","13":"purchasable","14":"product-type-simple"},"yoast_head":"<!-- This site is optimized with the Yoast SEO plugin v22.1 - https:\/\/yoast.com\/wordpress\/plugins\/seo\/ -->\n<title>LED-Lampe Brother Bamboo 105 x \u00d8 110 mm Wei\u00df 4 St\u00fcck\/Karton (4 x 1 St\u00fcck) - BRINGERS Shop<\/title>\n<meta name=\"robots\" content=\"index, follow, max-snippet:-1, max-image-preview:large, max-video-preview:-1\" \/>\n<link rel=\"canonical\" href=\"https:\/\/bringers.app\/shop\/produkt\/led-lampe-brother-bamboo-105-x-o-110-mm-weiss-4-stueck-karton-4-x-1-stueck\/\" \/>\n<meta property=\"og:locale\" content=\"de_DE\" \/>\n<meta property=\"og:type\" content=\"article\" \/>\n<meta property=\"og:title\" content=\"LED-Lampe Brother Bamboo 105 x \u00d8 110 mm Wei\u00df 4 St\u00fcck\/Karton (4 x 1 St\u00fcck) - BRINGERS Shop\" \/>\n<meta property=\"og:description\" content=\"St\u00fcckpreis: 14,92 \u20ac  USP: \u2022 Verriegelungsplatte verringert das Diebstahlrisiko \u2022 Einfach zu bedienen \u2022 Kombinieren Sie unsere einzigartigen Designfamilien\" \/>\n<meta property=\"og:url\" content=\"https:\/\/bringers.app\/shop\/produkt\/led-lampe-brother-bamboo-105-x-o-110-mm-weiss-4-stueck-karton-4-x-1-stueck\/\" \/>\n<meta property=\"og:site_name\" content=\"BRINGERS Shop\" \/>\n<meta property=\"article:modified_time\" content=\"2024-12-14T10:02:13+00:00\" \/>\n<meta property=\"og:image\" content=\"https:\/\/bringers.app\/shop\/wp-content\/uploads\/2024\/02\/188170.jpg\" \/>\n\t<meta property=\"og:image:width\" content=\"1163\" \/>\n\t<meta property=\"og:image:height\" content=\"1200\" \/>\n\t<meta property=\"og:image:type\" content=\"image\/jpeg\" \/>\n<meta name=\"twitter:card\" content=\"summary_large_image\" \/>\n<meta name=\"twitter:label1\" content=\"Gesch\u00e4tzte Lesezeit\" \/>\n\t<meta name=\"twitter:data1\" content=\"1\u00a0Minute\" \/>\n<script type=\"application\/ld+json\" class=\"yoast-schema-graph\">{\"@context\":\"https:\/\/schema.org\",\"@graph\":[{\"@type\":\"WebPage\",\"@id\":\"https:\/\/bringers.app\/shop\/produkt\/led-lampe-brother-bamboo-105-x-o-110-mm-weiss-4-stueck-karton-4-x-1-stueck\/\",\"url\":\"https:\/\/bringers.app\/shop\/produkt\/led-lampe-brother-bamboo-105-x-o-110-mm-weiss-4-stueck-karton-4-x-1-stueck\/\",\"name\":\"LED-Lampe Brother Bamboo 105 x \u00d8 110 mm Wei\u00df 4 St\u00fcck\/Karton (4 x 1 St\u00fcck) - BRINGERS Shop\",\"isPartOf\":{\"@id\":\"https:\/\/bringers.app\/shop\/#website\"},\"datePublished\":\"2024-02-13T17:12:59+00:00\",\"dateModified\":\"2024-12-14T10:02:13+00:00\",\"breadcrumb\":{\"@id\":\"https:\/\/bringers.app\/shop\/produkt\/led-lampe-brother-bamboo-105-x-o-110-mm-weiss-4-stueck-karton-4-x-1-stueck\/#breadcrumb\"},\"inLanguage\":\"de\",\"potentialAction\":[{\"@type\":\"ReadAction\",\"target\":[\"https:\/\/bringers.app\/shop\/produkt\/led-lampe-brother-bamboo-105-x-o-110-mm-weiss-4-stueck-karton-4-x-1-stueck\/\"]}]},{\"@type\":\"BreadcrumbList\",\"@id\":\"https:\/\/bringers.app\/shop\/produkt\/led-lampe-brother-bamboo-105-x-o-110-mm-weiss-4-stueck-karton-4-x-1-stueck\/#breadcrumb\",\"itemListElement\":[{\"@type\":\"ListItem\",\"position\":1,\"name\":\"Startseite\",\"item\":\"https:\/\/bringers.app\/shop\/\"},{\"@type\":\"ListItem\",\"position\":2,\"name\":\"Shop\",\"item\":\"https:\/\/bringers.app\/shop\/shop\/\"},{\"@type\":\"ListItem\",\"position\":3,\"name\":\"LED-Lampe Brother Bamboo 105 x \u00d8 110 mm Wei\u00df 4 St\u00fcck\/Karton (4 x 1 St\u00fcck)\"}]},{\"@type\":\"WebSite\",\"@id\":\"https:\/\/bringers.app\/shop\/#website\",\"url\":\"https:\/\/bringers.app\/shop\/\",\"name\":\"BRINGERS Shop\",\"description\":\"Material f\u00fcr die Lieferung von Lebensmitteln und Ern\u00e4hrungsprodukten\",\"potentialAction\":[{\"@type\":\"SearchAction\",\"target\":{\"@type\":\"EntryPoint\",\"urlTemplate\":\"https:\/\/bringers.app\/shop\/?s={search_term_string}\"},\"query-input\":\"required name=search_term_string\"}],\"inLanguage\":\"de\"}]}<\/script>\n<!-- \/ Yoast SEO plugin. -->","yoast_head_json":{"title":"LED-Lampe Brother Bamboo 105 x \u00d8 110 mm Wei\u00df 4 St\u00fcck\/Karton (4 x 1 St\u00fcck) - BRINGERS Shop","robots":{"index":"index","follow":"follow","max-snippet":"max-snippet:-1","max-image-preview":"max-image-preview:large","max-video-preview":"max-video-preview:-1"},"canonical":"https:\/\/bringers.app\/shop\/produkt\/led-lampe-brother-bamboo-105-x-o-110-mm-weiss-4-stueck-karton-4-x-1-stueck\/","og_locale":"de_DE","og_type":"article","og_title":"LED-Lampe Brother Bamboo 105 x \u00d8 110 mm Wei\u00df 4 St\u00fcck\/Karton (4 x 1 St\u00fcck) - BRINGERS Shop","og_description":"St\u00fcckpreis: 14,92 \u20ac  USP: \u2022 Verriegelungsplatte verringert das Diebstahlrisiko \u2022 Einfach zu bedienen \u2022 Kombinieren Sie unsere einzigartigen Designfamilien","og_url":"https:\/\/bringers.app\/shop\/produkt\/led-lampe-brother-bamboo-105-x-o-110-mm-weiss-4-stueck-karton-4-x-1-stueck\/","og_site_name":"BRINGERS Shop","article_modified_time":"2024-12-14T10:02:13+00:00","og_image":[{"width":1163,"height":1200,"url":"https:\/\/bringers.app\/shop\/wp-content\/uploads\/2024\/02\/188170.jpg","type":"image\/jpeg"}],"twitter_card":"summary_large_image","twitter_misc":{"Gesch\u00e4tzte Lesezeit":"1\u00a0Minute"},"schema":{"@context":"https:\/\/schema.org","@graph":[{"@type":"WebPage","@id":"https:\/\/bringers.app\/shop\/produkt\/led-lampe-brother-bamboo-105-x-o-110-mm-weiss-4-stueck-karton-4-x-1-stueck\/","url":"https:\/\/bringers.app\/shop\/produkt\/led-lampe-brother-bamboo-105-x-o-110-mm-weiss-4-stueck-karton-4-x-1-stueck\/","name":"LED-Lampe Brother Bamboo 105 x \u00d8 110 mm Wei\u00df 4 St\u00fcck\/Karton (4 x 1 St\u00fcck) - BRINGERS Shop","isPartOf":{"@id":"https:\/\/bringers.app\/shop\/#website"},"datePublished":"2024-02-13T17:12:59+00:00","dateModified":"2024-12-14T10:02:13+00:00","breadcrumb":{"@id":"https:\/\/bringers.app\/shop\/produkt\/led-lampe-brother-bamboo-105-x-o-110-mm-weiss-4-stueck-karton-4-x-1-stueck\/#breadcrumb"},"inLanguage":"de","potentialAction":[{"@type":"ReadAction","target":["https:\/\/bringers.app\/shop\/produkt\/led-lampe-brother-bamboo-105-x-o-110-mm-weiss-4-stueck-karton-4-x-1-stueck\/"]}]},{"@type":"BreadcrumbList","@id":"https:\/\/bringers.app\/shop\/produkt\/led-lampe-brother-bamboo-105-x-o-110-mm-weiss-4-stueck-karton-4-x-1-stueck\/#breadcrumb","itemListElement":[{"@type":"ListItem","position":1,"name":"Startseite","item":"https:\/\/bringers.app\/shop\/"},{"@type":"ListItem","position":2,"name":"Shop","item":"https:\/\/bringers.app\/shop\/shop\/"},{"@type":"ListItem","position":3,"name":"LED-Lampe Brother Bamboo 105 x \u00d8 110 mm Wei\u00df 4 St\u00fcck\/Karton (4 x 1 St\u00fcck)"}]},{"@type":"WebSite","@id":"https:\/\/bringers.app\/shop\/#website","url":"https:\/\/bringers.app\/shop\/","name":"BRINGERS Shop","description":"Material f\u00fcr die Lieferung von Lebensmitteln und Ern\u00e4hrungsprodukten","potentialAction":[{"@type":"SearchAction","target":{"@type":"EntryPoint","urlTemplate":"https:\/\/bringers.app\/shop\/?s={search_term_string}"},"query-input":"required name=search_term_string"}],"inLanguage":"de"}]}},"_links":{"self":[{"href":"https:\/\/bringers.app\/shop\/wp-json\/wp\/v2\/product\/888632","targetHints":{"allow":["GET"]}}],"collection":[{"href":"https:\/\/bringers.app\/shop\/wp-json\/wp\/v2\/product"}],"about":[{"href":"https:\/\/bringers.app\/shop\/wp-json\/wp\/v2\/types\/product"}],"replies":[{"embeddable":true,"href":"https:\/\/bringers.app\/shop\/wp-json\/wp\/v2\/comments?post=888632"}],"wp:featuredmedia":[{"embeddable":true,"href":"https:\/\/bringers.app\/shop\/wp-json\/wp\/v2\/media\/888638"}],"wp:attachment":[{"href":"https:\/\/bringers.app\/shop\/wp-json\/wp\/v2\/media?parent=888632"}],"wp:term":[{"taxonomy":"product_cat","embeddable":true,"href":"https:\/\/bringers.app\/shop\/wp-json\/wp\/v2\/product_cat?post=888632"},{"taxonomy":"product_tag","embeddable":true,"href":"https:\/\/bringers.app\/shop\/wp-json\/wp\/v2\/product_tag?post=888632"}],"curies":[{"name":"wp","href":"https:\/\/api.w.org\/{rel}","templated":true}]}}