{"id":888682,"date":"2024-02-26T16:06:21","date_gmt":"2024-02-26T15:06:21","guid":{"rendered":"https:\/\/bringers.app\/shop\/?post_type=product&#038;p=888682"},"modified":"2024-12-14T10:59:57","modified_gmt":"2024-12-14T09:59:57","slug":"suppenbecher-400-ml-weiss-ungeteilt-500-stk-krt-10-x-50-stk","status":"publish","type":"product","link":"https:\/\/bringers.app\/shop\/produkt\/suppenbecher-400-ml-weiss-ungeteilt-500-stk-krt-10-x-50-stk\/","title":{"rendered":"Suppenbecher 400 ml Wei\u00df ungeteilt 500 Stk\/Krt (10 x 50 Stk)"},"content":{"rendered":"<p>MARKE: DUNI<br \/>\nARTIKELGR\u00d6SSE: 400 ml<br \/>\nVOLUMEN (ML): 400 ml<br \/>\nMATERIALQUALIT\u00c4T: Karton PE-beschichtet<br \/>\nUNTERTEILUNG: ungeteilt<br \/>\nHAUPTFARBE: Wei\u00df<br \/>\nSAISON: Ganzjahr<br \/>\nHITZEBEST\u00c4NDIGKEIT: Kaltanwendung, Heissabf\u00fcllung, Mikrowelle<br \/>\nK\u00c4LTEBEST\u00c4NDIGKEIT: K\u00fchlschrank<\/p>\n","protected":false},"excerpt":{"rendered":"<p>St\u00fcckpreis: 0,11 \u20ac<\/p>\n<p>USP:<br \/>\n\u2022 Hergestellt aus nachwachsenden Rohstoffen<br \/>\n\u2022 Ausgezeichnete Stapelbarkeit<br \/>\n\u2022 Wasser- und fettbest\u00e4ndig<br \/>\n\u2022 geeignet f\u00fcr: Kaltanwendung, Heissabf\u00fcllung, Mikrowelle, K\u00fchlschrank<\/p>\n","protected":false},"featured_media":888684,"comment_status":"open","ping_status":"closed","template":"","meta":{"_et_pb_use_builder":"","_et_pb_old_content":"","_et_gb_content_width":""},"product_cat":[48],"product_tag":[],"class_list":{"0":"post-888682","1":"product","2":"type-product","3":"status-publish","4":"has-post-thumbnail","6":"product_cat-suppenbecher-dressingbecher","8":"first","9":"instock","10":"taxable","11":"shipping-taxable","12":"purchasable","13":"product-type-simple"},"yoast_head":"<!-- This site is optimized with the Yoast SEO plugin v22.1 - https:\/\/yoast.com\/wordpress\/plugins\/seo\/ -->\n<title>Suppenbecher 400 ml Wei\u00df ungeteilt 500 Stk\/Krt (10 x 50 Stk) - BRINGERS Shop<\/title>\n<meta name=\"robots\" content=\"index, follow, max-snippet:-1, max-image-preview:large, max-video-preview:-1\" \/>\n<link rel=\"canonical\" href=\"https:\/\/bringers.app\/shop\/produkt\/suppenbecher-400-ml-weiss-ungeteilt-500-stk-krt-10-x-50-stk\/\" \/>\n<meta property=\"og:locale\" content=\"de_DE\" \/>\n<meta property=\"og:type\" content=\"article\" \/>\n<meta property=\"og:title\" content=\"Suppenbecher 400 ml Wei\u00df ungeteilt 500 Stk\/Krt (10 x 50 Stk) - BRINGERS Shop\" \/>\n<meta property=\"og:description\" content=\"St\u00fcckpreis: 0,11 \u20ac  USP: \u2022 Hergestellt aus nachwachsenden Rohstoffen \u2022 Ausgezeichnete Stapelbarkeit \u2022 Wasser- und fettbest\u00e4ndig \u2022 geeignet f\u00fcr: Kaltanwendung, Heissabf\u00fcllung, Mikrowelle, K\u00fchlschrank\" \/>\n<meta property=\"og:url\" content=\"https:\/\/bringers.app\/shop\/produkt\/suppenbecher-400-ml-weiss-ungeteilt-500-stk-krt-10-x-50-stk\/\" \/>\n<meta property=\"og:site_name\" content=\"BRINGERS Shop\" \/>\n<meta property=\"article:modified_time\" content=\"2024-12-14T09:59:57+00:00\" \/>\n<meta property=\"og:image\" content=\"https:\/\/bringers.app\/shop\/wp-content\/uploads\/2024\/02\/201090.jpg\" \/>\n\t<meta property=\"og:image:width\" content=\"1200\" \/>\n\t<meta property=\"og:image:height\" content=\"896\" \/>\n\t<meta property=\"og:image:type\" content=\"image\/jpeg\" \/>\n<meta name=\"twitter:card\" content=\"summary_large_image\" \/>\n<meta name=\"twitter:label1\" content=\"Gesch\u00e4tzte Lesezeit\" \/>\n\t<meta name=\"twitter:data1\" content=\"1\u00a0Minute\" \/>\n<script type=\"application\/ld+json\" class=\"yoast-schema-graph\">{\"@context\":\"https:\/\/schema.org\",\"@graph\":[{\"@type\":\"WebPage\",\"@id\":\"https:\/\/bringers.app\/shop\/produkt\/suppenbecher-400-ml-weiss-ungeteilt-500-stk-krt-10-x-50-stk\/\",\"url\":\"https:\/\/bringers.app\/shop\/produkt\/suppenbecher-400-ml-weiss-ungeteilt-500-stk-krt-10-x-50-stk\/\",\"name\":\"Suppenbecher 400 ml Wei\u00df ungeteilt 500 Stk\/Krt (10 x 50 Stk) - BRINGERS Shop\",\"isPartOf\":{\"@id\":\"https:\/\/bringers.app\/shop\/#website\"},\"datePublished\":\"2024-02-26T15:06:21+00:00\",\"dateModified\":\"2024-12-14T09:59:57+00:00\",\"breadcrumb\":{\"@id\":\"https:\/\/bringers.app\/shop\/produkt\/suppenbecher-400-ml-weiss-ungeteilt-500-stk-krt-10-x-50-stk\/#breadcrumb\"},\"inLanguage\":\"de\",\"potentialAction\":[{\"@type\":\"ReadAction\",\"target\":[\"https:\/\/bringers.app\/shop\/produkt\/suppenbecher-400-ml-weiss-ungeteilt-500-stk-krt-10-x-50-stk\/\"]}]},{\"@type\":\"BreadcrumbList\",\"@id\":\"https:\/\/bringers.app\/shop\/produkt\/suppenbecher-400-ml-weiss-ungeteilt-500-stk-krt-10-x-50-stk\/#breadcrumb\",\"itemListElement\":[{\"@type\":\"ListItem\",\"position\":1,\"name\":\"Startseite\",\"item\":\"https:\/\/bringers.app\/shop\/\"},{\"@type\":\"ListItem\",\"position\":2,\"name\":\"Shop\",\"item\":\"https:\/\/bringers.app\/shop\/shop\/\"},{\"@type\":\"ListItem\",\"position\":3,\"name\":\"Suppenbecher 400 ml Wei\u00df ungeteilt 500 Stk\/Krt (10 x 50 Stk)\"}]},{\"@type\":\"WebSite\",\"@id\":\"https:\/\/bringers.app\/shop\/#website\",\"url\":\"https:\/\/bringers.app\/shop\/\",\"name\":\"BRINGERS Shop\",\"description\":\"Material f\u00fcr die Lieferung von Lebensmitteln und Ern\u00e4hrungsprodukten\",\"potentialAction\":[{\"@type\":\"SearchAction\",\"target\":{\"@type\":\"EntryPoint\",\"urlTemplate\":\"https:\/\/bringers.app\/shop\/?s={search_term_string}\"},\"query-input\":\"required name=search_term_string\"}],\"inLanguage\":\"de\"}]}<\/script>\n<!-- \/ Yoast SEO plugin. -->","yoast_head_json":{"title":"Suppenbecher 400 ml Wei\u00df ungeteilt 500 Stk\/Krt (10 x 50 Stk) - BRINGERS Shop","robots":{"index":"index","follow":"follow","max-snippet":"max-snippet:-1","max-image-preview":"max-image-preview:large","max-video-preview":"max-video-preview:-1"},"canonical":"https:\/\/bringers.app\/shop\/produkt\/suppenbecher-400-ml-weiss-ungeteilt-500-stk-krt-10-x-50-stk\/","og_locale":"de_DE","og_type":"article","og_title":"Suppenbecher 400 ml Wei\u00df ungeteilt 500 Stk\/Krt (10 x 50 Stk) - BRINGERS Shop","og_description":"St\u00fcckpreis: 0,11 \u20ac  USP: \u2022 Hergestellt aus nachwachsenden Rohstoffen \u2022 Ausgezeichnete Stapelbarkeit \u2022 Wasser- und fettbest\u00e4ndig \u2022 geeignet f\u00fcr: Kaltanwendung, Heissabf\u00fcllung, Mikrowelle, K\u00fchlschrank","og_url":"https:\/\/bringers.app\/shop\/produkt\/suppenbecher-400-ml-weiss-ungeteilt-500-stk-krt-10-x-50-stk\/","og_site_name":"BRINGERS Shop","article_modified_time":"2024-12-14T09:59:57+00:00","og_image":[{"width":1200,"height":896,"url":"https:\/\/bringers.app\/shop\/wp-content\/uploads\/2024\/02\/201090.jpg","type":"image\/jpeg"}],"twitter_card":"summary_large_image","twitter_misc":{"Gesch\u00e4tzte Lesezeit":"1\u00a0Minute"},"schema":{"@context":"https:\/\/schema.org","@graph":[{"@type":"WebPage","@id":"https:\/\/bringers.app\/shop\/produkt\/suppenbecher-400-ml-weiss-ungeteilt-500-stk-krt-10-x-50-stk\/","url":"https:\/\/bringers.app\/shop\/produkt\/suppenbecher-400-ml-weiss-ungeteilt-500-stk-krt-10-x-50-stk\/","name":"Suppenbecher 400 ml Wei\u00df ungeteilt 500 Stk\/Krt (10 x 50 Stk) - BRINGERS Shop","isPartOf":{"@id":"https:\/\/bringers.app\/shop\/#website"},"datePublished":"2024-02-26T15:06:21+00:00","dateModified":"2024-12-14T09:59:57+00:00","breadcrumb":{"@id":"https:\/\/bringers.app\/shop\/produkt\/suppenbecher-400-ml-weiss-ungeteilt-500-stk-krt-10-x-50-stk\/#breadcrumb"},"inLanguage":"de","potentialAction":[{"@type":"ReadAction","target":["https:\/\/bringers.app\/shop\/produkt\/suppenbecher-400-ml-weiss-ungeteilt-500-stk-krt-10-x-50-stk\/"]}]},{"@type":"BreadcrumbList","@id":"https:\/\/bringers.app\/shop\/produkt\/suppenbecher-400-ml-weiss-ungeteilt-500-stk-krt-10-x-50-stk\/#breadcrumb","itemListElement":[{"@type":"ListItem","position":1,"name":"Startseite","item":"https:\/\/bringers.app\/shop\/"},{"@type":"ListItem","position":2,"name":"Shop","item":"https:\/\/bringers.app\/shop\/shop\/"},{"@type":"ListItem","position":3,"name":"Suppenbecher 400 ml Wei\u00df ungeteilt 500 Stk\/Krt (10 x 50 Stk)"}]},{"@type":"WebSite","@id":"https:\/\/bringers.app\/shop\/#website","url":"https:\/\/bringers.app\/shop\/","name":"BRINGERS Shop","description":"Material f\u00fcr die Lieferung von Lebensmitteln und Ern\u00e4hrungsprodukten","potentialAction":[{"@type":"SearchAction","target":{"@type":"EntryPoint","urlTemplate":"https:\/\/bringers.app\/shop\/?s={search_term_string}"},"query-input":"required name=search_term_string"}],"inLanguage":"de"}]}},"_links":{"self":[{"href":"https:\/\/bringers.app\/shop\/wp-json\/wp\/v2\/product\/888682","targetHints":{"allow":["GET"]}}],"collection":[{"href":"https:\/\/bringers.app\/shop\/wp-json\/wp\/v2\/product"}],"about":[{"href":"https:\/\/bringers.app\/shop\/wp-json\/wp\/v2\/types\/product"}],"replies":[{"embeddable":true,"href":"https:\/\/bringers.app\/shop\/wp-json\/wp\/v2\/comments?post=888682"}],"wp:featuredmedia":[{"embeddable":true,"href":"https:\/\/bringers.app\/shop\/wp-json\/wp\/v2\/media\/888684"}],"wp:attachment":[{"href":"https:\/\/bringers.app\/shop\/wp-json\/wp\/v2\/media?parent=888682"}],"wp:term":[{"taxonomy":"product_cat","embeddable":true,"href":"https:\/\/bringers.app\/shop\/wp-json\/wp\/v2\/product_cat?post=888682"},{"taxonomy":"product_tag","embeddable":true,"href":"https:\/\/bringers.app\/shop\/wp-json\/wp\/v2\/product_tag?post=888682"}],"curies":[{"name":"wp","href":"https:\/\/api.w.org\/{rel}","templated":true}]}}