{"id":888719,"date":"2024-03-14T16:19:57","date_gmt":"2024-03-14T15:19:57","guid":{"rendered":"https:\/\/bringers.app\/shop\/?post_type=product&#038;p=888719"},"modified":"2025-09-18T07:19:15","modified_gmt":"2025-09-18T05:19:15","slug":"ronda-bowl-short-480-ml-braun-ungeteilt-400-stk-krt-16-x-25-stk","status":"publish","type":"product","link":"https:\/\/bringers.app\/shop\/produkt\/ronda-bowl-short-480-ml-braun-ungeteilt-400-stk-krt-16-x-25-stk\/","title":{"rendered":"Ronda Bowl Short 480 ml Braun ungeteilt 400 Stk\/Krt (16 x 25 Stk)"},"content":{"rendered":"<p>Die Natur ist vielf\u00e4ltig. Diese Vielfalt findet sich auch in der neuen Ronda-Serie wieder, die in vielen Formen und Gr\u00f6\u00dfen erh\u00e4ltlich ist. Das wahrscheinlich vielseitigste nachhaltige Bowl-Angebot auf dem Markt. Die Bowls und Deckel bestehen aus FSC\u2122-zertifizierter Pappe mit einer pflanzlichen PLA-Biokunststoffbeschichtung. Sie sind industriell kompostierbar und k\u00f6nnen ohne grobe Verschmutzungen nach dem Gebrauch als Papier recycelt werden. Die Bowls sind f\u00fcr hei\u00dfe und kalte Speisen geeignet, sie sind fett- und wasserbest\u00e4ndig sowie mikrowellengeeignet. Optional sind transparente Deckel aus 100 % aus post-consumer recyceltem PET (RPET) erh\u00e4ltlich, die nach dem Gebrauch einfach wieder recycelt werden k\u00f6nnen. DATENBLATT: <a href=\"https:\/\/bringers.app\/shop\/wp-content\/uploads\/2024\/03\/196024_de.pdf\">Deutsch<\/a> \/ <a href=\"https:\/\/bringers.app\/shop\/wp-content\/uploads\/2024\/03\/196024_en.pdf\">Englisch<\/a><\/p>\n","protected":false},"excerpt":{"rendered":"<p>St\u00fcckpreis: 0,17 \u20ac<\/p>\n<p>USP:<br \/>\n\u2022 Schalen und Kartondeckel als industriell kompostierbar zertifiziert<br \/>\n\u2022 Schalen und Kartondeckel aus nachwachsendem Material<br \/>\n\u2022 Schalen und Kartondeckel aus FSC\u2122-zertifiziertem Material<br \/>\n\u2022 RPET-Deckel aus 100 % recyceltem Material<br \/>\n\u2022 Schalen und Kartondeckel mit biobasierter Laminierung<br \/>\n\u2022 Ausgezeichnete Stapelbarkeit<br \/>\n\u2022 Wasser- und fettbest\u00e4ndig<\/p>\n","protected":false},"featured_media":888720,"comment_status":"open","ping_status":"closed","template":"","meta":{"_et_pb_use_builder":"","_et_pb_old_content":"","_et_gb_content_width":""},"product_cat":[211,206,57,48],"product_tag":[],"class_list":{"0":"post-888719","1":"product","2":"type-product","3":"status-publish","4":"has-post-thumbnail","6":"product_cat-boxen-schalen","7":"product_cat-papier-boxen-schalen","8":"product_cat-boxen-und-schalen","9":"product_cat-suppenbecher-dressingbecher","11":"first","12":"instock","13":"taxable","14":"shipping-taxable","15":"purchasable","16":"product-type-simple"},"yoast_head":"<!-- This site is optimized with the Yoast SEO plugin v22.1 - https:\/\/yoast.com\/wordpress\/plugins\/seo\/ -->\n<title>Ronda Bowl Short 480 ml Braun ungeteilt 400 Stk\/Krt (16 x 25 Stk) - BRINGERS Shop<\/title>\n<meta name=\"robots\" content=\"index, follow, max-snippet:-1, max-image-preview:large, max-video-preview:-1\" \/>\n<link rel=\"canonical\" href=\"https:\/\/bringers.app\/shop\/produkt\/ronda-bowl-short-480-ml-braun-ungeteilt-400-stk-krt-16-x-25-stk\/\" \/>\n<meta property=\"og:locale\" content=\"de_DE\" \/>\n<meta property=\"og:type\" content=\"article\" \/>\n<meta property=\"og:title\" content=\"Ronda Bowl Short 480 ml Braun ungeteilt 400 Stk\/Krt (16 x 25 Stk) - BRINGERS Shop\" \/>\n<meta property=\"og:description\" content=\"St\u00fcckpreis: 0,17 \u20ac  USP: \u2022 Schalen und Kartondeckel als industriell kompostierbar zertifiziert \u2022 Schalen und Kartondeckel aus nachwachsendem Material \u2022 Schalen und Kartondeckel aus FSC\u2122-zertifiziertem Material \u2022 RPET-Deckel aus 100 % recyceltem Material \u2022 Schalen und Kartondeckel mit biobasierter Laminierung \u2022 Ausgezeichnete Stapelbarkeit \u2022 Wasser- und fettbest\u00e4ndig\" \/>\n<meta property=\"og:url\" content=\"https:\/\/bringers.app\/shop\/produkt\/ronda-bowl-short-480-ml-braun-ungeteilt-400-stk-krt-16-x-25-stk\/\" \/>\n<meta property=\"og:site_name\" content=\"BRINGERS Shop\" \/>\n<meta property=\"article:modified_time\" content=\"2025-09-18T05:19:15+00:00\" \/>\n<meta property=\"og:image\" content=\"https:\/\/bringers.app\/shop\/wp-content\/uploads\/2024\/03\/196024.jpg\" \/>\n\t<meta property=\"og:image:width\" content=\"1200\" \/>\n\t<meta property=\"og:image:height\" content=\"1200\" \/>\n\t<meta property=\"og:image:type\" content=\"image\/jpeg\" \/>\n<meta name=\"twitter:card\" content=\"summary_large_image\" \/>\n<meta name=\"twitter:label1\" content=\"Gesch\u00e4tzte Lesezeit\" \/>\n\t<meta name=\"twitter:data1\" content=\"1\u00a0Minute\" \/>\n<script type=\"application\/ld+json\" class=\"yoast-schema-graph\">{\"@context\":\"https:\/\/schema.org\",\"@graph\":[{\"@type\":\"WebPage\",\"@id\":\"https:\/\/bringers.app\/shop\/produkt\/ronda-bowl-short-480-ml-braun-ungeteilt-400-stk-krt-16-x-25-stk\/\",\"url\":\"https:\/\/bringers.app\/shop\/produkt\/ronda-bowl-short-480-ml-braun-ungeteilt-400-stk-krt-16-x-25-stk\/\",\"name\":\"Ronda Bowl Short 480 ml Braun ungeteilt 400 Stk\/Krt (16 x 25 Stk) - BRINGERS Shop\",\"isPartOf\":{\"@id\":\"https:\/\/bringers.app\/shop\/#website\"},\"datePublished\":\"2024-03-14T15:19:57+00:00\",\"dateModified\":\"2025-09-18T05:19:15+00:00\",\"breadcrumb\":{\"@id\":\"https:\/\/bringers.app\/shop\/produkt\/ronda-bowl-short-480-ml-braun-ungeteilt-400-stk-krt-16-x-25-stk\/#breadcrumb\"},\"inLanguage\":\"de\",\"potentialAction\":[{\"@type\":\"ReadAction\",\"target\":[\"https:\/\/bringers.app\/shop\/produkt\/ronda-bowl-short-480-ml-braun-ungeteilt-400-stk-krt-16-x-25-stk\/\"]}]},{\"@type\":\"BreadcrumbList\",\"@id\":\"https:\/\/bringers.app\/shop\/produkt\/ronda-bowl-short-480-ml-braun-ungeteilt-400-stk-krt-16-x-25-stk\/#breadcrumb\",\"itemListElement\":[{\"@type\":\"ListItem\",\"position\":1,\"name\":\"Startseite\",\"item\":\"https:\/\/bringers.app\/shop\/\"},{\"@type\":\"ListItem\",\"position\":2,\"name\":\"Shop\",\"item\":\"https:\/\/bringers.app\/shop\/shop\/\"},{\"@type\":\"ListItem\",\"position\":3,\"name\":\"Ronda Bowl Short 480 ml Braun ungeteilt 400 Stk\/Krt (16 x 25 Stk)\"}]},{\"@type\":\"WebSite\",\"@id\":\"https:\/\/bringers.app\/shop\/#website\",\"url\":\"https:\/\/bringers.app\/shop\/\",\"name\":\"BRINGERS Shop\",\"description\":\"Material f\u00fcr die Lieferung von Lebensmitteln und Ern\u00e4hrungsprodukten\",\"potentialAction\":[{\"@type\":\"SearchAction\",\"target\":{\"@type\":\"EntryPoint\",\"urlTemplate\":\"https:\/\/bringers.app\/shop\/?s={search_term_string}\"},\"query-input\":\"required name=search_term_string\"}],\"inLanguage\":\"de\"}]}<\/script>\n<!-- \/ Yoast SEO plugin. -->","yoast_head_json":{"title":"Ronda Bowl Short 480 ml Braun ungeteilt 400 Stk\/Krt (16 x 25 Stk) - BRINGERS Shop","robots":{"index":"index","follow":"follow","max-snippet":"max-snippet:-1","max-image-preview":"max-image-preview:large","max-video-preview":"max-video-preview:-1"},"canonical":"https:\/\/bringers.app\/shop\/produkt\/ronda-bowl-short-480-ml-braun-ungeteilt-400-stk-krt-16-x-25-stk\/","og_locale":"de_DE","og_type":"article","og_title":"Ronda Bowl Short 480 ml Braun ungeteilt 400 Stk\/Krt (16 x 25 Stk) - BRINGERS Shop","og_description":"St\u00fcckpreis: 0,17 \u20ac  USP: \u2022 Schalen und Kartondeckel als industriell kompostierbar zertifiziert \u2022 Schalen und Kartondeckel aus nachwachsendem Material \u2022 Schalen und Kartondeckel aus FSC\u2122-zertifiziertem Material \u2022 RPET-Deckel aus 100 % recyceltem Material \u2022 Schalen und Kartondeckel mit biobasierter Laminierung \u2022 Ausgezeichnete Stapelbarkeit \u2022 Wasser- und fettbest\u00e4ndig","og_url":"https:\/\/bringers.app\/shop\/produkt\/ronda-bowl-short-480-ml-braun-ungeteilt-400-stk-krt-16-x-25-stk\/","og_site_name":"BRINGERS Shop","article_modified_time":"2025-09-18T05:19:15+00:00","og_image":[{"width":1200,"height":1200,"url":"https:\/\/bringers.app\/shop\/wp-content\/uploads\/2024\/03\/196024.jpg","type":"image\/jpeg"}],"twitter_card":"summary_large_image","twitter_misc":{"Gesch\u00e4tzte Lesezeit":"1\u00a0Minute"},"schema":{"@context":"https:\/\/schema.org","@graph":[{"@type":"WebPage","@id":"https:\/\/bringers.app\/shop\/produkt\/ronda-bowl-short-480-ml-braun-ungeteilt-400-stk-krt-16-x-25-stk\/","url":"https:\/\/bringers.app\/shop\/produkt\/ronda-bowl-short-480-ml-braun-ungeteilt-400-stk-krt-16-x-25-stk\/","name":"Ronda Bowl Short 480 ml Braun ungeteilt 400 Stk\/Krt (16 x 25 Stk) - BRINGERS Shop","isPartOf":{"@id":"https:\/\/bringers.app\/shop\/#website"},"datePublished":"2024-03-14T15:19:57+00:00","dateModified":"2025-09-18T05:19:15+00:00","breadcrumb":{"@id":"https:\/\/bringers.app\/shop\/produkt\/ronda-bowl-short-480-ml-braun-ungeteilt-400-stk-krt-16-x-25-stk\/#breadcrumb"},"inLanguage":"de","potentialAction":[{"@type":"ReadAction","target":["https:\/\/bringers.app\/shop\/produkt\/ronda-bowl-short-480-ml-braun-ungeteilt-400-stk-krt-16-x-25-stk\/"]}]},{"@type":"BreadcrumbList","@id":"https:\/\/bringers.app\/shop\/produkt\/ronda-bowl-short-480-ml-braun-ungeteilt-400-stk-krt-16-x-25-stk\/#breadcrumb","itemListElement":[{"@type":"ListItem","position":1,"name":"Startseite","item":"https:\/\/bringers.app\/shop\/"},{"@type":"ListItem","position":2,"name":"Shop","item":"https:\/\/bringers.app\/shop\/shop\/"},{"@type":"ListItem","position":3,"name":"Ronda Bowl Short 480 ml Braun ungeteilt 400 Stk\/Krt (16 x 25 Stk)"}]},{"@type":"WebSite","@id":"https:\/\/bringers.app\/shop\/#website","url":"https:\/\/bringers.app\/shop\/","name":"BRINGERS Shop","description":"Material f\u00fcr die Lieferung von Lebensmitteln und Ern\u00e4hrungsprodukten","potentialAction":[{"@type":"SearchAction","target":{"@type":"EntryPoint","urlTemplate":"https:\/\/bringers.app\/shop\/?s={search_term_string}"},"query-input":"required name=search_term_string"}],"inLanguage":"de"}]}},"_links":{"self":[{"href":"https:\/\/bringers.app\/shop\/wp-json\/wp\/v2\/product\/888719","targetHints":{"allow":["GET"]}}],"collection":[{"href":"https:\/\/bringers.app\/shop\/wp-json\/wp\/v2\/product"}],"about":[{"href":"https:\/\/bringers.app\/shop\/wp-json\/wp\/v2\/types\/product"}],"replies":[{"embeddable":true,"href":"https:\/\/bringers.app\/shop\/wp-json\/wp\/v2\/comments?post=888719"}],"wp:featuredmedia":[{"embeddable":true,"href":"https:\/\/bringers.app\/shop\/wp-json\/wp\/v2\/media\/888720"}],"wp:attachment":[{"href":"https:\/\/bringers.app\/shop\/wp-json\/wp\/v2\/media?parent=888719"}],"wp:term":[{"taxonomy":"product_cat","embeddable":true,"href":"https:\/\/bringers.app\/shop\/wp-json\/wp\/v2\/product_cat?post=888719"},{"taxonomy":"product_tag","embeddable":true,"href":"https:\/\/bringers.app\/shop\/wp-json\/wp\/v2\/product_tag?post=888719"}],"curies":[{"name":"wp","href":"https:\/\/api.w.org\/{rel}","templated":true}]}}